{"id":94,"date":"2023-02-26T17:56:12","date_gmt":"2023-02-26T10:56:12","guid":{"rendered":"https:\/\/sachgiakho.com\/?post_type=product&#038;p=94"},"modified":"2023-02-26T17:56:12","modified_gmt":"2023-02-26T10:56:12","slug":"hanh-tinh-cua-mot-ke-nghi-nhieu","status":"publish","type":"product","link":"https:\/\/sachgiakho.com\/index.php\/product\/hanh-tinh-cua-mot-ke-nghi-nhieu\/","title":{"rendered":"H\u00e0nh tinh c\u1ee7a m\u1ed9t k\u1ebb ngh\u0129 nhi\u1ec1u"},"content":{"rendered":"<p>H\u00e0nh tinh c\u1ee7a m\u1ed9t k\u1ebb ngh\u0129 nhi\u1ec1u cu\u1ed1n s\u00e1ch \u0111\u01b0\u1ee3c b\u00e1n tr\u00ean sachgiakho.com<br \/>\nH\u00e0nh tinh c\u1ee7a m\u1ed9t k\u1ebb ngh\u0129 nhi\u1ec1u\u00a0l\u00e0 m\u1ed9t th\u1ebf gi\u1edbi \u0111\u1ea7y \u00e1p l\u1ef1c v\u00e0 b\u1ea5t \u1ed5n. Trong m\u00f9a h\u00e8 n\u0103m 2020, khi th\u1ebf gi\u1edbi \u0111\u1ed1i m\u1eb7t v\u1edbi \u0111\u1ea1i d\u1ecbch COVID-19 v\u00e0 t\u00ecnh tr\u1ea1ng th\u1ea5t nghi\u1ec7p ng\u00e0y c\u00e0ng gia t\u0103ng, nh\u1eefng suy ngh\u0129 c\u1ee7a m\u1ed9t ng\u01b0\u1eddi tr\u1ebb tr\u1edf n\u00ean \u0111\u1eb7c bi\u1ec7t n\u1eb7ng n\u1ec1 v\u00e0 lo l\u1eafng. M\u1ed9t chuy\u1ebfn bay \u0111\u1ea7y r\u1ee7i ro \u0111\u1ec3 tr\u1ed1n tho\u00e1t kh\u1ecfi d\u1ecbch b\u1ec7nh, c\u00f9ng v\u1edbi nh\u1eefng gi\u1ea5c m\u01a1 kh\u00f4ng th\u1ec3 th\u1ef1c hi\u1ec7n, \u0111\u1ec1u khi\u1ebfn con ng\u01b0\u1eddi n\u00e0y c\u1ea3m th\u1ea5y bu\u1ed3n ch\u00e1n v\u00e0 tuy\u1ec7t v\u1ecdng.<\/p>\n<p>M\u1ed7i \u0111\u00eam, h\u00e0nh tinh c\u1ee7a k\u1ebb ngh\u0129 nhi\u1ec1u tr\u1edf n\u00ean t\u1ed1i t\u0103m v\u00e0 \u0111\u1ea7y \u00e1p l\u1ef1c khi anh ta ph\u1ea3i \u0111\u1ed1i m\u1eb7t v\u1edbi nh\u1eefng th\u00e1ch th\u1ee9c c\u1ee7a cu\u1ed9c s\u1ed1ng. Deadline lu\u1eadn v\u0103n, th\u1ea5t nghi\u1ec7p, c\u01a1 h\u1ed9i th\u1ef1c t\u1eadp b\u1ecf l\u1ee1, h\u1ecdc t\u1eadp ch\u01b0a \u0111\u1ee7 t\u1ed1t&#8230; T\u1ea5t c\u1ea3 nh\u1eefng \u0111i\u1ec1u n\u00e0y khi\u1ebfn anh ta tr\u1ea7m c\u1ea3m v\u00e0 t\u1ef1 h\u1ecfi li\u1ec7u m\u00ecnh c\u00f3 th\u1ef1c s\u1ef1 \u0111\u1ee7 n\u0103ng l\u1ef1c \u0111\u1ec3 v\u01b0\u1ee3t qua nh\u1eefng th\u1eed th\u00e1ch n\u00e0y hay kh\u00f4ng.<br \/>\n<img loading=\"lazy\" decoding=\"async\" class=\"alignnone size-full wp-image-95\" src=\"https:\/\/sachgiakho.com\/wp-content\/uploads\/2023\/02\/tinywow_hanh-tinh-cua-mot-ke-nghi-nhieu.jpg\" alt=\"sachgiakho.com\" width=\"300\" height=\"300\" srcset=\"https:\/\/sachgiakho.com\/wp-content\/uploads\/2023\/02\/tinywow_hanh-tinh-cua-mot-ke-nghi-nhieu.jpg 300w, https:\/\/sachgiakho.com\/wp-content\/uploads\/2023\/02\/tinywow_hanh-tinh-cua-mot-ke-nghi-nhieu-100x100.jpg 100w, https:\/\/sachgiakho.com\/wp-content\/uploads\/2023\/02\/tinywow_hanh-tinh-cua-mot-ke-nghi-nhieu-150x150.jpg 150w\" sizes=\"auto, (max-width: 300px) 100vw, 300px\" \/><\/p>\n<p>Tuy nhi\u00ean, h\u00e0nh tinh c\u1ee7a k\u1ebb ngh\u0129 nhi\u1ec1u kh\u00f4ng ch\u1ec9 \u0111\u1ea7y lo l\u1eafng v\u00e0 s\u1ee3 h\u00e3i, m\u00e0 c\u00f2n ch\u1ee9a \u0111\u1ef1ng nh\u1eefng c\u1ea3m x\u00fac ph\u1ee9c t\u1ea1p v\u00e0 \u0111a d\u1ea1ng. C\u1ea3m gi\u00e1c c\u00f4 \u0111\u01a1n v\u00e0 b\u1ea5t an, nh\u01b0ng \u0111\u1ed3ng th\u1eddi c\u0169ng c\u00f3 s\u1ef1 hi v\u1ecdng v\u00e0 hy v\u1ecdng. M\u1ed9t th\u1ebf gi\u1edbi \u0111\u1ea7y nh\u1eefng suy ngh\u0129, t\u00e2m tr\u1ea1ng v\u00e0 c\u1ea3m x\u00fac, m\u1ed9t th\u1ebf gi\u1edbi m\u00e0 ch\u1ec9 nh\u1eefng ng\u01b0\u1eddi c\u00f3 tr\u00e1i tim v\u00e0 t\u00e2m h\u1ed3n nh\u1ea1y c\u1ea3m m\u1edbi c\u00f3 th\u1ec3 hi\u1ec3u r\u00f5.<\/p>\n<p>\u0110\u1ec3 kh\u00e1m ph\u00e1 h\u00e0nh tinh n\u00e0y, Amateur Psychology &#8211; Tay m\u01a1 h\u1ecdc \u0111\u1eddi b\u1eb1ng T\u00e2m l\u00fd h\u1ecdc l\u00e0 m\u1ed9t ngu\u1ed3n t\u00e0i nguy\u00ean tuy\u1ec7t v\u1eddi. Nh\u1eefng chia s\u1ebb v\u00e0 ki\u1ebfn th\u1ee9c t\u1eeb t\u00e1c gi\u1ea3 s\u1ebd gi\u00fap b\u1ea1n hi\u1ec3u r\u00f5 h\u01a1n v\u1ec1 b\u1ea3n th\u00e2n v\u00e0 \u0111\u01b0a b\u1ea1n \u0111\u1ebfn t\u1eebng g\u00f3c khu\u1ea5t c\u1ee7a h\u00e0nh tinh n\u00e0y. N\u1ebfu b\u1ea1n c\u0169ng l\u00e0 m\u1ed9t k\u1ebb ngh\u0129 nhi\u1ec1u, h\u00e3y \u0111\u00f3n ch\u00e0o s\u1ef1 kh\u00e1m ph\u00e1 v\u00e0 tham gia v\u00e0o cu\u1ed9c h\u00e0nh tr\u00ecnh \u0111\u1ea7y c\u1ea3m x\u00fac n\u00e0y.<\/p>\n","protected":false},"excerpt":{"rendered":"<p>Kh\u00e1m ph\u00e1 h\u00e0nh tinh n\u00e0y, Amateur Psychology &#8211; Tay m\u01a1 h\u1ecdc \u0111\u1eddi b\u1eb1ng T\u00e2m l\u00fd h\u1ecdc l\u00e0 m\u1ed9t ngu\u1ed3n t\u00e0i nguy\u00ean tuy\u1ec7t v\u1eddi. Nh\u1eefng chia s\u1ebb v\u00e0 ki\u1ebfn th\u1ee9c t\u1eeb t\u00e1c gi\u1ea3 s\u1ebd gi\u00fap b\u1ea1n hi\u1ec3u r\u00f5 h\u01a1n v\u1ec1 b\u1ea3n th\u00e2n v\u00e0 \u0111\u01b0a b\u1ea1n \u0111\u1ebfn t\u1eebng g\u00f3c khu\u1ea5t c\u1ee7a h\u00e0nh tinh n\u00e0y. N\u1ebfu b\u1ea1n c\u0169ng l\u00e0 m\u1ed9t k\u1ebb ngh\u0129 nhi\u1ec1u, h\u00e3y \u0111\u00f3n ch\u00e0o s\u1ef1 kh\u00e1m ph\u00e1 v\u00e0 tham gia v\u00e0o cu\u1ed9c h\u00e0nh tr\u00ecnh \u0111\u1ea7y c\u1ea3m x\u00fac n\u00e0y.<\/p>\n","protected":false},"featured_media":95,"comment_status":"open","ping_status":"closed","template":"","meta":[],"product_cat":[23],"product_tag":[],"class_list":["post-94","product","type-product","status-publish","has-post-thumbnail","hentry","product_cat-sach-tam-ly"],"_links":{"self":[{"href":"https:\/\/sachgiakho.com\/index.php\/wp-json\/wp\/v2\/product\/94","targetHints":{"allow":["GET"]}}],"collection":[{"href":"https:\/\/sachgiakho.com\/index.php\/wp-json\/wp\/v2\/product"}],"about":[{"href":"https:\/\/sachgiakho.com\/index.php\/wp-json\/wp\/v2\/types\/product"}],"replies":[{"embeddable":true,"href":"https:\/\/sachgiakho.com\/index.php\/wp-json\/wp\/v2\/comments?post=94"}],"wp:featuredmedia":[{"embeddable":true,"href":"https:\/\/sachgiakho.com\/index.php\/wp-json\/wp\/v2\/media\/95"}],"wp:attachment":[{"href":"https:\/\/sachgiakho.com\/index.php\/wp-json\/wp\/v2\/media?parent=94"}],"wp:term":[{"taxonomy":"product_cat","embeddable":true,"href":"https:\/\/sachgiakho.com\/index.php\/wp-json\/wp\/v2\/product_cat?post=94"},{"taxonomy":"product_tag","embeddable":true,"href":"https:\/\/sachgiakho.com\/index.php\/wp-json\/wp\/v2\/product_tag?post=94"}],"curies":[{"name":"wp","href":"https:\/\/api.w.org\/{rel}","templated":true}]}}