{"id":90,"date":"2023-02-26T17:42:49","date_gmt":"2023-02-26T10:42:49","guid":{"rendered":"https:\/\/sachgiakho.com\/?post_type=product&#038;p=90"},"modified":"2023-06-17T09:26:42","modified_gmt":"2023-06-17T02:26:42","slug":"doi-ban-ban-khong-song-ai-song-ho","status":"publish","type":"product","link":"https:\/\/sachgiakho.com\/index.php\/product\/doi-ban-ban-khong-song-ai-song-ho\/","title":{"rendered":"\u0110\u1eddi B\u1ea1n, B\u1ea1n Kh\u00f4ng S\u1ed1ng, Ai S\u1ed1ng H\u1ed9"},"content":{"rendered":"<p>Nh\u1eadt B\u1ea3n t\u1eeb l\u00e2u \u0111\u00e3 tr\u1edf th\u00e0nh m\u1ed9t v\u00ed d\u1ee5 \u0111i\u1ec3n h\u00ecnh v\u1ec1 tinh th\u1ea7n t\u1ef1 l\u1ef1c v\u00e0 \u0111\u1ed9c l\u1eadp, khi h\u1ecd \u0111\u00e3 v\u01b0\u1ee3t qua chi\u1ebfn tranh t\u00e0n kh\u1ed1c v\u00e0 c\u00e1c thi\u00ean tai \u0111\u1ec3 tr\u1edf th\u00e0nh m\u1ed9t c\u01b0\u1eddng qu\u1ed1c. \u0110i\u1ec1u quan tr\u1ecdng l\u00e0 tinh th\u1ea7n n\u00e0y \u0111\u00e3 gi\u00fap h\u1ecd s\u1ed1ng s\u00f3t v\u00e0 v\u01b0\u1ee3t qua nh\u1eefng th\u1eed th\u00e1ch kh\u1eafc nghi\u1ec7t trong cu\u1ed9c \u0111\u1eddi.<br \/>\n<img loading=\"lazy\" decoding=\"async\" class=\"alignnone size-full wp-image-91\" src=\"https:\/\/sachgiakho.com\/wp-content\/uploads\/2023\/02\/tinywow_doi-ban-ban-khong-song-ai-song-ho-768x768_14817698.jpg\" alt=\"sachgiakho.com\" width=\"300\" height=\"300\" srcset=\"https:\/\/sachgiakho.com\/wp-content\/uploads\/2023\/02\/tinywow_doi-ban-ban-khong-song-ai-song-ho-768x768_14817698.jpg 300w, https:\/\/sachgiakho.com\/wp-content\/uploads\/2023\/02\/tinywow_doi-ban-ban-khong-song-ai-song-ho-768x768_14817698-100x100.jpg 100w, https:\/\/sachgiakho.com\/wp-content\/uploads\/2023\/02\/tinywow_doi-ban-ban-khong-song-ai-song-ho-768x768_14817698-150x150.jpg 150w\" sizes=\"auto, (max-width: 300px) 100vw, 300px\" \/><\/p>\n<p>Cu\u1ed1n s\u00e1ch &#8220;\u0110\u1eddi b\u1ea1n, b\u1ea1n kh\u00f4ng s\u1ed1ng, ai s\u1ed1ng h\u1ed9?&#8221; c\u1ee7a Kazuko Watanabe \u0111\u00e3 gi\u00fap h\u00e0ng tri\u1ec7u ng\u01b0\u1eddi Ch\u00e2u \u00c1 th\u1ea5u hi\u1ec3u r\u1eb1ng, cu\u1ed9c s\u1ed1ng kh\u00f4ng d\u00e0nh cho h\u1ecd nh\u1eefng th\u1eed th\u00e1ch v\u00f4 ngh\u0129a, m\u00e0 ch\u00fang c\u00f3 m\u1ee5c \u0111\u00edch duy nh\u1ea5t l\u00e0 r\u00e8n luy\u1ec7n h\u1ecd th\u00e0nh m\u1ed9t vi\u00ean kim c\u01b0\u01a1ng t\u1ecfa s\u00e1ng. \u0110i\u1ec1u quan tr\u1ecdng l\u00e0 ch\u00fang ta ph\u1ea3i c\u00f3 t\u1ef1 tin v\u00e0o kh\u1ea3 n\u0103ng c\u1ee7a ch\u00ednh m\u00ecnh v\u00e0 bi\u1ebft l\u1ef1a ch\u1ecdn c\u00e1ch s\u1ed1ng.<\/p>\n<p>S\u1ef1 thay \u0111\u1ed5i b\u1eaft \u0111\u1ea7u t\u1eeb gi\u00e2y ph\u00fat ch\u00fang ta thay \u0111\u1ed5i t\u01b0 duy v\u00e0 h\u00e0nh \u0111\u1ed9ng, v\u00e0 ch\u00fang ta ph\u1ea3i nh\u1eadn th\u1ee9c r\u1eb1ng, ch\u00fang ta l\u00e0 ng\u01b0\u1eddi duy nh\u1ea5t ph\u1ea3i g\u00e1nh v\u00e1c cu\u1ed9c \u0111\u1eddi c\u1ee7a m\u00ecnh. Kh\u00f4ng ai c\u00f3 th\u1ec3 s\u1ed1ng h\u1ed9 ch\u00fang ta. V\u00e0 ch\u00fang ta c\u00f3 quy\u1ec1n l\u1ef1a ch\u1ecdn c\u00e1ch s\u1ed1ng, d\u00f9 xu\u1ea5t th\u00e2n nh\u01b0 th\u1ebf n\u00e0o \u0111i ch\u0103ng n\u1eefa.<\/p>\n<p>V\u1edbi s\u1ee9c h\u00fat truy\u1ec1n c\u1ea3m, cu\u1ed1n s\u00e1ch c\u1ee7a Kazuko Watanabe \u0111\u00e3 truy\u1ec1n c\u1ea3m h\u1ee9ng cho h\u00e0ng tri\u1ec7u \u0111\u1ed9c gi\u1ea3 Ch\u00e2u \u00c1, gi\u00fap h\u1ecd v\u01b0\u1ee3t qua nh\u1eefng \u0111\u1ecbnh ki\u1ebfn x\u00e3 h\u1ed9i v\u00e0 s\u1ed1ng cu\u1ed9c \u0111\u1eddi tr\u1ecdn v\u1eb9n v\u00e0 \u00fd ngh\u0129a. V\u00e0 ch\u00fang ta c\u0169ng c\u00f3 th\u1ec3 h\u1ecdc t\u1eadp t\u1eeb Nh\u1eadt B\u1ea3n v\u00e0 cu\u1ed1n s\u00e1ch n\u00e0y, \u0111\u1ec3 tr\u1edf th\u00e0nh nh\u1eefng ng\u01b0\u1eddi \u0111\u1ed9c l\u1eadp v\u00e0 t\u1ef1 l\u1ef1c trong cu\u1ed9c \u0111\u1eddi. H\u00e3y t\u1ef1 h\u1ecfi b\u1ea3n th\u00e2n, &#8220;\u0110\u1eddi b\u1ea1n, b\u1ea1n kh\u00f4ng s\u1ed1ng, ai s\u1ed1ng h\u1ed9?&#8221; v\u00e0 b\u1eaft \u0111\u1ea7u s\u1ed1ng cho ch\u00ednh m\u00ecnh ngay t\u1eeb h\u00f4m nay.<\/p>\n","protected":false},"excerpt":{"rendered":"<p>Cu\u1ed1n s\u00e1ch &#8220;\u0110\u1eddi b\u1ea1n, b\u1ea1n kh\u00f4ng s\u1ed1ng, ai s\u1ed1ng h\u1ed9?&#8221; c\u1ee7a Kazuko Watanabe \u0111\u00e3 gi\u00fap h\u00e0ng tri\u1ec7u ng\u01b0\u1eddi Ch\u00e2u \u00c1 th\u1ea5u hi\u1ec3u r\u1eb1ng, cu\u1ed9c s\u1ed1ng kh\u00f4ng d\u00e0nh cho h\u1ecd nh\u1eefng th\u1eed th\u00e1ch v\u00f4 ngh\u0129a, m\u00e0 ch\u00fang c\u00f3 m\u1ee5c \u0111\u00edch duy nh\u1ea5t l\u00e0 r\u00e8n luy\u1ec7n h\u1ecd th\u00e0nh m\u1ed9t vi\u00ean kim c\u01b0\u01a1ng t\u1ecfa s\u00e1ng. \u0110i\u1ec1u quan tr\u1ecdng l\u00e0 ch\u00fang ta ph\u1ea3i c\u00f3 t\u1ef1 tin v\u00e0o kh\u1ea3 n\u0103ng c\u1ee7a ch\u00ednh m\u00ecnh v\u00e0 bi\u1ebft l\u1ef1a ch\u1ecdn c\u00e1ch s\u1ed1ng.<\/p>\n","protected":false},"featured_media":91,"comment_status":"open","ping_status":"closed","template":"","meta":[],"product_cat":[16,23],"product_tag":[],"class_list":["post-90","product","type-product","status-publish","has-post-thumbnail","hentry","product_cat-sach-phat-trien-tu-duy","product_cat-sach-tam-ly"],"_links":{"self":[{"href":"https:\/\/sachgiakho.com\/index.php\/wp-json\/wp\/v2\/product\/90","targetHints":{"allow":["GET"]}}],"collection":[{"href":"https:\/\/sachgiakho.com\/index.php\/wp-json\/wp\/v2\/product"}],"about":[{"href":"https:\/\/sachgiakho.com\/index.php\/wp-json\/wp\/v2\/types\/product"}],"replies":[{"embeddable":true,"href":"https:\/\/sachgiakho.com\/index.php\/wp-json\/wp\/v2\/comments?post=90"}],"wp:featuredmedia":[{"embeddable":true,"href":"https:\/\/sachgiakho.com\/index.php\/wp-json\/wp\/v2\/media\/91"}],"wp:attachment":[{"href":"https:\/\/sachgiakho.com\/index.php\/wp-json\/wp\/v2\/media?parent=90"}],"wp:term":[{"taxonomy":"product_cat","embeddable":true,"href":"https:\/\/sachgiakho.com\/index.php\/wp-json\/wp\/v2\/product_cat?post=90"},{"taxonomy":"product_tag","embeddable":true,"href":"https:\/\/sachgiakho.com\/index.php\/wp-json\/wp\/v2\/product_tag?post=90"}],"curies":[{"name":"wp","href":"https:\/\/api.w.org\/{rel}","templated":true}]}}