{"id":80,"date":"2023-02-25T17:01:45","date_gmt":"2023-02-25T10:01:45","guid":{"rendered":"https:\/\/sachgiakho.com\/?post_type=product&#038;p=80"},"modified":"2023-06-17T09:26:24","modified_gmt":"2023-06-17T02:26:24","slug":"doc-vi-bat-ky-ai","status":"publish","type":"product","link":"https:\/\/sachgiakho.com\/index.php\/product\/doc-vi-bat-ky-ai\/","title":{"rendered":"\u0110\u1ecdc v\u1ecb b\u1ea5t k\u1ef3 ai"},"content":{"rendered":"<p>Cu\u1ed1n s\u00e1ch \u0110\u1ecdc V\u1ecb B\u1ea5t K\u1ef3 Ai c\u1ee7a t\u00e1c gi\u1ea3 David J. Lieberman l\u00e0 m\u1ed9t cu\u1ed1n s\u00e1ch h\u01b0\u1edbng d\u1eabn v\u1ec1 k\u1ef9 n\u0103ng \u0111\u1ecdc ng\u01b0\u1eddi, gi\u00fap ng\u01b0\u1eddi \u0111\u1ecdc c\u00f3 th\u1ec3 hi\u1ec3u v\u00e0 \u0111\u00e1nh gi\u00e1 t\u00ednh c\u00e1ch, suy ngh\u0129, c\u1ea3m x\u00fac c\u1ee7a ng\u01b0\u1eddi kh\u00e1c th\u00f4ng qua c\u00e1ch h\u00e0nh v\u0103n, c\u1eed ch\u1ec9, ng\u00f4n ng\u1eef phi ng\u00f4n t\u1eeb v\u00e0 th\u1eadm ch\u00ed l\u00e0 s\u1ef1 im l\u1eb7ng.<br \/>\n<img loading=\"lazy\" decoding=\"async\" class=\"alignnone size-full wp-image-81\" src=\"https:\/\/sachgiakho.com\/wp-content\/uploads\/2023\/02\/tinywow_doc-vi-bat-ky-ai.jpg\" alt=\"sachgiakho.com\" width=\"300\" height=\"300\" srcset=\"https:\/\/sachgiakho.com\/wp-content\/uploads\/2023\/02\/tinywow_doc-vi-bat-ky-ai.jpg 300w, https:\/\/sachgiakho.com\/wp-content\/uploads\/2023\/02\/tinywow_doc-vi-bat-ky-ai-100x100.jpg 100w, https:\/\/sachgiakho.com\/wp-content\/uploads\/2023\/02\/tinywow_doc-vi-bat-ky-ai-150x150.jpg 150w\" sizes=\"auto, (max-width: 300px) 100vw, 300px\" \/><\/p>\n<p>Trong ph\u1ea7n 1 c\u1ee7a cu\u1ed1n s\u00e1ch, t\u00e1c gi\u1ea3 gi\u1edbi thi\u1ec7u b\u1ea3y c\u00e2u h\u1ecfi c\u01a1 b\u1ea3n gi\u00fap \u0111\u1ed9c gi\u1ea3 c\u00f3 th\u1ec3 \u0111\u1ecdc ng\u01b0\u1eddi m\u1ed9t c\u00e1ch d\u1ec5 d\u00e0ng v\u00e0 nhanh ch\u00f3ng trong b\u1ea5t k\u1ef3 ho\u00e0n c\u1ea3nh n\u00e0o, bao g\u1ed3m: \u0111ang ngh\u0129 g\u00ec, \u0111ang suy ngh\u0129 v\u1ec1 ai ho\u1eb7c v\u1ec1 m\u1ed9t ch\u1ee7 \u0111\u1ec1 c\u1ee5 th\u1ec3, c\u00f3 s\u1ee9c m\u1ea1nh n\u00e0o \u0111\u00f3 kh\u00f4ng, c\u1ea3m gi\u00e1c c\u1ee7a h\u1ecd l\u00e0 g\u00ec, h\u1ecd \u0111ang c\u00f3 th\u1ec3 l\u00e0m g\u00ec, h\u1ecd mu\u1ed1n g\u00ec, v\u00e0 h\u1ecd \u0111ang \u1edf \u0111\u00e2u trong cu\u1ed9c s\u1ed1ng c\u1ee7a h\u1ecd.<\/p>\n<p>Ph\u1ea7n 2 c\u1ee7a cu\u1ed1n s\u00e1ch cung c\u1ea5p c\u00e1c k\u1ebf ho\u1ea1ch chi ti\u1ebft cho ho\u1ea1t \u0111\u1ed9ng tr\u00ed \u00f3c, gi\u00fap \u0111\u1ed9c gi\u1ea3 hi\u1ec3u \u0111\u01b0\u1ee3c qu\u00e1 tr\u00ecnh ra quy\u1ebft \u0111\u1ecbnh c\u1ee7a ng\u01b0\u1eddi kh\u00e1c. B\u1eb1ng c\u00e1ch \u0111\u1ecdc ng\u01b0\u1eddi kh\u00e1c, ng\u01b0\u1eddi \u0111\u1ecdc c\u00f3 th\u1ec3 ph\u00e1n \u0111o\u00e1n h\u00e0nh x\u1eed v\u00e0 hi\u1ec3u \u0111\u01b0\u1ee3c h\u1ecd c\u00f2n h\u01a1n ch\u00ednh b\u1ea3n th\u00e2n h\u1ecd.<\/p>\n<p>Cu\u1ed1n s\u00e1ch n\u00e0y c\u0169ng cung c\u1ea5p cho \u0111\u1ed9c gi\u1ea3 nh\u1eefng ph\u01b0\u01a1ng ph\u00e1p, k\u1ef9 n\u0103ng v\u00e0 b\u00e0i t\u1eadp \u0111\u1ec3 r\u00e8n luy\u1ec7n v\u00e0 n\u00e2ng cao kh\u1ea3 n\u0103ng \u0111\u1ecdc ng\u01b0\u1eddi c\u1ee7a m\u00ecnh. \u0110i\u1ec1u n\u00e0y gi\u00fap cho \u0111\u1ed9c gi\u1ea3 c\u00f3 th\u1ec3 \u00e1p d\u1ee5ng c\u00e1c k\u1ef9 n\u0103ng n\u00e0y v\u00e0o cu\u1ed9c s\u1ed1ng h\u00e0ng ng\u00e0y, c\u1ea3i thi\u1ec7n m\u1ed1i quan h\u1ec7 v\u1edbi ng\u01b0\u1eddi kh\u00e1c v\u00e0 th\u00e0nh c\u00f4ng h\u01a1n trong c\u00f4ng vi\u1ec7c.<\/p>\n<p>V\u1edbi nh\u1eefng v\u00ed d\u1ee5 v\u00e0 tr\u00edch d\u1eabn trong cu\u1ed1n s\u00e1ch, t\u00e1c gi\u1ea3 \u0111\u00e3 ch\u1ee9ng minh \u0111\u01b0\u1ee3c r\u1eb1ng, vi\u1ec7c \u0111\u1ecdc ng\u01b0\u1eddi l\u00e0 m\u1ed9t k\u1ef9 n\u0103ng c\u00f3 th\u1ec3 r\u00e8n luy\u1ec7n v\u00e0 n\u00e2ng cao, v\u00e0 \u0111\u00f3 l\u00e0 m\u1ed9t c\u00f4ng c\u1ee5 v\u00f4 c\u00f9ng h\u1eefu \u00edch gi\u00fap ch\u00fang ta th\u00e0nh c\u00f4ng trong cu\u1ed9c s\u1ed1ng.<\/p>\n","protected":false},"excerpt":{"rendered":"<p>Cu\u1ed1n s\u00e1ch \u0110\u1ecdc V\u1ecb B\u1ea5t K\u1ef3 Ai c\u1ee7a t\u00e1c gi\u1ea3 David J. Lieberman l\u00e0 m\u1ed9t cu\u1ed1n s\u00e1ch h\u01b0\u1edbng d\u1eabn v\u1ec1 k\u1ef9 n\u0103ng \u0111\u1ecdc ng\u01b0\u1eddi, gi\u00fap ng\u01b0\u1eddi \u0111\u1ecdc c\u00f3 th\u1ec3 hi\u1ec3u v\u00e0 \u0111\u00e1nh gi\u00e1 t\u00ednh c\u00e1ch, suy ngh\u0129, c\u1ea3m x\u00fac c\u1ee7a ng\u01b0\u1eddi kh\u00e1c th\u00f4ng qua c\u00e1ch h\u00e0nh v\u0103n, c\u1eed ch\u1ec9, ng\u00f4n ng\u1eef phi ng\u00f4n t\u1eeb v\u00e0 th\u1eadm ch\u00ed l\u00e0 s\u1ef1 im l\u1eb7ng.<\/p>\n","protected":false},"featured_media":81,"comment_status":"open","ping_status":"closed","template":"","meta":[],"product_cat":[16,23],"product_tag":[],"class_list":["post-80","product","type-product","status-publish","has-post-thumbnail","hentry","product_cat-sach-phat-trien-tu-duy","product_cat-sach-tam-ly"],"_links":{"self":[{"href":"https:\/\/sachgiakho.com\/index.php\/wp-json\/wp\/v2\/product\/80","targetHints":{"allow":["GET"]}}],"collection":[{"href":"https:\/\/sachgiakho.com\/index.php\/wp-json\/wp\/v2\/product"}],"about":[{"href":"https:\/\/sachgiakho.com\/index.php\/wp-json\/wp\/v2\/types\/product"}],"replies":[{"embeddable":true,"href":"https:\/\/sachgiakho.com\/index.php\/wp-json\/wp\/v2\/comments?post=80"}],"wp:featuredmedia":[{"embeddable":true,"href":"https:\/\/sachgiakho.com\/index.php\/wp-json\/wp\/v2\/media\/81"}],"wp:attachment":[{"href":"https:\/\/sachgiakho.com\/index.php\/wp-json\/wp\/v2\/media?parent=80"}],"wp:term":[{"taxonomy":"product_cat","embeddable":true,"href":"https:\/\/sachgiakho.com\/index.php\/wp-json\/wp\/v2\/product_cat?post=80"},{"taxonomy":"product_tag","embeddable":true,"href":"https:\/\/sachgiakho.com\/index.php\/wp-json\/wp\/v2\/product_tag?post=80"}],"curies":[{"name":"wp","href":"https:\/\/api.w.org\/{rel}","templated":true}]}}