{"id":77,"date":"2023-02-25T16:48:37","date_gmt":"2023-02-25T09:48:37","guid":{"rendered":"https:\/\/sachgiakho.com\/?post_type=product&#038;p=77"},"modified":"2023-02-25T16:48:37","modified_gmt":"2023-02-25T09:48:37","slug":"diem-tinh-va-nong-gian","status":"publish","type":"product","link":"https:\/\/sachgiakho.com\/index.php\/product\/diem-tinh-va-nong-gian\/","title":{"rendered":"\u0110i\u1ec1m t\u0129nh v\u00e0 n\u00f3ng gi\u1eadn"},"content":{"rendered":"<p>Sachgiakho.com xin gi\u1edbi thi\u1ec7u v\u1edbi qu\u00fd \u0111\u1ed9c gi\u1ea3 !<br \/>\nCu\u1ed1n s\u00e1ch &#8220;\u0110i\u1ec1m T\u0129nh V\u00e0 N\u00f3ng Gi\u1eadn&#8221; c\u1ee7a t\u00e1c gi\u1ea3 T\u1ea1 Qu\u1ed1c K\u1ebf l\u00e0 m\u1ed9t t\u00e1c ph\u1ea9m \u0111\u1ea7y c\u1ea3m h\u1ee9ng, gi\u00fap cho ch\u00fang ta nh\u1eadn ra t\u00e1c h\u1ea1i c\u1ee7a n\u00f3ng gi\u1eadn trong cu\u1ed9c s\u1ed1ng th\u01b0\u1eddng ng\u00e0y v\u00e0 h\u1ecdc \u0111\u01b0\u1ee3c c\u00e1ch ki\u1ec3m so\u00e1t t\u00e2m tr\u1ea1ng c\u1ee7a b\u1ea3n th\u00e2n. V\u1edbi nh\u1eefng c\u00e2u chuy\u1ec7n c\u1ee5 th\u1ec3 v\u00e0 th\u1ef1c t\u1ebf, t\u00e1c gi\u1ea3 gi\u00fap \u0111\u1ed9c gi\u1ea3 c\u00f3 nh\u1eefng ph\u00fat gi\u00e2y t\u0129nh l\u1eb7ng \u0111\u1ec3 suy ng\u1eabm v\u1ec1 c\u1ea3m x\u00fac c\u1ee7a m\u00ecnh, nh\u1eadn bi\u1ebft r\u00f5 r\u00e0ng h\u01a1n v\u1ec1 nh\u1eefng h\u1eadu qu\u1ea3 c\u1ee7a c\u01a1n gi\u1eadn v\u00e0 c\u00e1ch \u0111\u1ec3 tr\u00e1nh nh\u1eefng sai l\u1ea7m kh\u00f4ng \u0111\u00e1ng c\u00f3.<br \/>\n<img loading=\"lazy\" decoding=\"async\" class=\"alignnone size-full wp-image-78\" src=\"https:\/\/sachgiakho.com\/wp-content\/uploads\/2023\/02\/tinywow_diem-tinh-va-nong-gian-768x768_14748912.jpg\" alt=\"sachgiakho.com\" width=\"300\" height=\"300\" srcset=\"https:\/\/sachgiakho.com\/wp-content\/uploads\/2023\/02\/tinywow_diem-tinh-va-nong-gian-768x768_14748912.jpg 300w, https:\/\/sachgiakho.com\/wp-content\/uploads\/2023\/02\/tinywow_diem-tinh-va-nong-gian-768x768_14748912-100x100.jpg 100w, https:\/\/sachgiakho.com\/wp-content\/uploads\/2023\/02\/tinywow_diem-tinh-va-nong-gian-768x768_14748912-150x150.jpg 150w\" sizes=\"auto, (max-width: 300px) 100vw, 300px\" \/><\/p>\n<p>T\u00e1c gi\u1ea3 T\u1ea1 Qu\u1ed1c K\u1ebf \u0111\u00e3 ch\u1ee9ng minh \u0111\u01b0\u1ee3c r\u1eb1ng, s\u1ef1 \u0111i\u1ec1m t\u0129nh tr\u01b0\u1edbc m\u1ecdi t\u00ecnh hu\u1ed1ng l\u00e0 \u0111i\u1ec1u c\u1ea7n thi\u1ebft \u0111\u1ec3 \u0111\u1ea1t \u0111\u01b0\u1ee3c s\u1ef1 th\u00e0nh c\u00f4ng trong cu\u1ed9c s\u1ed1ng. Vi\u1ec7c ki\u1ec3m so\u00e1t t\u00e2m tr\u1ea1ng v\u00e0 gi\u1ea3m b\u1edbt c\u01a1n gi\u1eadn s\u1ebd gi\u00fap ta tr\u00e1nh \u0111\u01b0\u1ee3c nh\u1eefng sai l\u1ea7m, t\u0103ng c\u01b0\u1eddng s\u1ee9c kh\u1ecfe, s\u1ef1 nghi\u1ec7p v\u00e0 t\u00ecnh c\u1ea3m c\u1ee7a b\u1ea3n th\u00e2n. Cu\u1ed1n s\u00e1ch l\u00e0 m\u1ed9t b\u00e0i h\u1ecdc v\u1ec1 cu\u1ed9c s\u1ed1ng, v\u1ec1 c\u00e1ch h\u1ecdc c\u00e1ch ki\u1ec3m so\u00e1t c\u1ea3m x\u00fac c\u1ee7a b\u1ea3n th\u00e2n \u0111\u1ec3 \u0111\u1ea1t \u0111\u01b0\u1ee3c s\u1ef1 th\u00e0nh c\u00f4ng trong m\u1ecdi m\u1eb7t c\u1ee7a cu\u1ed9c s\u1ed1ng.<\/p>\n<p>&#8220;\u0110i\u1ec1m T\u0129nh V\u00e0 N\u00f3ng Gi\u1eadn&#8221; l\u00e0 cu\u1ed1n s\u00e1ch \u0111\u00e1ng \u0111\u1ecdc, \u0111\u1ea7y \u00fd ngh\u0129a v\u00e0 s\u1ebd gi\u00fap cho b\u1ea1n t\u00ecm \u0111\u01b0\u1ee3c c\u00e1ch s\u1ed1ng \u0111i\u1ec1m t\u0129nh, h\u1ea1nh ph\u00fac h\u01a1n trong cu\u1ed9c s\u1ed1ng. N\u1ebfu b\u1ea1n \u0111ang mu\u1ed1n t\u00ecm hi\u1ec3u v\u1ec1 c\u00e1ch ki\u1ec3m so\u00e1t c\u01a1n gi\u1eadn v\u00e0 t\u00ecm \u0111\u1ebfn s\u1ef1 b\u00ecnh y\u00ean trong t\u00e2m h\u1ed3n, cu\u1ed1n s\u00e1ch n\u00e0y ch\u1eafc ch\u1eafn s\u1ebd l\u00e0 m\u1ed9t ngu\u1ed3n c\u1ea3m h\u1ee9ng \u0111\u00e1ng gi\u00e1 \u0111\u1ec3 b\u1ea1n tham kh\u1ea3o.<\/p>\n","protected":false},"excerpt":{"rendered":"<p>&#8220;\u0110i\u1ec1m T\u0129nh V\u00e0 N\u00f3ng Gi\u1eadn&#8221; l\u00e0 cu\u1ed1n s\u00e1ch \u0111\u00e1ng \u0111\u1ecdc, \u0111\u1ea7y \u00fd ngh\u0129a v\u00e0 s\u1ebd gi\u00fap cho b\u1ea1n t\u00ecm \u0111\u01b0\u1ee3c c\u00e1ch s\u1ed1ng \u0111i\u1ec1m t\u0129nh, h\u1ea1nh ph\u00fac h\u01a1n trong cu\u1ed9c s\u1ed1ng. N\u1ebfu b\u1ea1n \u0111ang mu\u1ed1n t\u00ecm hi\u1ec3u v\u1ec1 c\u00e1ch ki\u1ec3m so\u00e1t c\u01a1n gi\u1eadn v\u00e0 t\u00ecm \u0111\u1ebfn s\u1ef1 b\u00ecnh y\u00ean trong t\u00e2m h\u1ed3n, cu\u1ed1n s\u00e1ch n\u00e0y ch\u1eafc ch\u1eafn s\u1ebd l\u00e0 m\u1ed9t ngu\u1ed3n c\u1ea3m h\u1ee9ng \u0111\u00e1ng gi\u00e1 \u0111\u1ec3 b\u1ea1n tham kh\u1ea3o.<\/p>\n","protected":false},"featured_media":78,"comment_status":"open","ping_status":"closed","template":"","meta":[],"product_cat":[23],"product_tag":[],"class_list":["post-77","product","type-product","status-publish","has-post-thumbnail","hentry","product_cat-sach-tam-ly"],"_links":{"self":[{"href":"https:\/\/sachgiakho.com\/index.php\/wp-json\/wp\/v2\/product\/77","targetHints":{"allow":["GET"]}}],"collection":[{"href":"https:\/\/sachgiakho.com\/index.php\/wp-json\/wp\/v2\/product"}],"about":[{"href":"https:\/\/sachgiakho.com\/index.php\/wp-json\/wp\/v2\/types\/product"}],"replies":[{"embeddable":true,"href":"https:\/\/sachgiakho.com\/index.php\/wp-json\/wp\/v2\/comments?post=77"}],"wp:featuredmedia":[{"embeddable":true,"href":"https:\/\/sachgiakho.com\/index.php\/wp-json\/wp\/v2\/media\/78"}],"wp:attachment":[{"href":"https:\/\/sachgiakho.com\/index.php\/wp-json\/wp\/v2\/media?parent=77"}],"wp:term":[{"taxonomy":"product_cat","embeddable":true,"href":"https:\/\/sachgiakho.com\/index.php\/wp-json\/wp\/v2\/product_cat?post=77"},{"taxonomy":"product_tag","embeddable":true,"href":"https:\/\/sachgiakho.com\/index.php\/wp-json\/wp\/v2\/product_tag?post=77"}],"curies":[{"name":"wp","href":"https:\/\/api.w.org\/{rel}","templated":true}]}}