{"id":75,"date":"2023-02-25T16:41:03","date_gmt":"2023-02-25T09:41:03","guid":{"rendered":"https:\/\/sachgiakho.com\/?post_type=product&#038;p=75"},"modified":"2023-03-31T23:10:23","modified_gmt":"2023-03-31T16:10:23","slug":"danh-thuc-con-nguoi-phi-thuong-trong-ban","status":"publish","type":"product","link":"https:\/\/sachgiakho.com\/index.php\/product\/danh-thuc-con-nguoi-phi-thuong-trong-ban\/","title":{"rendered":"\u0110\u00e1nh Th\u1ee9c Con Ng\u01b0\u1eddi Phi Th\u01b0\u1eddng Trong B\u1ea1n"},"content":{"rendered":"<p>Cu\u1ed1n s\u00e1ch &#8220;\u0110\u00e1nh th\u1ee9c con ng\u01b0\u1eddi phi th\u01b0\u1eddng trong b\u1ea1n&#8221; c\u1ee7a t\u00e1c gi\u1ea3 Anthony Robbins l\u00e0 m\u1ed9t trong nh\u1eefng cu\u1ed1n s\u00e1ch ph\u00e1t tri\u1ec3n b\u1ea3n th\u00e2n \u0111\u01b0\u1ee3c y\u00eau th\u00edch nh\u1ea5t trong l\u0129nh v\u1ef1c n\u00e0y. T\u00e1c gi\u1ea3 l\u00e0 m\u1ed9t nh\u00e2n ch\u1ee9ng s\u1ed1ng, m\u1ed9t ng\u01b0\u1eddi \u0111\u00e3 t\u00ecm \u0111\u01b0\u1ee3c s\u1ef1 phi th\u01b0\u1eddng trong ch\u00ednh con ng\u01b0\u1eddi m\u00ecnh. Cu\u1ed1n s\u00e1ch gi\u00fap ng\u01b0\u1eddi \u0111\u1ecdc kh\u00e1m ph\u00e1 gi\u00e1 tr\u1ecb ti\u1ec1m \u1ea9n c\u1ee7a b\u1ea3n th\u00e2n \u0111\u1ec3 t\u1ea1o n\u00ean nh\u1eefng k\u1ebft qu\u1ea3 ch\u00ednh m\u00ecnh kh\u00f4ng ng\u1edd \u0111\u1ebfn.<br \/>\n<img loading=\"lazy\" decoding=\"async\" class=\"alignnone size-full wp-image-76\" src=\"https:\/\/sachgiakho.com\/wp-content\/uploads\/2023\/02\/tinywow_danh-thuc-con-nguoi-phi-thuong-trong-ban_14748550.jpg\" alt=\"sachgiakho.com\" width=\"300\" height=\"300\" srcset=\"https:\/\/sachgiakho.com\/wp-content\/uploads\/2023\/02\/tinywow_danh-thuc-con-nguoi-phi-thuong-trong-ban_14748550.jpg 300w, https:\/\/sachgiakho.com\/wp-content\/uploads\/2023\/02\/tinywow_danh-thuc-con-nguoi-phi-thuong-trong-ban_14748550-100x100.jpg 100w, https:\/\/sachgiakho.com\/wp-content\/uploads\/2023\/02\/tinywow_danh-thuc-con-nguoi-phi-thuong-trong-ban_14748550-150x150.jpg 150w\" sizes=\"auto, (max-width: 300px) 100vw, 300px\" \/><\/p>\n<p>Anthony Robbins l\u00e0 m\u1ed9t doanh nh\u00e2n th\u00e0nh \u0111\u1ea1t, s\u00e1ng l\u1eadp, \u0111i\u1ec1u h\u00e0nh 9 c\u00f4ng ty v\u00e0 l\u00e0 m\u1ed9t trong nh\u1eefng t\u00e1c gi\u1ea3 c\u00f3 s\u00e1ch b\u00e1n ch\u1ea1y nh\u1ea5t to\u00e0n c\u1ea7u. \u00d4ng \u0111\u00e3 c\u1ed1 v\u1ea5n cho c\u00e1c chuy\u00ean vi\u00ean qu\u1ea3n tr\u1ecb c\u1ee7a IBM, AT&amp;T, American Express, McDonnell-Douglas. Trong cu\u1ed1n s\u00e1ch, \u00f4ng chia s\u1ebb nh\u1eefng b\u00ed quy\u1ebft th\u00e0nh c\u00f4ng c\u1ee7a m\u00ecnh v\u00e0 nh\u1eefng k\u1ef9 thu\u1eadt \u0111\u1ec3 t\u1eadn d\u1ee5ng s\u1ee9c m\u1ea1nh b\u00ean trong.<\/p>\n<p>Cu\u1ed1n s\u00e1ch \u0111\u01b0\u1ee3c vi\u1ebft d\u1ef1a tr\u00ean 3 nguy\u00ean t\u1eafc n\u1ec1n t\u1ea3ng t\u1ea1o ra s\u1ef1 thay \u0111\u1ed5i b\u1ec1n v\u1eefng, \u0111\u00f3 l\u00e0 n\u00e2ng t\u1ea7m b\u1ea3n th\u00e2n, thay \u0111\u1ed5i ni\u1ec1m tin h\u1ea1n h\u1eb9p v\u1ec1 b\u1ea3n th\u00e2n, v\u00e0 thay \u0111\u1ed5i chi\u1ebfn l\u01b0\u1ee3c. T\u00e1c gi\u1ea3 c\u0169ng chia k\u1ef9 n\u0103ng cu\u1ed9c s\u1ed1ng th\u00e0nh 5 kh\u00eda c\u1ea1nh \u0111\u1ec3 ng\u01b0\u1eddi \u0111\u1ecdc c\u00f3 th\u1ec3 d\u1ec5 d\u00e0ng c\u1ea3i thi\u1ec7n v\u00e0 ph\u00e1t tri\u1ec3n: l\u00e0m ch\u1ee7 c\u1ea3m x\u00fac, l\u00e0m ch\u1ee7 c\u01a1 th\u1ec3, t\u1ea1o d\u1ef1ng v\u00e0 duy tr\u00ec m\u1ed1i quan h\u1ec7, qu\u1ea3n l\u00fd t\u00e0i ch\u00ednh v\u00e0 l\u00e0m ch\u1ee7 th\u1eddi gian.<\/p>\n<p>Cu\u1ed1n s\u00e1ch &#8220;\u0110\u00e1nh th\u1ee9c con ng\u01b0\u1eddi phi th\u01b0\u1eddng trong b\u1ea1n&#8221; c\u1ee7a Anthony Robbins s\u1ebd l\u00e0 m\u1ed9t ngu\u1ed3n c\u1ea3m h\u1ee9ng v\u00e0 ki\u1ebfn th\u1ee9c h\u1eefu \u00edch cho nh\u1eefng ai mu\u1ed1n t\u00ecm hi\u1ec3u v\u00e0 ph\u00e1t tri\u1ec3n b\u1ea3n th\u00e2n m\u1ed9t c\u00e1ch to\u00e0n di\u1ec7n.<\/p>\n","protected":false},"excerpt":{"rendered":"<p>Cu\u1ed1n s\u00e1ch &#8220;\u0110\u00e1nh th\u1ee9c con ng\u01b0\u1eddi phi th\u01b0\u1eddng trong b\u1ea1n&#8221; c\u1ee7a t\u00e1c gi\u1ea3 Anthony Robbins l\u00e0 m\u1ed9t trong nh\u1eefng cu\u1ed1n s\u00e1ch ph\u00e1t tri\u1ec3n b\u1ea3n th\u00e2n \u0111\u01b0\u1ee3c y\u00eau th\u00edch nh\u1ea5t trong l\u0129nh v\u1ef1c n\u00e0y. T\u00e1c gi\u1ea3 l\u00e0 m\u1ed9t nh\u00e2n ch\u1ee9ng s\u1ed1ng, m\u1ed9t ng\u01b0\u1eddi \u0111\u00e3 t\u00ecm \u0111\u01b0\u1ee3c s\u1ef1 phi th\u01b0\u1eddng trong ch\u00ednh con ng\u01b0\u1eddi m\u00ecnh. Cu\u1ed1n s\u00e1ch gi\u00fap ng\u01b0\u1eddi \u0111\u1ecdc kh\u00e1m ph\u00e1 gi\u00e1 tr\u1ecb ti\u1ec1m \u1ea9n c\u1ee7a b\u1ea3n th\u00e2n \u0111\u1ec3 t\u1ea1o n\u00ean nh\u1eefng k\u1ebft qu\u1ea3 ch\u00ednh m\u00ecnh kh\u00f4ng ng\u1edd \u0111\u1ebfn.<\/p>\n","protected":false},"featured_media":76,"comment_status":"open","ping_status":"closed","template":"","meta":[],"product_cat":[16],"product_tag":[],"class_list":["post-75","product","type-product","status-publish","has-post-thumbnail","hentry","product_cat-sach-phat-trien-tu-duy"],"_links":{"self":[{"href":"https:\/\/sachgiakho.com\/index.php\/wp-json\/wp\/v2\/product\/75","targetHints":{"allow":["GET"]}}],"collection":[{"href":"https:\/\/sachgiakho.com\/index.php\/wp-json\/wp\/v2\/product"}],"about":[{"href":"https:\/\/sachgiakho.com\/index.php\/wp-json\/wp\/v2\/types\/product"}],"replies":[{"embeddable":true,"href":"https:\/\/sachgiakho.com\/index.php\/wp-json\/wp\/v2\/comments?post=75"}],"wp:featuredmedia":[{"embeddable":true,"href":"https:\/\/sachgiakho.com\/index.php\/wp-json\/wp\/v2\/media\/76"}],"wp:attachment":[{"href":"https:\/\/sachgiakho.com\/index.php\/wp-json\/wp\/v2\/media?parent=75"}],"wp:term":[{"taxonomy":"product_cat","embeddable":true,"href":"https:\/\/sachgiakho.com\/index.php\/wp-json\/wp\/v2\/product_cat?post=75"},{"taxonomy":"product_tag","embeddable":true,"href":"https:\/\/sachgiakho.com\/index.php\/wp-json\/wp\/v2\/product_tag?post=75"}],"curies":[{"name":"wp","href":"https:\/\/api.w.org\/{rel}","templated":true}]}}