{"id":73,"date":"2023-02-25T16:33:59","date_gmt":"2023-02-25T09:33:59","guid":{"rendered":"https:\/\/sachgiakho.com\/?post_type=product&#038;p=73"},"modified":"2023-06-17T09:26:57","modified_gmt":"2023-06-17T02:26:57","slug":"dai-duong-den","status":"publish","type":"product","link":"https:\/\/sachgiakho.com\/index.php\/product\/dai-duong-den\/","title":{"rendered":"\u0110\u1ea1i d\u01b0\u01a1ng \u0111en"},"content":{"rendered":"<p>\u0110\u1ea1i D\u01b0\u01a1ng \u0110en c\u1ee7a t\u00e1c gi\u1ea3 \u0110\u1eb7ng Ho\u00e0ng Giang l\u00e0 m\u1ed9t cu\u1ed1n s\u00e1ch \u0111\u1ea7y c\u1ea3m x\u00fac, k\u1ec3 v\u1ec1 h\u00e0nh tr\u00ecnh kh\u00f3 kh\u0103n c\u1ee7a ng\u01b0\u1eddi tr\u1ea7m c\u1ea3m v\u00e0 t\u00e1c gi\u1ea3 trong cu\u1ed9c s\u1ed1ng. Cu\u1ed1n s\u00e1ch n\u00e0y mang \u0111\u1ebfn m\u1ed9t c\u00e2u chuy\u1ec7n v\u1ec1 s\u1ef1 \u0111au \u0111\u1edbn v\u00e0 c\u00f4 \u0111\u01a1n c\u1ee7a nh\u1eefng ng\u01b0\u1eddi b\u1ecb t\u01b0\u1edbc \u0111o\u1ea1t quy\u1ec1n s\u1ed1ng v\u1edbi nh\u00e2n ph\u1ea9m, y\u00eau th\u01b0\u01a1ng v\u00e0 h\u1ea1nh ph\u00fac v\u00ec nh\u1eefng \u0111\u1ecbnh ki\u1ebfn v\u00e0 thi\u1ebfu hi\u1ec3u bi\u1ebft c\u1ee7a gia \u0111\u00ecnh v\u00e0 x\u00e3 h\u1ed9i.<br \/>\n<img loading=\"lazy\" decoding=\"async\" class=\"alignnone size-full wp-image-74\" src=\"https:\/\/sachgiakho.com\/wp-content\/uploads\/2023\/02\/tinywow_dai-duong-den.jpg\" alt=\"sachgiakho.com\" width=\"199\" height=\"300\" \/><\/p>\n<p>Cu\u1ed1n s\u00e1ch l\u00e0 m\u1ed9t l\u1eddi k\u00eau g\u1ecdi cho x\u00e3 h\u1ed9i lo\u1ea1i b\u1ecf \u0111\u1ecbnh ki\u1ebfn v\u00e0 cung c\u1ea5p ki\u1ebfn th\u1ee9c c\u0103n b\u1ea3n v\u1ec1 tr\u1ea7m c\u1ea3m. N\u00f3 cung c\u1ea5p th\u00f4ng tin v\u1ec1 c\u00e1ch tr\u1ea7m c\u1ea3m h\u00ecnh th\u00e0nh, t\u00e1c \u0111\u1ed9ng c\u1ee7a n\u00f3 \u0111\u1ebfn t\u00e2m l\u00fd v\u00e0 c\u00e1ch \u0111i\u1ec1u tr\u1ecb. \u0110i\u1ec1u \u0111\u00f3 gi\u00fap cho \u0111\u1ed9c gi\u1ea3 c\u00f3 th\u1ec3 hi\u1ec3u r\u00f5 h\u01a1n v\u1ec1 c\u0103n b\u1ec7nh n\u00e0y, \u0111\u1ed3ng th\u1eddi c\u00f3 th\u1ec3 gi\u00fap cho nh\u1eefng ng\u01b0\u1eddi b\u1ecb tr\u1ea7m c\u1ea3m t\u00ecm ki\u1ebfm gi\u1ea3i ph\u00e1p v\u00e0 s\u1ef1 gi\u00fap \u0111\u1ee1.<\/p>\n<p>\u0110\u1ea1i D\u01b0\u01a1ng \u0110en c\u0169ng l\u00e0 m\u1ed9t t\u00e1c ph\u1ea9m gi\u00e1o d\u1ee5c t\u00e2m l\u00fd r\u1ea5t c\u1ea7n thi\u1ebft cho x\u00e3 h\u1ed9i hi\u1ec7n \u0111\u1ea1i, \u0111\u1eb7c bi\u1ec7t l\u00e0 khi tr\u1ea7m c\u1ea3m \u0111ang tr\u1edf th\u00e0nh m\u1ed9t v\u1ea5n \u0111\u1ec1 ng\u00e0y c\u00e0ng ph\u1ed5 bi\u1ebfn. Cu\u1ed1n s\u00e1ch n\u00e0y l\u00e0 m\u1ed9t l\u1eddi c\u1ea3nh t\u1ec9nh cho m\u1ecdi ng\u01b0\u1eddi, khi\u1ebfn cho ch\u00fang ta c\u00f3 th\u1ec3 nh\u00ecn nh\u1eadn v\u00e0 chia s\u1ebb c\u1ea3m x\u00fac c\u1ee7a nh\u1eefng ng\u01b0\u1eddi b\u1ecb \u1ea3nh h\u01b0\u1edfng b\u1edfi c\u0103n b\u1ec7nh n\u00e0y. N\u00f3 c\u0169ng gi\u00fap ch\u00fang ta h\u1ecdc h\u1ecfi v\u00e0 tr\u01b0\u1edfng th\u00e0nh h\u01a1n trong suy ngh\u0129 v\u00e0 c\u00e1ch x\u1eed l\u00fd t\u00ecnh hu\u1ed1ng trong cu\u1ed9c s\u1ed1ng.<\/p>\n","protected":false},"excerpt":{"rendered":"<p>\u0110\u1ea1i d\u01b0\u01a1ng \u0111en l\u00e0 h\u00e0nh tr\u00ecnh nh\u1eabn n\u1ea1i c\u1ee7a t\u00e1c gi\u1ea3 \u0110\u1eb7ng Ho\u00e0ng Giang c\u00f9ng ng\u01b0\u1eddi tr\u1ea7m c\u1ea3m, k\u1ec3 cho ch\u00fang ta c\u00e2u chuy\u1ec7n v\u1eeba d\u1eef d\u1ed9i v\u1eeba t\u00ea t\u00e1i v\u1ec1 nh\u1eefng s\u1ed1 ph\u1eadn, m\u00e0 v\u00ec \u0111\u1ecbnh ki\u1ebfn v\u00e0 s\u1ef1 thi\u1ebfu hi\u1ec3u bi\u1ebft c\u1ee7a ch\u00ednh gia \u0111\u00ecnh v\u00e0 x\u00e3 h\u1ed9i, \u0111\u00e3 b\u1ecb t\u01b0\u1edbc \u0111i quy\u1ec1n \u0111\u01b0\u1ee3c s\u1ed1ng v\u1edbi nh\u00e2n ph\u1ea9m, \u0111\u01b0\u1ee3c c\u1ed1ng hi\u1ebfn, \u0111\u01b0\u1ee3c y\u00eau th\u01b0\u01a1ng v\u00e0 h\u1ea1nh ph\u00fac.<\/p>\n","protected":false},"featured_media":74,"comment_status":"open","ping_status":"closed","template":"","meta":[],"product_cat":[16,23],"product_tag":[],"class_list":["post-73","product","type-product","status-publish","has-post-thumbnail","hentry","product_cat-sach-phat-trien-tu-duy","product_cat-sach-tam-ly"],"_links":{"self":[{"href":"https:\/\/sachgiakho.com\/index.php\/wp-json\/wp\/v2\/product\/73","targetHints":{"allow":["GET"]}}],"collection":[{"href":"https:\/\/sachgiakho.com\/index.php\/wp-json\/wp\/v2\/product"}],"about":[{"href":"https:\/\/sachgiakho.com\/index.php\/wp-json\/wp\/v2\/types\/product"}],"replies":[{"embeddable":true,"href":"https:\/\/sachgiakho.com\/index.php\/wp-json\/wp\/v2\/comments?post=73"}],"wp:featuredmedia":[{"embeddable":true,"href":"https:\/\/sachgiakho.com\/index.php\/wp-json\/wp\/v2\/media\/74"}],"wp:attachment":[{"href":"https:\/\/sachgiakho.com\/index.php\/wp-json\/wp\/v2\/media?parent=73"}],"wp:term":[{"taxonomy":"product_cat","embeddable":true,"href":"https:\/\/sachgiakho.com\/index.php\/wp-json\/wp\/v2\/product_cat?post=73"},{"taxonomy":"product_tag","embeddable":true,"href":"https:\/\/sachgiakho.com\/index.php\/wp-json\/wp\/v2\/product_tag?post=73"}],"curies":[{"name":"wp","href":"https:\/\/api.w.org\/{rel}","templated":true}]}}