{"id":71,"date":"2023-02-25T11:05:24","date_gmt":"2023-02-25T04:05:24","guid":{"rendered":"https:\/\/sachgiakho.com\/?post_type=product&#038;p=71"},"modified":"2023-04-02T11:02:32","modified_gmt":"2023-04-02T04:02:32","slug":"71","status":"publish","type":"product","link":"https:\/\/sachgiakho.com\/index.php\/product\/71\/","title":{"rendered":"C\u00e2y Cam Ng\u1ecdt C\u1ee7a T\u00f4i"},"content":{"rendered":"<p>C\u00e2y Cam Ng\u1ecdt C\u1ee7a T\u00f4i &#8211; M\u1ed9t t\u00e1c ph\u1ea9m v\u0103n h\u1ecdc kinh \u0111i\u1ec3n c\u1ee7a Brazil, v\u1edbi s\u1ee9c m\u1ea1nh s\u01b0\u1edfi \u1ea5m v\u00e0 l\u00e0m tan n\u00e1t c\u00f5i l\u00f2ng c\u1ee7a m\u1ed9t c\u00e2u chuy\u1ec7n \u0111\u1ea7y c\u1ea3m x\u00fac.<br \/>\nCu\u1ed1n s\u00e1ch gi\u1edbi thi\u1ec7u v\u1edbi ng\u01b0\u1eddi \u0111\u1ecdc v\u1ec1 Zez\u00e9 &#8211; m\u1ed9t c\u1eadu b\u00e9 tinh ngh\u1ecbch v\u00e0 \u0111\u00e1ng y\u00eau b\u1eadc nh\u1ea5t, s\u1ed1ng trong m\u1ed9t x\u00f3m ngo\u1ea1i \u00f4 ngh\u00e8o \u0111\u1ea7y kh\u1eafc kh\u1ed5. Tuy nhi\u00ean, n\u1ed7i \u0111au v\u00e0 b\u1ea5t h\u1ea1nh c\u1ee7a Zez\u00e9 \u0111\u01b0\u1ee3c gi\u1ea3m b\u1edbt khi c\u1eadu t\u00ecm th\u1ea5y ni\u1ec1m vui v\u00e0 ni\u1ec1m hy v\u1ecdng trong c\u00e2y cam ng\u1ecdt c\u1ee7a m\u00ecnh, v\u00e0 trong m\u1ed9t ng\u01b0\u1eddi b\u1ea1n \u0111\u1eb7c bi\u1ec7t \u0111\u00e3 gi\u00fap c\u1eadu hi\u1ec3u r\u00f5 h\u01a1n v\u1ec1 t\u00ecnh b\u1ea1n, t\u00ecnh y\u00eau v\u00e0 cu\u1ed9c s\u1ed1ng. C\u00e2y Cam Ng\u1ecdt C\u1ee7a T\u00f4i s\u1ebd l\u00e0m cho tr\u00e1i tim c\u1ee7a ng\u01b0\u1eddi \u0111\u1ecdc kh\u1eafp th\u1ebf gi\u1edbi rung \u0111\u1ed9ng v\u00e0 th\u1ea5m \u0111\u1ea7y c\u1ea3m x\u00fac, khi nh\u1eadn ra r\u1eb1ng v\u1ebb \u0111\u1eb9p th\u1ef1c s\u1ef1 c\u1ee7a cu\u1ed9c s\u1ed1ng \u0111\u1ebfn t\u1eeb nh\u1eefng \u0111i\u1ec1u gi\u1ea3n d\u1ecb v\u00e0 l\u00f2ng y\u00eau th\u01b0\u01a1ng.<br \/>\n<img loading=\"lazy\" decoding=\"async\" class=\"alignnone size-full wp-image-72\" src=\"https:\/\/sachgiakho.com\/wp-content\/uploads\/2023\/02\/tinywow_cay-cam-ngot.jpg\" alt=\"sachgiakho.com\" width=\"300\" height=\"300\" srcset=\"https:\/\/sachgiakho.com\/wp-content\/uploads\/2023\/02\/tinywow_cay-cam-ngot.jpg 300w, https:\/\/sachgiakho.com\/wp-content\/uploads\/2023\/02\/tinywow_cay-cam-ngot-100x100.jpg 100w, https:\/\/sachgiakho.com\/wp-content\/uploads\/2023\/02\/tinywow_cay-cam-ngot-150x150.jpg 150w\" sizes=\"auto, (max-width: 300px) 100vw, 300px\" \/><\/p>\n<p>\u201cV\u1ecb chua ch\u00e1t c\u1ee7a c\u00e1i ngh\u00e8o h\u00f2a tr\u1ed9n v\u1edbi v\u1ecb ng\u1ecdt ng\u00e0o khi kh\u00e1m ph\u00e1 ra nh\u1eefng \u0111i\u1ec1u khi\u1ebfn cu\u1ed9c \u0111\u1eddi n\u00e0y \u0111\u00e1ng s\u1ed1ng&#8230; m\u1ed9t t\u00e1c ph\u1ea9m kinh \u0111i\u1ec3n c\u1ee7a Brazil.\u201d &#8211; M\u1ed9t \u0111\u1ed9c gi\u1ea3 v\u00f4 danh<\/p>\n<p>\u201cM\u1ed9t c\u00e1ch nh\u00ecn cu\u1ed9c s\u1ed1ng g\u1ea7n nh\u01b0 ho\u00e0n ch\u1ec9nh t\u1eeb con m\u1eaft tr\u1ebb th\u01a1\u2026 c\u00f3 s\u1ee9c m\u1ea1nh s\u01b0\u1edfi \u1ea5m v\u00e0 l\u00e0m tan n\u00e1t c\u00f5i l\u00f2ng, d\u00f9 ng\u01b0\u1eddi \u0111\u1ecdc \u1edf l\u1ee9a tu\u1ed5i n\u00e0o.\u201d<strong>\u00a0<\/strong><\/p>\n","protected":false},"excerpt":{"rendered":"<p>M\u1edf \u0111\u1ea7u b\u1eb1ng nh\u1eefng thanh \u00e2m trong s\u00e1ng v\u00e0 k\u1ebft th\u00fac l\u1eafng l\u1ea1i trong nh\u1eefng n\u1ed1t tr\u1ea7m ho\u00e0i ni\u1ec7m, C\u00e2y cam ng\u1ecdt c\u1ee7a t\u00f4i khi\u1ebfn ta nh\u1eadn ra v\u1ebb \u0111\u1eb9p th\u1ef1c s\u1ef1 c\u1ee7a cu\u1ed9c s\u1ed1ng \u0111\u1ebfn t\u1eeb nh\u1eefng \u0111i\u1ec1u gi\u1ea3n d\u1ecb nh\u01b0 b\u00f4ng hoa tr\u1eafng c\u1ee7a c\u00e1i c\u00e2y sau nh\u00e0, v\u00e0 r\u1eb1ng cu\u1ed9c \u0111\u1eddi th\u1eadt kh\u1ed1n kh\u1ed5 n\u1ebfu thi\u1ebfu \u0111i l\u00f2ng y\u00eau th\u01b0\u01a1ng v\u00e0 ni\u1ec1m tr\u1eafc \u1ea9n. Cu\u1ed1n s\u00e1ch kinh \u0111i\u1ec3n n\u00e0y b\u1edfi th\u1ebf kh\u00f4ng ng\u1eebng khi\u1ebfn tr\u00e1i tim ng\u01b0\u1eddi \u0111\u1ecdc kh\u1eafp th\u1ebf gi\u1edbi th\u1ed5n th\u1ee9c, k\u1ec3 t\u1eeb khi ra m\u1eaft l\u1ea7n \u0111\u1ea7u n\u0103m 1968 t\u1ea1i Brazil.<\/p>\n","protected":false},"featured_media":72,"comment_status":"open","ping_status":"closed","template":"","meta":[],"product_cat":[16,23],"product_tag":[],"class_list":["post-71","product","type-product","status-publish","has-post-thumbnail","hentry","product_cat-sach-phat-trien-tu-duy","product_cat-sach-tam-ly"],"_links":{"self":[{"href":"https:\/\/sachgiakho.com\/index.php\/wp-json\/wp\/v2\/product\/71","targetHints":{"allow":["GET"]}}],"collection":[{"href":"https:\/\/sachgiakho.com\/index.php\/wp-json\/wp\/v2\/product"}],"about":[{"href":"https:\/\/sachgiakho.com\/index.php\/wp-json\/wp\/v2\/types\/product"}],"replies":[{"embeddable":true,"href":"https:\/\/sachgiakho.com\/index.php\/wp-json\/wp\/v2\/comments?post=71"}],"wp:featuredmedia":[{"embeddable":true,"href":"https:\/\/sachgiakho.com\/index.php\/wp-json\/wp\/v2\/media\/72"}],"wp:attachment":[{"href":"https:\/\/sachgiakho.com\/index.php\/wp-json\/wp\/v2\/media?parent=71"}],"wp:term":[{"taxonomy":"product_cat","embeddable":true,"href":"https:\/\/sachgiakho.com\/index.php\/wp-json\/wp\/v2\/product_cat?post=71"},{"taxonomy":"product_tag","embeddable":true,"href":"https:\/\/sachgiakho.com\/index.php\/wp-json\/wp\/v2\/product_tag?post=71"}],"curies":[{"name":"wp","href":"https:\/\/api.w.org\/{rel}","templated":true}]}}