{"id":69,"date":"2023-02-25T10:51:25","date_gmt":"2023-02-25T03:51:25","guid":{"rendered":"https:\/\/sachgiakho.com\/?post_type=product&#038;p=69"},"modified":"2023-04-02T11:02:51","modified_gmt":"2023-04-02T04:02:51","slug":"can-bang-cam-xuc-ca-luc-bao-giong","status":"publish","type":"product","link":"https:\/\/sachgiakho.com\/index.php\/product\/can-bang-cam-xuc-ca-luc-bao-giong\/","title":{"rendered":"C\u00e2n b\u1eb1ng c\u1ea3m x\u00fac c\u1ea3 l\u00fac b\u00e3o gi\u00f4ng"},"content":{"rendered":"<p>Cu\u1ed9c s\u1ed1ng c\u1ee7a ch\u00fang ta \u0111\u1ea7y c\u1ea3m x\u00fac, t\u1eeb nh\u1eefng ni\u1ec1m vui t\u1ed9t \u0111\u1ec9nh cho \u0111\u1ebfn nh\u1eefng c\u01a1n gi\u1eadn d\u1eef kh\u00f3 ch\u1ecbu. Tuy nhi\u00ean, khi ch\u00fang ta \u0111\u1ec3 cho nh\u1eefng c\u1ea3m x\u00fac ti\u00eau c\u1ef1c tr\u00e0n ng\u1eadp v\u00e0 l\u1ea5n \u00e1t, cu\u1ed9c s\u1ed1ng s\u1ebd tr\u1edf n\u00ean \u0111en t\u1ed1i v\u00e0 kh\u00f3 ch\u1ecbu. Ch\u00fang ta s\u1ebd kh\u00f4ng c\u00f2n l\u00e0m ch\u1ee7 \u0111\u01b0\u1ee3c b\u1ea3n th\u00e2n v\u00e0 nh\u1eefng quy\u1ebft \u0111\u1ecbnh c\u1ee7a m\u00ecnh s\u1ebd tr\u1edf n\u00ean m\u1edd nh\u1ea1t v\u00e0 kh\u00f4ng \u0111\u00fang h\u01b0\u1edbng.<\/p>\n<p>V\u00ec v\u1eady, \u0111\u1eebng \u0111\u1ec3 cho c\u1ea3m x\u00fac l\u1ea5n \u00e1t v\u00e0 bi\u1ebfn cu\u1ed9c \u0111\u1eddi b\u1ea1n th\u00e0nh l\u1eadn \u0111\u1eadn. H\u00e3y h\u1ecdc c\u00e1ch c\u00e2n b\u1eb1ng c\u1ea3m x\u00fac v\u00e0 l\u00e0m ch\u1ee7 ch\u00fang. \u0110i\u1ec1u n\u00e0y s\u1ebd gi\u00fap b\u1ea1n tr\u1edf n\u00ean th\u00f4ng minh v\u00e0 s\u00e1ng su\u1ed1t h\u01a1n trong cu\u1ed9c s\u1ed1ng.<br \/>\n<img loading=\"lazy\" decoding=\"async\" class=\"alignnone size-full wp-image-70\" src=\"https:\/\/sachgiakho.com\/wp-content\/uploads\/2023\/02\/tinywow_-can-bang-cam-xuc-ca-luc-bao-giong.jpg\" alt=\"sachgiakho.com\" width=\"300\" height=\"300\" srcset=\"https:\/\/sachgiakho.com\/wp-content\/uploads\/2023\/02\/tinywow_-can-bang-cam-xuc-ca-luc-bao-giong.jpg 300w, https:\/\/sachgiakho.com\/wp-content\/uploads\/2023\/02\/tinywow_-can-bang-cam-xuc-ca-luc-bao-giong-100x100.jpg 100w, https:\/\/sachgiakho.com\/wp-content\/uploads\/2023\/02\/tinywow_-can-bang-cam-xuc-ca-luc-bao-giong-150x150.jpg 150w\" sizes=\"auto, (max-width: 300px) 100vw, 300px\" \/><\/p>\n<p>Cu\u1ed1n s\u00e1ch &#8220;C\u00e2n b\u1eb1ng c\u1ea3m x\u00fac, c\u1ea3 l\u00fac b\u00e3o gi\u00f4ng&#8221; s\u1ebd gi\u00fap b\u1ea1n hi\u1ec3u r\u00f5 h\u01a1n v\u1ec1 b\u1ea3n ch\u1ea5t c\u1ee7a nh\u1eefng c\u1ea3m x\u00fac ti\u00eau c\u1ef1c v\u00e0 nh\u1eefng \u0111i\u1ec1u khi\u1ebfn ch\u00fang ta th\u01b0\u1eddng xuy\u00ean n\u00f3ng gi\u1eadn v\u00e0 kh\u00f4ng h\u1ea1nh ph\u00fac. N\u00f3 c\u0169ng \u0111\u01b0a ra nh\u1eefng b\u00e0i t\u1eadp c\u1ee5 th\u1ec3 \u0111\u1ec3 gi\u00fap b\u1ea1n c\u00e2n b\u1eb1ng c\u1ea3m x\u00fac m\u1ed7i ng\u00e0y.<\/p>\n<p>Nh\u1edb r\u1eb1ng, c\u00e2n b\u1eb1ng c\u1ea3m x\u00fac kh\u00f4ng ph\u1ea3i l\u00e0 \u0111i\u1ec1u d\u1ec5 d\u00e0ng. Tuy nhi\u00ean, n\u1ebfu b\u1ea1n h\u1ecdc \u0111\u01b0\u1ee3c c\u00e1ch l\u00e0m ch\u1ee7 c\u1ea3m x\u00fac c\u1ee7a m\u00ecnh, b\u1ea1n s\u1ebd tr\u1edf n\u00ean m\u1ea1nh m\u1ebd h\u01a1n v\u00e0 c\u00f3 kh\u1ea3 n\u0103ng \u0111\u1ed1i m\u1eb7t v\u1edbi m\u1ecdi th\u1eed th\u00e1ch c\u1ee7a cu\u1ed9c s\u1ed1ng. Cu\u1ed1n s\u00e1ch n\u00e0y kh\u00f4ng ch\u1ec9 l\u00e0 l\u00fd thuy\u1ebft m\u00e0 c\u00f2n l\u00e0 h\u01b0\u1edbng d\u1eabn t\u1eadn t\u00ecnh nh\u1ea5t \u0111\u1ec3 gi\u00fap b\u1ea1n l\u00e0m ch\u1ee7 c\u1ea3m x\u00fac c\u1ee7a m\u00ecnh v\u00e0 c\u00e2n b\u1eb1ng ph\u01b0\u01a1ng tr\u00ecnh c\u1ee7a cu\u1ed9c \u0111\u1eddi.<\/p>\n","protected":false},"excerpt":{"rendered":"<p>M\u1ed9t ng\u00e0y, ch\u00fang ta c\u00f3\u00a0 kho\u1ea3ng 16 ti\u1ebfng ti\u1ebfp x\u00fac v\u1edbi con ng\u01b0\u1eddi, c\u00f4ng vi\u1ec7c, c\u00e1c ngu\u1ed3n th\u00f4ng tin t\u1eeb m\u1ea1ng x\u00e3 h\u1ed9i, loa \u0111\u00e0i b\u00e1o gi\u1ea5y\u2026 Vi\u1ec7c n\u00e0y mang \u0111\u1ebfn cho b\u1ea1n v\u00f4 v\u00e0n c\u1ea3m x\u00fac, c\u1ea3 ti\u00eau c\u1ef1c l\u1eabn t\u00edch c\u1ef1c.<\/p>\n","protected":false},"featured_media":70,"comment_status":"open","ping_status":"closed","template":"","meta":[],"product_cat":[16],"product_tag":[],"class_list":["post-69","product","type-product","status-publish","has-post-thumbnail","hentry","product_cat-sach-phat-trien-tu-duy"],"_links":{"self":[{"href":"https:\/\/sachgiakho.com\/index.php\/wp-json\/wp\/v2\/product\/69","targetHints":{"allow":["GET"]}}],"collection":[{"href":"https:\/\/sachgiakho.com\/index.php\/wp-json\/wp\/v2\/product"}],"about":[{"href":"https:\/\/sachgiakho.com\/index.php\/wp-json\/wp\/v2\/types\/product"}],"replies":[{"embeddable":true,"href":"https:\/\/sachgiakho.com\/index.php\/wp-json\/wp\/v2\/comments?post=69"}],"wp:featuredmedia":[{"embeddable":true,"href":"https:\/\/sachgiakho.com\/index.php\/wp-json\/wp\/v2\/media\/70"}],"wp:attachment":[{"href":"https:\/\/sachgiakho.com\/index.php\/wp-json\/wp\/v2\/media?parent=69"}],"wp:term":[{"taxonomy":"product_cat","embeddable":true,"href":"https:\/\/sachgiakho.com\/index.php\/wp-json\/wp\/v2\/product_cat?post=69"},{"taxonomy":"product_tag","embeddable":true,"href":"https:\/\/sachgiakho.com\/index.php\/wp-json\/wp\/v2\/product_tag?post=69"}],"curies":[{"name":"wp","href":"https:\/\/api.w.org\/{rel}","templated":true}]}}