{"id":64,"date":"2023-02-25T10:18:54","date_gmt":"2023-02-25T03:18:54","guid":{"rendered":"https:\/\/sachgiakho.com\/?post_type=product&#038;p=64"},"modified":"2023-03-05T17:04:04","modified_gmt":"2023-03-05T10:04:04","slug":"ban-do-tu-duy-trong-cong-viec","status":"publish","type":"product","link":"https:\/\/sachgiakho.com\/index.php\/product\/ban-do-tu-duy-trong-cong-viec\/","title":{"rendered":"B\u1ea3n \u0111\u1ed3 t\u01b0 duy trong c\u00f4ng vi\u1ec7c"},"content":{"rendered":"<p><img loading=\"lazy\" decoding=\"async\" class=\"alignnone size-full wp-image-65\" src=\"https:\/\/sachgiakho.com\/wp-content\/uploads\/2023\/02\/tinywow_ban-do-tu-duy-trong-cong-viec-tony-buzan.jpg\" alt=\"sachgiakho.com\" width=\"185\" height=\"300\" \/><\/p>\n<p>B\u1ea3n \u0111\u1ed3 t\u01b0 duy trong c\u00f4ng vi\u1ec7c l\u00e0 m\u1ed9t k\u1ef9 n\u0103ng quan tr\u1ecdng d\u00e0nh cho t\u1ea5t c\u1ea3 m\u1ecdi ng\u01b0\u1eddi \u0111ang l\u00e0m vi\u1ec7c \u1edf nhi\u1ec1u l\u0129nh v\u1ef1c kh\u00e1c nhau tr\u00ean to\u00e0n th\u1ebf gi\u1edbi. Tony Buzan \u0111\u00e3 \u0111\u01b0a ra nh\u1eefng h\u01b0\u1edbng d\u1eabn \u0111\u1ec3 gi\u00fap \u0111\u1ea1t \u0111\u01b0\u1ee3c th\u00e0nh c\u00f4ng v\u00e0 s\u1ef1 tho\u1ea3i m\u00e1i trong c\u00f4ng vi\u1ec7c, t\u1eeb ch\u1ee7 t\u1ecbch h\u1ed9i \u0111\u1ed3ng qu\u1ea3n tr\u1ecb t\u1ea1i Trung Qu\u1ed1c, k\u1ebf to\u00e1n \u1edf Anh \u0111\u1ebfn ng\u01b0\u1eddi gi\u1eef tr\u1ebb \u1edf Na Uy.<\/p>\n<p>B\u1ea3n \u0111\u1ed3 t\u01b0 duy trong c\u00f4ng vi\u1ec7c c\u00f3 th\u1ec3 gi\u00fap b\u1ea1n \u0111\u1ed9ng n\u00e3o v\u00e0 gi\u1ea3i quy\u1ebft nh\u1eefng v\u1ea5n \u0111\u1ec1 kh\u00f3 kh\u0103n nh\u1ea5t, \u0111\u1eb7t ra v\u00e0 \u0111\u1ea1t \u0111\u01b0\u1ee3c m\u1ee5c ti\u00eau, s\u00e1ng t\u1ea1o trong c\u00f4ng vi\u1ec7c, d\u1ec5 d\u00e0ng x\u00e1c \u0111\u1ecbnh \u01b0u ti\u00ean c\u1ee7a b\u1ea1n, thuy\u1ebft tr\u00ecnh t\u1ed1t v\u00e0 t\u1ef1 tin h\u01a1n. \u0110i\u1ec1u n\u00e0y gi\u1ea3i \u0111\u00e1p nh\u1eefng c\u00e2u h\u1ecfi l\u1eb7p \u0111i l\u1eb7p l\u1ea1i c\u1ee7a nhi\u1ec1u ng\u01b0\u1eddi v\u1ec1 c\u00e1ch \u00e1p d\u1ee5ng B\u1ea3n \u0111\u1ed3 t\u01b0 duy trong nh\u1eefng t\u00ecnh hu\u1ed1ng c\u00f4ng vi\u1ec7c c\u1ee5 th\u1ec3.<\/p>\n<p>\u1ede m\u1ee9c \u0111\u1ed9 \u1ee9ng d\u1ee5ng, k\u1ef9 n\u0103ng n\u00e0y gi\u00fap b\u1ea1n s\u1eafp x\u1ebfp c\u00f4ng vi\u1ec7c, chu\u1ea9n b\u1ecb tr\u01b0\u1edbc khi thuy\u1ebft tr\u00ecnh v\u00e0 gi\u1ea3i quy\u1ebft nh\u1eefng t\u00ecnh hu\u1ed1ng d\u1edf kh\u00f3c d\u1edf c\u01b0\u1eddi trong kinh doanh. Ngo\u00e0i ra, n\u00f3 c\u00f2n \u0111\u00f3ng vai tr\u00f2 nh\u01b0 m\u1ed9t ng\u01b0\u1eddi \u0111\u1ecbnh h\u01b0\u1edbng cho cu\u1ed9c s\u1ed1ng c\u1ee7a b\u1ea1n b\u1eb1ng c\u00e1ch gi\u00fap b\u1ea1n t\u00ecm ra c\u00e1i b\u1ea1n th\u1ef1c s\u1ef1 mu\u1ed1n t\u1eeb c\u00f4ng vi\u1ec7c v\u00e0 \u0111em t\u1edbi cho b\u1ea1n m\u1ed9t c\u00e1i nh\u00ecn t\u1ed5ng quan h\u1ebft s\u1ee9c r\u00f5 r\u00e0ng v\u1ec1 nh\u1eefng t\u00ecnh hu\u1ed1ng ph\u1ee9c t\u1ea1p. K\u1ef9 n\u0103ng n\u00e0y c\u0169ng gi\u00fap gi\u1ea3m c\u0103ng th\u1eb3ng t\u1eeb nh\u1eefng tr\u00e1ch nhi\u1ec7m v\u00e0 y\u00eau c\u1ea7u kh\u1eaft khe c\u1ee7a cu\u1ed9c s\u1ed1ng.<\/p>\n","protected":false},"excerpt":{"rendered":"<p>B\u1ea3n \u0111\u1ed3 T\u01b0 duy (Mind Maps) \u2013 c\u00f4ng c\u1ee5 h\u1ed7 tr\u1ee3 t\u01b0 duy \u0111\u01b0\u1ee3c m\u00f4 t\u1ea3 l\u00e0 \u201cC\u00f4ng c\u1ee5 c\u1ee7a b\u1ed9 n\u00e3o\u201d \u0111ang \u0111\u01b0\u1ee3c h\u01a1n 250 tri\u1ec7u ng\u01b0\u1eddi s\u1eed d\u1ee5ng tr\u00ean th\u1ebf gi\u1edbi.<\/p>\n","protected":false},"featured_media":65,"comment_status":"open","ping_status":"closed","template":"","meta":[],"product_cat":[16],"product_tag":[],"class_list":["post-64","product","type-product","status-publish","has-post-thumbnail","hentry","product_cat-sach-phat-trien-tu-duy"],"_links":{"self":[{"href":"https:\/\/sachgiakho.com\/index.php\/wp-json\/wp\/v2\/product\/64","targetHints":{"allow":["GET"]}}],"collection":[{"href":"https:\/\/sachgiakho.com\/index.php\/wp-json\/wp\/v2\/product"}],"about":[{"href":"https:\/\/sachgiakho.com\/index.php\/wp-json\/wp\/v2\/types\/product"}],"replies":[{"embeddable":true,"href":"https:\/\/sachgiakho.com\/index.php\/wp-json\/wp\/v2\/comments?post=64"}],"wp:featuredmedia":[{"embeddable":true,"href":"https:\/\/sachgiakho.com\/index.php\/wp-json\/wp\/v2\/media\/65"}],"wp:attachment":[{"href":"https:\/\/sachgiakho.com\/index.php\/wp-json\/wp\/v2\/media?parent=64"}],"wp:term":[{"taxonomy":"product_cat","embeddable":true,"href":"https:\/\/sachgiakho.com\/index.php\/wp-json\/wp\/v2\/product_cat?post=64"},{"taxonomy":"product_tag","embeddable":true,"href":"https:\/\/sachgiakho.com\/index.php\/wp-json\/wp\/v2\/product_tag?post=64"}],"curies":[{"name":"wp","href":"https:\/\/api.w.org\/{rel}","templated":true}]}}