{"id":60,"date":"2023-02-25T09:10:11","date_gmt":"2023-02-25T02:10:11","guid":{"rendered":"https:\/\/sachgiakho.com\/?post_type=product&#038;p=60"},"modified":"2023-09-18T11:19:54","modified_gmt":"2023-09-18T04:19:54","slug":"45-giay-tao-nen-thay-doi-thau-hieu-tiep-thi-mang-luoi","status":"publish","type":"product","link":"https:\/\/sachgiakho.com\/index.php\/product\/45-giay-tao-nen-thay-doi-thau-hieu-tiep-thi-mang-luoi\/","title":{"rendered":"45 Gi\u00e2y T\u1ea1o N\u00ean Thay \u0110\u1ed5i"},"content":{"rendered":"<p>Ti\u1ebfp th\u1ecb m\u1ea1ng l\u01b0\u1edbi l\u00e0 ng\u00e0nh kinh doanh \u0111ang ph\u00e1t tri\u1ec3n nhanh, tuy nhi\u00ean ng\u00e0y nay c\u00f3 r\u1ea5t nhi\u1ec1u s\u1ef1 nh\u1ea7m l\u1eabn v\u1ec1 ng\u00e0nh kinh doanh n\u00e0y, \u0111\u1eb7c bi\u1ec7t l\u00e0 s\u1ef1 nh\u1ea7m l\u1eabn n\u00f3 v\u1edbi m\u00f4 h\u00ecnh kinh doanh \u0111a c\u1ea5p kim t\u1ef1 th\u00e1p, v\u1ed1n mang t\u00ednh phi ph\u00e1p. Don Failla &#8211; m\u1ed9t ng\u01b0\u1eddi c\u00f3 r\u1ea5t nhi\u1ec1u kinh nghi\u1ec7m trong l\u0129nh v\u1ef1c ti\u1ebfp th\u1ecb m\u1ea1ng l\u01b0\u1edbi t\u1eeb nh\u1eefng n\u0103m 1970 \u0111\u00e3 vi\u1ebft cu\u1ed1n s\u00e1ch n\u00e0y nh\u1eb1m gi\u00fap ng\u01b0\u1eddi \u0111\u1ecdc hi\u1ec3u \u0111\u01b0\u1ee3c b\u1ea3n ch\u1ea5t ti\u1ebfp th\u1ecb m\u1ea1ng l\u01b0\u1edbi th\u1ef1c ra l\u00e0 g\u00ec v\u00e0 kh\u00f4ng ph\u1ea3i l\u00e0 g\u00ec. Qua cu\u1ed1n s\u00e1ch t\u00e1c gi\u1ea3 c\u0169ng h\u01b0\u1edbng d\u1eabn c\u00e1ch tr\u00ecnh b\u00e0y hi\u1ec7u qu\u1ea3 v\u1ec1 ti\u1ebfp th\u1ecb m\u1ea1ng l\u01b0\u1edbi \u0111\u1ec3 ng\u01b0\u1eddi kh\u00e1c hi\u1ec3u, v\u00e0 quan tr\u1ecdng l\u00e0 c\u00e1ch x\u00e2y d\u1ef1ng m\u1ed9t s\u1ef1 nghi\u1ec7p ri\u00eang xung quanh m\u00f4 h\u00ecnh kinh doanh n\u00e0y.<br \/>\n<img loading=\"lazy\" decoding=\"async\" class=\"alignnone size-full wp-image-61\" src=\"https:\/\/sachgiakho.com\/wp-content\/uploads\/2023\/02\/tinywow_45-giay-tao-nen-thay-doi.jpg\" alt=\"\" width=\"187\" height=\"300\" \/>T\u1ef1a \u0111\u1ec1 \u0111\u00e3 n\u00f3i l\u00ean t\u1ea5t c\u1ea3: Th\u1ea5u hi\u1ec3u m\u1ea1ng l\u01b0\u1edbi kinh doanh.<br \/>\nT\u1ea1i sao ta ph\u1ea3i kinh doanh theo ki\u1ec3u m\u1ea1ng l\u01b0\u1edbi? V\u00ec kinh doanh truy\u1ec1n th\u1ed1ng ch\u1ec9 t\u1ea1o ra ngu\u1ed3n thu nh\u1eadp ch\u1ee7 \u0111\u1ed9ng ( c\u00f2n l\u00e0m c\u00f2n c\u00f3 ti\u1ec1n, h\u1ebft l\u00e0m h\u1ebft ti\u1ec1n) , ch\u1ec9 c\u00f3 ngu\u1ed3n thu nh\u1eadp th\u1ee5 \u0111\u1ed9ng m\u1edbi gi\u00fap ta ngh\u1ec9 h\u01b0u s\u1edbm \u2013 t\u00e1c gi\u1ea3 \u0111\u00e3 n\u00f3i r\u00f5 \u0111i\u1ec1u \u0111\u00f3, ch\u1ec9 v\u1edbi 10 b\u00e0i h\u1ecdc tr\u00ean chi\u1ebfc kh\u0103n \u0103n ,ta \u0111\u00e3 c\u00f3 th\u1ec3 t\u1ea1o ra 1 m\u1ea1ng l\u01b0\u1edbi kinh doanh v\u00f4 c\u00f9ng b\u1ec1n v\u1eefng v\u00e0 hi\u1ec7u qu\u1ea3, \u0111\u00e2y l\u00e0 m\u00f4 h\u00ecnh kinh doanh m\u1edbi v\u00e0 v\u00f4 c\u00f9ng tuy\u1ec7t v\u1eddi, c\u00e1c b\u1ea1n h\u00e3y th\u1eed \u00e1p d\u1ee5ng nh\u00e9!<\/p>\n<p>B\u00eca s\u00e1ch qu\u00e1 \u0111\u1eb9p ch\u00ednh l\u00e0 l\u00fd do khi\u1ebfn t\u00f4i ph\u1ea3i \u0111\u1eb7t mua quy\u1ec3n s\u00e1ch \u201d45 gi\u00e2y t\u1ea1o n\u00ean thay \u0111\u1ed5i \u2013 th\u1ea5u hi\u1ec3u ti\u1ebfp th\u1ecb m\u1ea1ng l\u01b0\u1edbi\u201d n\u00e0y tr\u00ean S\u00e1ch Gi\u00e1 Kho. V\u00e0 khi nh\u1eadn \u0111\u01b0\u1ee3c quy\u1ec3n s\u00e1ch n\u00e0y trong tay, t\u00f4i th\u1ea5y quy\u1ec3n s\u00e1ch n\u00e0y b\u00eca s\u00e1ch r\u1ea5t \u0111\u1eb9p, s\u00e1ch \u00edn r\u00f5 r\u00e0ng, n\u1ed9i dung trong quy\u1ec3n s\u00e1ch n\u00e0y \u0111\u1ec1 c\u1eadp \u0111\u1ebfn ti\u1ebfp th\u1ecb m\u1ea1ng l\u01b0\u1edbi. \u0110\u00e3 c\u00f3 r\u1ea5t nhi\u1ec1u s\u00e1ch vi\u1ebft v\u1ec1 ch\u1ee7 \u0111\u1ec1 ti\u1ebfp th\u1ecb nh\u01b0ng h\u1ea7u nh\u01b0 \u0111\u1ec1u kh\u00f4ng khai th\u00e1c kh\u00e1i c\u1ea1nh ti\u1ebfp th\u1ecb m\u1ea1ng l\u01b0\u1edbi nhi\u1ec1u, v\u00e0 quy\u1ec3n s\u00e1ch n\u00e0y \u0111\u00e3 gi\u1ea3i quy\u1ebft \u0111\u01b0\u1ee3c v\u1ea5n \u0111\u1ec1 \u0111\u00f3. Nh\u00ecn chung, theo t\u00f4i \u0111\u00e2y th\u1eadt s\u1ef1 l\u00e0 m\u1ed9t quy\u1ec3n s\u00e1ch r\u1ea5t \u0111\u00e1ng \u0111\u1ec3 ch\u00fang ta mua v\u1ec1 \u0111\u1ecdc.<\/p>\n","protected":false},"excerpt":{"rendered":"<p>T\u1ea1i sao ta ph\u1ea3i kinh doanh theo ki\u1ec3u m\u1ea1ng l\u01b0\u1edbi? V\u00ec kinh doanh truy\u1ec1n th\u1ed1ng ch\u1ec9 t\u1ea1o ra ngu\u1ed3n thu nh\u1eadp ch\u1ee7 \u0111\u1ed9ng ( c\u00f2n l\u00e0m c\u00f2n c\u00f3 ti\u1ec1n, h\u1ebft l\u00e0m h\u1ebft ti\u1ec1n) , ch\u1ec9 c\u00f3 ngu\u1ed3n thu nh\u1eadp th\u1ee5 \u0111\u1ed9ng m\u1edbi gi\u00fap ta ngh\u1ec9 h\u01b0u s\u1edbm<\/p>\n","protected":false},"featured_media":61,"comment_status":"open","ping_status":"closed","template":"","meta":[],"product_cat":[17,16],"product_tag":[],"class_list":["post-60","product","type-product","status-publish","has-post-thumbnail","hentry","product_cat-sach-kinh-doanh","product_cat-sach-phat-trien-tu-duy"],"_links":{"self":[{"href":"https:\/\/sachgiakho.com\/index.php\/wp-json\/wp\/v2\/product\/60","targetHints":{"allow":["GET"]}}],"collection":[{"href":"https:\/\/sachgiakho.com\/index.php\/wp-json\/wp\/v2\/product"}],"about":[{"href":"https:\/\/sachgiakho.com\/index.php\/wp-json\/wp\/v2\/types\/product"}],"replies":[{"embeddable":true,"href":"https:\/\/sachgiakho.com\/index.php\/wp-json\/wp\/v2\/comments?post=60"}],"wp:featuredmedia":[{"embeddable":true,"href":"https:\/\/sachgiakho.com\/index.php\/wp-json\/wp\/v2\/media\/61"}],"wp:attachment":[{"href":"https:\/\/sachgiakho.com\/index.php\/wp-json\/wp\/v2\/media?parent=60"}],"wp:term":[{"taxonomy":"product_cat","embeddable":true,"href":"https:\/\/sachgiakho.com\/index.php\/wp-json\/wp\/v2\/product_cat?post=60"},{"taxonomy":"product_tag","embeddable":true,"href":"https:\/\/sachgiakho.com\/index.php\/wp-json\/wp\/v2\/product_tag?post=60"}],"curies":[{"name":"wp","href":"https:\/\/api.w.org\/{rel}","templated":true}]}}