{"id":46,"date":"2023-02-17T12:32:37","date_gmt":"2023-02-17T05:32:37","guid":{"rendered":"https:\/\/sachgiakho.com\/?post_type=product&#038;p=46"},"modified":"2023-06-17T09:27:33","modified_gmt":"2023-06-17T02:27:33","slug":"dac-nhan-tam","status":"publish","type":"product","link":"https:\/\/sachgiakho.com\/index.php\/product\/dac-nhan-tam\/","title":{"rendered":"\u0110\u1eafc Nh\u00e2n T\u00e2m"},"content":{"rendered":"<div class=\"product_view_tab_content_ad\">\n<div id=\"product_tabs_description_contents\">\n<div id=\"desc_content\" class=\"std\">\n<p><strong> \u0110\u1eafc Nh\u00e2n T\u00e2m (T\u00e1i b\u1ea3n 2022)<\/strong><\/p>\n<p>T\u1ea1i sao \u0110\u1eafc Nh\u00e2n T\u00e2m lu\u00f4n trong Top s\u00e1ch b\u00e1n ch\u1ea1y nh\u1ea5t th\u1ebf gi\u1edbi?<\/p>\n<p>B\u1edfi v\u00ec \u0111\u00f3 l\u00e0 cu\u1ed1n s\u00e1ch M\u1eccI NG\u01af\u1edcI \u0110\u1ec0U N\u00caN \u0110\u1eccC.<\/p>\n<p>Hi\u1ec7n nay c\u00f3 m\u1ed9t s\u1ef1 hi\u1ec3u nh\u1ea7m \u0111\u00e3 x\u1ea3y ra. Tuy \u0110\u1eafc Nh\u00e2n T\u00e2m l\u00e0 t\u1ef1a s\u00e1ch h\u1ea7u h\u1ebft m\u1ecdi ng\u01b0\u1eddi \u0111\u1ec1u bi\u1ebft \u0111\u1ebfn, v\u00ec nh\u1eefng danh ti\u1ebfng v\u00e0 m\u1ee9c \u0111\u1ed9 ph\u1ed5 bi\u1ebfn, nh\u01b0ng m\u1ed9t s\u1ed1 ng\u01b0\u1eddi l\u1ea1i \u201cng\u1ea1i\u201d \u0111\u1ecdc. L\u00fd do v\u00ec h\u1ecd t\u01b0\u1edfng \u0111\u00e2y l\u00e0 cu\u1ed1n s\u00e1ch \u201cd\u1ea1y l\u00e0m ng\u01b0\u1eddi\u201d n\u00ean c\u00f3 t\u00e2m l\u00fd e ng\u1ea1i. C\u00f3 l\u1ebd l\u00e0 do khi gi\u1edbi thi\u1ec7u v\u1ec1 cu\u1ed1n s\u00e1ch, ng\u01b0\u1eddi ta lu\u00f4n g\u1eafn v\u1edbi mi\u00eau t\u1ea3 \u0111\u00e2y l\u00e0 \u201cngh\u1ec7 thu\u1eadt \u0111\u1ed1i nh\u00e2n x\u1eed th\u1ebf\u201d, \u201cngh\u1ec7 thu\u1eadt thu ph\u1ee5c l\u00f2ng ng\u01b0\u1eddi\u201d\u2026 Nh\u1eefng c\u1ee5m t\u1eeb n\u00e0y \u0111\u00e3 kh\u00f4ng c\u00f2n h\u1ee3p v\u1edbi hi\u1ec7n nay n\u1eefa, g\u00e2y c\u1ea3m gi\u00e1c xa l\u1ea1 v\u00e0 kh\u00f4ng th\u1ef1c t\u1ebf.<\/p>\n<p>Nh\u01b0ng \u0111\u00e2u ph\u1ea3i th\u1ebf, \u0110\u1eafc Nh\u00e2n T\u00e2m l\u00e0 cu\u1ed1n s\u00e1ch kh\u00f4ng h\u1ec1 l\u1ed7i th\u1eddi!<\/p>\n<p>Nh\u1eefng v\u1ea5n \u0111\u1ec1 \u0111\u01b0\u1ee3c ch\u1ec9 ra trong \u0111\u00f3 \u0111\u1ec1u l\u00e0 c\u0103n b\u1ea3n \u1ee9ng x\u1eed gi\u1eefa ng\u01b0\u1eddi v\u1edbi ng\u01b0\u1eddi. N\u1ebfu di\u1ec5n gi\u1ea3i theo t\u1eeb ng\u1eef b\u00e2y gi\u1edd, c\u00f3 th\u1ec3 g\u1ecdi \u0111\u00e2y l\u00e0 \u201cgi\u00e1o tr\u00ecnh\u201d gi\u00fap hi\u1ec3u m\u00ecnh \u2013 hi\u1ec3u ng\u01b0\u1eddi \u0111\u1ec3 th\u00e0nh c\u00f4ng trong giao ti\u1ebfp. C\u00f3 ai s\u1ed1ng m\u00e0 kh\u00f4ng c\u1ea7n giao ti\u1ebfp? C\u00f3 bao nhi\u00eau ng\u01b0\u1eddi ng\u00e0y ng\u00e0y m\u1ec7t m\u1ecfi, kh\u1ed5 s\u1edf v\u00ec g\u1eb7p ph\u1ea3i c\u00e1c v\u1ea5n \u0111\u1ec1 trong giao ti\u1ebfp? V\u00ec th\u1ebf, \u0110\u1eafc Nh\u00e2n T\u00e2m ch\u00ednh l\u00e0 cu\u1ed1n s\u00e1ch d\u00e0nh cho m\u1ecdi ng\u01b0\u1eddi. Con c\u00e1i n\u00ean \u0111\u1ecdc \u2013 cha m\u1eb9 c\u00e0ng n\u00ean \u0111\u1ecdc, nh\u00e2n vi\u00ean n\u00ean \u0111\u1ecdc \u2013 s\u1ebfp c\u00e0ng n\u00ean \u0111\u1ecdc, ng\u01b0\u1eddi quen nhau n\u00ean \u0111\u1ecdc \u2013 ng\u01b0\u1eddi l\u1ea1 nhau c\u00e0ng n\u00ean \u0111\u1ecdc\u2026. V\u00e0 \u0111\u00f3 m\u1edbi ch\u00ednh th\u1eadt l\u00e0 l\u00fd do \u0110\u1eafc Nh\u00e2n T\u00e2m lu\u00f4n l\u1ecdt v\u00e0o Top s\u00e1ch b\u00e1n ch\u1ea1y nh\u1ea5t th\u1ebf gi\u1edbi, d\u00f9 \u0111\u00e3 ra \u0111\u1eddi c\u00e1ch \u0111\u00e2y g\u1ea7n 80 n\u0103m.<\/p>\n<\/div>\n<\/div>\n<\/div>\n","protected":false},"excerpt":{"rendered":"<div class=\"product_view_tab_content_ad\">\n<div id=\"product_tabs_description_contents\">\n<div id=\"desc_content\" class=\"std\">\n<p>\u0110\u1eafc Nh\u00e2n T\u00e2m lu\u00f4n trong Top s\u00e1ch b\u00e1n ch\u1ea1y nh\u1ea5t th\u1ebf gi\u1edbi<\/p>\n<\/div>\n<\/div>\n<\/div>\n","protected":false},"featured_media":56,"comment_status":"open","ping_status":"closed","template":"","meta":[],"product_cat":[16],"product_tag":[],"class_list":["post-46","product","type-product","status-publish","has-post-thumbnail","hentry","product_cat-sach-phat-trien-tu-duy"],"_links":{"self":[{"href":"https:\/\/sachgiakho.com\/index.php\/wp-json\/wp\/v2\/product\/46","targetHints":{"allow":["GET"]}}],"collection":[{"href":"https:\/\/sachgiakho.com\/index.php\/wp-json\/wp\/v2\/product"}],"about":[{"href":"https:\/\/sachgiakho.com\/index.php\/wp-json\/wp\/v2\/types\/product"}],"replies":[{"embeddable":true,"href":"https:\/\/sachgiakho.com\/index.php\/wp-json\/wp\/v2\/comments?post=46"}],"wp:featuredmedia":[{"embeddable":true,"href":"https:\/\/sachgiakho.com\/index.php\/wp-json\/wp\/v2\/media\/56"}],"wp:attachment":[{"href":"https:\/\/sachgiakho.com\/index.php\/wp-json\/wp\/v2\/media?parent=46"}],"wp:term":[{"taxonomy":"product_cat","embeddable":true,"href":"https:\/\/sachgiakho.com\/index.php\/wp-json\/wp\/v2\/product_cat?post=46"},{"taxonomy":"product_tag","embeddable":true,"href":"https:\/\/sachgiakho.com\/index.php\/wp-json\/wp\/v2\/product_tag?post=46"}],"curies":[{"name":"wp","href":"https:\/\/api.w.org\/{rel}","templated":true}]}}