{"id":44,"date":"2023-02-17T10:13:36","date_gmt":"2023-02-17T03:13:36","guid":{"rendered":"https:\/\/sachgiakho.com\/?post_type=product&#038;p=44"},"modified":"2023-04-01T18:14:34","modified_gmt":"2023-04-01T11:14:34","slug":"giao-tiep-bat-ky-ai","status":"publish","type":"product","link":"https:\/\/sachgiakho.com\/index.php\/product\/giao-tiep-bat-ky-ai\/","title":{"rendered":"Giao ti\u1ebfp b\u1ea5t k\u1ef3 ai"},"content":{"rendered":"<p>Giao ti\u1ebfp b\u1ea5t k\u1ef3 ai &#8211; t\u00e1c gi\u1ea3 Bennie Boughn \u2013 Jon Condrill.<\/p>\n<p>Kh\u00f4ng ai trong ch\u00fang ta c\u00f3 th\u1ec3 gi\u1ecfi giao ti\u1ebfp ngay t\u1eeb \u0111\u1ea7u. Nh\u01b0ng \u0111i\u1ec1u quan tr\u1ecdng l\u00e0 k\u1ef9 n\u0103ng giao ti\u1ebfp ho\u00e0n to\u00e0n c\u00f3 th\u1ec3 t\u1eebng b\u01b0\u1edbc trau chu\u1ed1t \u0111\u1ec3 ng\u00e0y c\u00e0ng tr\u1edf n\u00ean \u0111i\u00eau luy\u1ec7n h\u01a1n. B\u1ea1n \u0111\u00e3 v\u00e0 \u0111ang n\u00e2ng cao k\u1ef9 n\u0103ng quan tr\u1ecdng b\u1eadc nh\u1ea5t trong \u0111\u1eddi s\u1ed1ng x\u00e3 h\u1ed9i ch\u01b0a? V\u00e0 b\u1ea1n c\u00f3 b\u00ed quy\u1ebft n\u00e0o hi\u1ec7u qu\u1ea3 kh\u00f4ng? N\u1ebfu ch\u01b0a, h\u00e3y \u0111\u1ebfn v\u1edbi 101 c\u00e1ch n\u00e2ng cao k\u1ef9 n\u0103ng giao ti\u1ebfp trong cu\u1ed1n s\u00e1ch<strong>\u00a0Giao Ti\u1ebfp B\u1ea5t K\u1ef3 Ai\u00a0<\/strong>c\u1ee7a hai t\u00e1c gi\u1ea3 Bennie Boughn \u2013 Jon Condrill.<br \/>\n<img decoding=\"async\" src=\"https:\/\/eccthai.com\/wp-content\/uploads\/2021\/10\/giao-tiep-bat-ky-ai.jpeg\" alt=\"giao tiep bat ky ai\" \/><\/p>\n<h2><span id=\"tom_tat_noi_dung_sach_giao_tiep_bat_ky_ai\">T\u00f3m t\u1eaft n\u1ed9i dung S\u00e1ch Giao Ti\u1ebfp B\u1ea5t K\u1ef3 Ai<\/span><\/h2>\n<h3><span id=\"noi_dung_chinh_cua_sach\">N\u1ed9i dung ch\u00ednh c\u1ee7a s\u00e1ch<\/span><\/h3>\n<p>Giao Ti\u1ebfp B\u1ea5t K\u1ef3 Ai \u2013 m\u1ed9t cu\u1ed1n s\u00e1ch c\u1ef1c k\u1ef3 ng\u1eafn g\u1ecdn, h\u00e0m s\u00fac, ch\u1ee9a \u0111\u1ef1ng b\u1ed9 k\u1ef9 n\u0103ng giao ti\u1ebfp t\u00edch c\u1ef1c. N\u1ed9i dung ng\u1eafn, \u00fd t\u1ee9 d\u00e0i, nh\u1eefng k\u1ef9 n\u0103ng giao ti\u1ebfp hi\u1ec7u qu\u1ea3 nh\u1ea5t \u0111\u01b0\u1ee3c \u0111\u00fac k\u1ebft t\u1eeb kinh nghi\u1ec7m h\u00e0ng ch\u1ee5c n\u0103m c\u1ee7a hai t\u00e1c gi\u1ea3. T\u1ea5t c\u1ea3 101 c\u00e1ch n\u00e2ng cao k\u1ef9 n\u0103ng giao ti\u1ebfp \u0111\u01b0\u1ee3c g\u00f3i gh\u00e9m trong v\u1ecfn v\u1eb9n h\u01a1n 100 trang gi\u1ea5y. Nh\u01b0ng c\u00f3 kh\u1ea3 n\u0103ng l\u00e0m thay \u0111\u1ed5i cu\u1ed9c \u0111\u1eddi c\u1ee7a kh\u00f4ng ch\u1ec9 m\u1ed9t ng\u01b0\u1eddi.<\/p>\n<p>S\u00e1ch \u0111\u01b0\u1ee3c chia th\u00e0nh 3 m\u1ee5c l\u1edbn, trong \u0111\u00f3 c\u00f3 to\u00e0n b\u1ed9 101 k\u1ef9 n\u0103ng giao ti\u1ebfp quan tr\u1ecdng. \u0110i\u1ec1u \u0111\u1eb7c bi\u1ec7t \u1edf ch\u1ed7, hai t\u00e1c gi\u1ea3 d\u1eabn d\u1eaft b\u1ea1n \u0111\u1ecdc h\u1ecdc h\u1ecfi m\u1ed9t c\u00e1ch to\u00e0n di\u1ec7n t\u1eeb k\u1ef9 n\u0103ng nghe \u2013 n\u00f3i \u2013 \u0111\u1ecdc \u2013 vi\u1ebft. \u00c1p d\u1ee5ng v\u00e0o b\u1ed1i c\u1ea3nh c\u00f4ng ngh\u1ec7 4.0 l\u1ea1i c\u00e0ng ph\u00f9 h\u1ee3p, b\u1edfi con ng\u01b0\u1eddi \u0111\u00e2u c\u00f2n tr\u1ef1c ti\u1ebfp tr\u00f2 chuy\u1ec7n c\u00f9ng nhau nhi\u1ec1u nh\u01b0 tr\u01b0\u1edbc? Th\u00f4ng qua thi\u1ebft b\u1ecb, m\u00e1y m\u00f3c, ch\u00fang ta c\u00e0ng c\u1ea7n ph\u1ea3i bi\u1ebft c\u00e1ch n\u00f3i chuy\u1ec7n kh\u00e9o l\u00e9o \u0111\u1eb9p l\u00f2ng \u0111\u00f4i b\u00ean v\u00e0 Giao Ti\u1ebfp B\u1ea5t K\u1ef3 Ai.<\/p>\n<p><img loading=\"lazy\" decoding=\"async\" class=\"aligncenter size-full wp-image-9313\" src=\"https:\/\/eccthai.com\/wp-content\/uploads\/2021\/10\/giao-tiep-bat-ky-ai-pdf.jpg\" sizes=\"auto, (max-width: 650px) 100vw, 650px\" srcset=\"https:\/\/eccthai.com\/wp-content\/uploads\/2021\/10\/giao-tiep-bat-ky-ai-pdf.jpg 650w, https:\/\/eccthai.com\/wp-content\/uploads\/2021\/10\/giao-tiep-bat-ky-ai-pdf-300x187.jpg 300w\" alt=\"giao tiep bat ky ai pdf\" width=\"650\" height=\"406\" \/><\/p>\n<h3><span id=\"sach_giup_ban_dieu_gi\">S\u00e1ch gi\u00fap b\u1ea1n \u0111i\u1ec1u g\u00ec?<\/span><\/h3>\n<p>Giao ti\u1ebfp l\u00e0 k\u1ef9 n\u0103ng m\u1ec1m quan tr\u1ecdng nh\u1ea5t, b\u00ed quy\u1ebft, ch\u00eca\u00a0 kh\u00f3a \u0111\u1ec3 b\u1ea1n m\u1edf ra b\u1ea5t k\u1ef3 c\u00e1nh c\u1eeda n\u00e0o. Giao ti\u1ebfp kh\u00e9o l\u00e9o, t\u1ef1 tin, l\u1ee3i m\u00ecnh \u2013 \u0111\u01b0\u1ee3c ng\u01b0\u1eddi, kh\u00f4ng ph\u1ea3i l\u00e0 vi\u1ec7c d\u1ec5 d\u00e0ng. \u0110\u00f2i h\u1ecfi m\u1ed9t qu\u00e1 tr\u00ecnh h\u1ecdc h\u1ecfi \u2013 chi\u00eam nghi\u1ec7m \u2013 \u0111\u00fac k\u1ebft \u2013 \u00e1p d\u1ee5ng m\u1ed7i ng\u00e0y. V\u00e0 Giao Ti\u1ebfp B\u1ea5t K\u1ef3 Ai s\u1ebd l\u00e0 cu\u1ed1n c\u1ea9m nang \u0111\u1ea7y b\u1ed5 \u00edch. Kim ch\u1ec9 nam \u201cc\u1ea7m tay ch\u1ec9 vi\u1ec7c\u201d t\u1eeb l\u00fd thuy\u1ebft \u0111\u1ebfn th\u1ef1c h\u00e0nh.<\/p>\n<p>G\u1ea5p s\u00e1ch l\u1ea1i b\u1ea1n s\u1ebd bi\u1ebft \u0111\u01b0\u1ee3c b\u00e2y gi\u1edd m\u00ecnh n\u00ean \u201cbi\u1ebft\u201d g\u00ec v\u00e0 m\u00ecnh c\u1ea7n \u201cmu\u1ed1n\u201d g\u00ec \u0111\u1ec3 c\u00f3 th\u1ec3 \u0111i \u0111\u1ebfn th\u00e0nh c\u00f4ng. H\u00e3y ki\u00ean tr\u00ec trong th\u1eddi gian \u0111\u1ee7 d\u00e0i v\u00ec th\u00e0nh c\u00f4ng kh\u00f4ng c\u00f3 con \u0111\u01b0\u1eddng t\u1eaft b\u1ea1n nh\u00e9!<img loading=\"lazy\" decoding=\"async\" class=\"alignnone size-medium wp-image-45\" src=\"https:\/\/sachgiakho.com\/wp-content\/uploads\/2023\/02\/giao-tiep-bat-ky-ai-190x300.jpg\" alt=\"\" width=\"190\" height=\"300\" \/><\/p>\n","protected":false},"excerpt":{"rendered":"<p>101 c\u00e1ch n\u00e2ng cao kh\u1ea3 n\u0103ng giao ti\u1ebfp<\/p>\n","protected":false},"featured_media":55,"comment_status":"open","ping_status":"closed","template":"","meta":[],"product_cat":[16],"product_tag":[],"class_list":["post-44","product","type-product","status-publish","has-post-thumbnail","hentry","product_cat-sach-phat-trien-tu-duy"],"_links":{"self":[{"href":"https:\/\/sachgiakho.com\/index.php\/wp-json\/wp\/v2\/product\/44","targetHints":{"allow":["GET"]}}],"collection":[{"href":"https:\/\/sachgiakho.com\/index.php\/wp-json\/wp\/v2\/product"}],"about":[{"href":"https:\/\/sachgiakho.com\/index.php\/wp-json\/wp\/v2\/types\/product"}],"replies":[{"embeddable":true,"href":"https:\/\/sachgiakho.com\/index.php\/wp-json\/wp\/v2\/comments?post=44"}],"wp:featuredmedia":[{"embeddable":true,"href":"https:\/\/sachgiakho.com\/index.php\/wp-json\/wp\/v2\/media\/55"}],"wp:attachment":[{"href":"https:\/\/sachgiakho.com\/index.php\/wp-json\/wp\/v2\/media?parent=44"}],"wp:term":[{"taxonomy":"product_cat","embeddable":true,"href":"https:\/\/sachgiakho.com\/index.php\/wp-json\/wp\/v2\/product_cat?post=44"},{"taxonomy":"product_tag","embeddable":true,"href":"https:\/\/sachgiakho.com\/index.php\/wp-json\/wp\/v2\/product_tag?post=44"}],"curies":[{"name":"wp","href":"https:\/\/api.w.org\/{rel}","templated":true}]}}