{"id":197,"date":"2023-07-11T23:27:43","date_gmt":"2023-07-11T16:27:43","guid":{"rendered":"https:\/\/sachgiakho.com\/index.php\/product\/7-thoi-quen-hieu-qua\/"},"modified":"2026-04-14T05:55:29","modified_gmt":"2026-04-13T22:55:29","slug":"7-thoi-quen-hieu-qua","status":"publish","type":"product","link":"https:\/\/sachgiakho.com\/index.php\/product\/7-thoi-quen-hieu-qua\/","title":{"rendered":"7 Th\u00f3i quen hi\u1ec7u qu\u1ea3"},"content":{"rendered":"<p style=\"margin-bottom: 1.3em;margin-top: 0px;font-family: Exo, sans-serif;font-style: normal;font-weight: 400;letter-spacing: normal;text-align: start;text-indent: 0px;text-transform: none;text-decoration: none\"><strong style=\"font-weight: bolder\">7 Th\u00f3i quen Hi\u1ec7u qu\u1ea3 (7 Habits of Highly Effective People) \u2013 Cu\u1ed1n s\u00e1ch c\u1ee7a Stephen R.Covey \u0111\u00e3 \u0111\u01b0\u1ee3c d\u1ecbch sang 40 ng\u00f4n ng\u1eef kh\u00e1c nhau v\u00e0 b\u00e1n ra h\u01a1n 30 tri\u1ec7u b\u1ea3n tr\u00ean to\u00e0n th\u1ebf gi\u1edbi. \u0110\u00e2y \u0111\u01b0\u1ee3c xem l\u00e0 cu\u1ed1n s\u00e1ch v\u1ec1 l\u0129nh v\u1ef1c qu\u1ea3n tr\u1ecb \u0111\u01b0\u1ee3c \u0111\u00e1nh gi\u00e1 cao nh\u1ea5t m\u1ecdi th\u1eddi \u0111\u1ea1i.<\/strong><\/p>\n<p style=\"margin-bottom: 1.3em;margin-top: 0px;font-family: Exo, sans-serif;font-style: normal;font-weight: 400;letter-spacing: normal;text-align: start;text-indent: 0px;text-transform: none;text-decoration: none\">7 th\u00f3i quen \u0111\u01b0\u1ee3c \u0111\u1ec1 c\u1eadp \u0111\u1ebfn trong cu\u1ed1n s\u00e1ch 7 th\u00f3i quen hi\u1ec7u qu\u1ea3 gi\u00fap b\u1ea1n c\u00f3 th\u1ec3 gi\u1ea3i quy\u1ebft \u0111\u01b0\u1ee3c nhi\u1ec1u kh\u00f3 kh\u0103n trong cu\u1ed9c s\u1ed1ng. \u0110\u1ed3ng th\u1eddi gi\u00fap b\u1ea1n nh\u1eadn \u0111\u01b0\u1ee3c s\u1ef1 y\u00eau m\u1ebfn, qu\u00fd tr\u1ecdng c\u1ee7a nh\u1eefng ng\u01b0\u1eddi xung quanh.<\/p>\n<p style=\"margin-bottom: 1.3em;margin-top: 0px;font-family: Exo, sans-serif;font-style: normal;font-weight: 400;letter-spacing: normal;text-align: start;text-indent: 0px;text-transform: none;text-decoration: none\">Cu\u1ed1n s\u00e1ch 7 Habits of Highly Effective People \u0111\u01b0\u1ee3c d\u1ecbch ra ti\u1ebfng Vi\u1ec7t v\u1edbi t\u1ef1a \u0111\u1ec1 7 th\u00f3i quen hi\u1ec7u qu\u1ea3. T\u00e1c ph\u1ea9m n\u00e0y \u0111\u00e3 xu\u1ea5t hi\u1ec7n tr\u00ean th\u1ecb tr\u01b0\u1eddng Vi\u1ec7t Nam \u0111\u01b0\u1ee3c kho\u1ea3ng 10 n\u0103m. N\u1ed9i dung d\u1ecbch kh\u00e1 s\u00e1t ngh\u0129a v\u00e0 r\u1ea5t d\u1ec5 \u0111\u1ecdc. Trong t\u00e1c ph\u1ea9m n\u00e0y t\u00e1c gi\u1ea3 c\u00f2n \u0111\u01b0a v\u00e0o nh\u1eefng c\u00f4ng c\u1ee5, v\u00ed d\u1ee5 th\u1ef1c ti\u1ec5n \u0111\u1ec3 ng\u01b0\u1eddi \u0111\u1ecdc d\u1ec5 hi\u1ec3u h\u01a1n. \u0110\u00e2y l\u00e0 m\u1ed9t cu\u1ed1n s\u00e1ch v\u1ec1 qu\u1ea3n tr\u1ecb con ng\u01b0\u1eddi r\u1ea5t \u0111\u00e1ng \u0111\u1ec3 \u0111\u1ecdc.<\/p>\n","protected":false},"excerpt":{"rendered":"<p>7 Th\u00f3i quen Hi\u1ec7u qu\u1ea3 (7 Habits of Highly Effective People) \u2013 Cu\u1ed1n s\u00e1ch c\u1ee7a Stephen R.Covey \u0111\u00e3 \u0111\u01b0\u1ee3c d\u1ecbch sang 40 ng\u00f4n ng\u1eef kh\u00e1c nhau v\u00e0 b\u00e1n ra h\u01a1n 30 tri\u1ec7u b\u1ea3n tr\u00ean to\u00e0n th\u1ebf gi\u1edbi. \u0110\u00e2y \u0111\u01b0\u1ee3c xem l\u00e0 cu\u1ed1n s\u00e1ch v\u1ec1 l\u0129nh v\u1ef1c qu\u1ea3n tr\u1ecb \u0111\u01b0\u1ee3c \u0111\u00e1nh gi\u00e1 cao nh\u1ea5t m\u1ecdi th\u1eddi [&hellip;]<\/p>\n","protected":false},"featured_media":193,"comment_status":"open","ping_status":"closed","template":"","meta":[],"product_cat":[15],"product_tag":[],"class_list":["post-197","product","type-product","status-publish","has-post-thumbnail","hentry","product_cat-uncategorized"],"_links":{"self":[{"href":"https:\/\/sachgiakho.com\/index.php\/wp-json\/wp\/v2\/product\/197","targetHints":{"allow":["GET"]}}],"collection":[{"href":"https:\/\/sachgiakho.com\/index.php\/wp-json\/wp\/v2\/product"}],"about":[{"href":"https:\/\/sachgiakho.com\/index.php\/wp-json\/wp\/v2\/types\/product"}],"replies":[{"embeddable":true,"href":"https:\/\/sachgiakho.com\/index.php\/wp-json\/wp\/v2\/comments?post=197"}],"wp:featuredmedia":[{"embeddable":true,"href":"https:\/\/sachgiakho.com\/index.php\/wp-json\/wp\/v2\/media\/193"}],"wp:attachment":[{"href":"https:\/\/sachgiakho.com\/index.php\/wp-json\/wp\/v2\/media?parent=197"}],"wp:term":[{"taxonomy":"product_cat","embeddable":true,"href":"https:\/\/sachgiakho.com\/index.php\/wp-json\/wp\/v2\/product_cat?post=197"},{"taxonomy":"product_tag","embeddable":true,"href":"https:\/\/sachgiakho.com\/index.php\/wp-json\/wp\/v2\/product_tag?post=197"}],"curies":[{"name":"wp","href":"https:\/\/api.w.org\/{rel}","templated":true}]}}