{"id":167,"date":"2023-03-30T19:12:04","date_gmt":"2023-03-30T12:12:04","guid":{"rendered":"https:\/\/sachgiakho.com\/?post_type=product&#038;p=167"},"modified":"2026-04-06T21:53:22","modified_gmt":"2026-04-06T14:53:22","slug":"phi-ly-tri","status":"publish","type":"product","link":"https:\/\/sachgiakho.com\/index.php\/product\/phi-ly-tri\/","title":{"rendered":"Phi L\u00fd Tr\u00ed"},"content":{"rendered":"<p><img loading=\"lazy\" decoding=\"async\" class=\"alignnone size-full wp-image-168\" src=\"https:\/\/sachgiakho.com\/wp-content\/uploads\/2023\/03\/phi-ly-tri.jpg\" alt=\"\" width=\"186\" height=\"300\" \/><\/p>\n<div class=\"flex-1 overflow-hidden\">\n<div class=\"react-scroll-to-bottom--css-wzmms-79elbk h-full dark:bg-gray-800\">\n<div class=\"react-scroll-to-bottom--css-wzmms-1n7m0yu\">\n<div class=\"flex flex-col items-center text-sm dark:bg-gray-800\">\n<div class=\"group w-full text-gray-800 dark:text-gray-100 border-b border-black\/10 dark:border-gray-900\/50 bg-gray-50 dark:bg-[#444654]\">\n<div class=\"text-base gap-4 md:gap-6 md:max-w-2xl lg:max-w-xl xl:max-w-3xl p-4 md:py-6 flex lg:px-0 m-auto\">\n<div class=\"relative flex w-[calc(100%-50px)] flex-col gap-1 md:gap-3 lg:w-[calc(100%-115px)]\">\n<div class=\"flex flex-grow flex-col gap-3\">\n<div class=\"min-h-[20px] flex flex-col items-start gap-4 whitespace-pre-wrap\">\n<div class=\"markdown prose w-full break-words dark:prose-invert light\">\n<p>Cu\u1ed1n s\u00e1ch &#8220;Phi L\u00fd Tr\u00ed&#8221; (ti\u1ebfng Anh: &#8220;Predictably Irrational&#8221;) c\u1ee7a Dan Ariely l\u00e0 m\u1ed9t cu\u1ed1n s\u00e1ch r\u1ea5t n\u1ed5i ti\u1ebfng trong l\u0129nh v\u1ef1c t\u00e2m l\u00fd h\u1ecdc v\u00e0 kinh t\u1ebf h\u1ecdc h\u00e0nh vi. Cu\u1ed1n s\u00e1ch gi\u00fap \u0111\u1ed9c gi\u1ea3 hi\u1ec3u \u0111\u01b0\u1ee3c t\u00e2m l\u00fd con ng\u01b0\u1eddi \u0111\u1eb1ng sau nh\u1eefng quy\u1ebft \u0111\u1ecbnh kinh t\u1ebf v\u00e0 h\u00e0nh vi \u0111\u1eddi s\u1ed1ng h\u00e0ng ng\u00e0y, v\u00e0 cung c\u1ea5p m\u1ed9t c\u00e1i nh\u00ecn m\u1edbi v\u1ec1 s\u1ef1 phi l\u00fd c\u1ee7a ch\u00fang ta.<\/p>\n<p>Trong cu\u1ed1n s\u00e1ch n\u00e0y, Dan Ariely tr\u00ecnh b\u00e0y nh\u1eefng nghi\u00ean c\u1ee9u c\u1ee7a m\u00ecnh v\u1ec1 c\u00e1ch ch\u00fang ta \u0111\u00e1nh gi\u00e1 gi\u00e1 tr\u1ecb c\u1ee7a c\u00e1c s\u1ea3n ph\u1ea9m, t\u1ea1i sao ch\u00fang ta th\u00edch nh\u1eefng th\u1ee9 mi\u1ec5n ph\u00ed v\u00e0 t\u1ea1i sao ch\u00fang ta d\u1ec5 d\u00e0ng b\u1ecb \u1ea3nh h\u01b0\u1edfng b\u1edfi nh\u1eefng l\u1eddi khuy\u00ean t\u1eeb ng\u01b0\u1eddi kh\u00e1c. Cu\u1ed1n s\u00e1ch c\u0169ng \u0111\u01b0a ra nh\u1eefng c\u00e2u chuy\u1ec7n th\u00fa v\u1ecb v\u1ec1 s\u1ef1 phi l\u00fd c\u1ee7a con ng\u01b0\u1eddi v\u00e0 nh\u1eefng quy\u1ebft \u0111\u1ecbnh kh\u00f4ng \u0111\u00fang \u0111\u1eafn m\u00e0 ch\u00fang ta th\u01b0\u1eddng g\u1eb7p ph\u1ea3i.<\/p>\n<p>T\u00f3m l\u1ea1i, &#8220;Phi L\u00fd Tr\u00ed&#8221; l\u00e0 m\u1ed9t cu\u1ed1n s\u00e1ch th\u00fa v\u1ecb v\u00e0 c\u00f3 gi\u00e1 tr\u1ecb v\u1ec1 m\u1eb7t h\u1ecdc thu\u1eadt, nh\u01b0ng c\u0169ng r\u1ea5t d\u1ec5 \u0111\u1ecdc v\u00e0 hi\u1ec3u. Cu\u1ed1n s\u00e1ch n\u00e0y th\u1ef1c s\u1ef1 c\u00f3 th\u1ec3 gi\u00fap \u0111\u1ed9c gi\u1ea3 hi\u1ec3u \u0111\u01b0\u1ee3c b\u1ea3n ch\u1ea5t c\u1ee7a s\u1ef1 phi l\u00fd v\u00e0 \u00e1p d\u1ee5ng nh\u1eefng ki\u1ebfn th\u1ee9c n\u00e0y v\u00e0o cu\u1ed9c s\u1ed1ng h\u00e0ng ng\u00e0y.<br \/>\nSachgiakho.com<\/p>\n<\/div>\n<\/div>\n<\/div>\n<\/div>\n<\/div>\n<\/div>\n<\/div>\n<\/div>\n<\/div>\n<\/div>\n","protected":false},"excerpt":{"rendered":"<p>Trong cu\u1ed1n s\u00e1ch n\u00e0y, Dan Ariely tr\u00ecnh b\u00e0y nh\u1eefng nghi\u00ean c\u1ee9u c\u1ee7a m\u00ecnh v\u1ec1 c\u00e1ch ch\u00fang ta \u0111\u00e1nh gi\u00e1 gi\u00e1 tr\u1ecb c\u1ee7a c\u00e1c s\u1ea3n ph\u1ea9m, t\u1ea1i sao ch\u00fang ta th\u00edch nh\u1eefng th\u1ee9 mi\u1ec5n ph\u00ed v\u00e0 t\u1ea1i sao ch\u00fang ta d\u1ec5 d\u00e0ng b\u1ecb \u1ea3nh h\u01b0\u1edfng b\u1edfi nh\u1eefng l\u1eddi khuy\u00ean t\u1eeb ng\u01b0\u1eddi kh\u00e1c. Cu\u1ed1n s\u00e1ch c\u0169ng \u0111\u01b0a ra nh\u1eefng c\u00e2u chuy\u1ec7n th\u00fa v\u1ecb v\u1ec1 s\u1ef1 phi l\u00fd c\u1ee7a con ng\u01b0\u1eddi v\u00e0 nh\u1eefng quy\u1ebft \u0111\u1ecbnh kh\u00f4ng \u0111\u00fang \u0111\u1eafn m\u00e0 ch\u00fang ta th\u01b0\u1eddng g\u1eb7p ph\u1ea3i.<\/p>\n","protected":false},"featured_media":168,"comment_status":"open","ping_status":"closed","template":"","meta":[],"product_cat":[16],"product_tag":[],"class_list":["post-167","product","type-product","status-publish","has-post-thumbnail","hentry","product_cat-sach-phat-trien-tu-duy"],"_links":{"self":[{"href":"https:\/\/sachgiakho.com\/index.php\/wp-json\/wp\/v2\/product\/167","targetHints":{"allow":["GET"]}}],"collection":[{"href":"https:\/\/sachgiakho.com\/index.php\/wp-json\/wp\/v2\/product"}],"about":[{"href":"https:\/\/sachgiakho.com\/index.php\/wp-json\/wp\/v2\/types\/product"}],"replies":[{"embeddable":true,"href":"https:\/\/sachgiakho.com\/index.php\/wp-json\/wp\/v2\/comments?post=167"}],"wp:featuredmedia":[{"embeddable":true,"href":"https:\/\/sachgiakho.com\/index.php\/wp-json\/wp\/v2\/media\/168"}],"wp:attachment":[{"href":"https:\/\/sachgiakho.com\/index.php\/wp-json\/wp\/v2\/media?parent=167"}],"wp:term":[{"taxonomy":"product_cat","embeddable":true,"href":"https:\/\/sachgiakho.com\/index.php\/wp-json\/wp\/v2\/product_cat?post=167"},{"taxonomy":"product_tag","embeddable":true,"href":"https:\/\/sachgiakho.com\/index.php\/wp-json\/wp\/v2\/product_tag?post=167"}],"curies":[{"name":"wp","href":"https:\/\/api.w.org\/{rel}","templated":true}]}}