{"id":164,"date":"2023-03-30T19:05:52","date_gmt":"2023-03-30T12:05:52","guid":{"rendered":"https:\/\/sachgiakho.com\/?post_type=product&#038;p=164"},"modified":"2026-04-08T06:06:29","modified_gmt":"2026-04-07T23:06:29","slug":"tam-ly-hoc-toi-pham-phac-hoa-chan-dung-ke-pham-toi","status":"publish","type":"product","link":"https:\/\/sachgiakho.com\/index.php\/product\/tam-ly-hoc-toi-pham-phac-hoa-chan-dung-ke-pham-toi\/","title":{"rendered":"T\u00e2m l\u00fd h\u1ecdc t\u1ed9i ph\u1ea1m: Ph\u00e1c h\u1ecda ch\u00e2n dung k\u1ebb ph\u1ea1m t\u1ed9i"},"content":{"rendered":"<p><img loading=\"lazy\" decoding=\"async\" class=\"alignnone size-medium wp-image-165\" src=\"https:\/\/sachgiakho.com\/wp-content\/uploads\/2023\/03\/reviewsach.net-tam-ly-hoc-toi-pham2-300x200.jpg\" alt=\"s\u00e1ch gi\u00e1 kho\" width=\"300\" height=\"200\" srcset=\"https:\/\/sachgiakho.com\/wp-content\/uploads\/2023\/03\/reviewsach.net-tam-ly-hoc-toi-pham2-300x200.jpg 300w, https:\/\/sachgiakho.com\/wp-content\/uploads\/2023\/03\/reviewsach.net-tam-ly-hoc-toi-pham2-768x512.jpg 768w, https:\/\/sachgiakho.com\/wp-content\/uploads\/2023\/03\/reviewsach.net-tam-ly-hoc-toi-pham2-416x277.jpg 416w, https:\/\/sachgiakho.com\/wp-content\/uploads\/2023\/03\/reviewsach.net-tam-ly-hoc-toi-pham2.jpg 1000w\" sizes=\"auto, (max-width: 300px) 100vw, 300px\" \/><\/p>\n<ul>\n<li>T\u00e1c gi\u1ea3 Di\u1ec7p H\u1ed3ng V\u0169<\/li>\n<li>Ng\u01b0\u1eddi D\u1ecbch \u0110\u1ed7 \u00c1i Nhi<\/li>\n<li>NXB NXB Thanh Ni\u00ean<\/li>\n<li>N\u0103m XB 2021<\/li>\n<li>Ng\u00f4n Ng\u1eef Ti\u1ebfng Vi\u1ec7t<\/li>\n<li>K\u00edch Th\u01b0\u1edbc Bao B\u00ec 24 x 16 cm<\/li>\n<li>S\u1ed1 trang 280<\/li>\n<li>H\u00ecnh th\u1ee9c B\u00eca M\u1ec1m<\/li>\n<li><\/li>\n<li>Gi\u1edbi thi\u1ec7u s\u00e1ch:<\/li>\n<li>T\u1ed9i ph\u1ea1m, nh\u1ea5t l\u00e0 nh\u1eefng v\u1ee5 \u00e1n m\u1ea1ng, lu\u00f4n l\u00e0 m\u1ed9t ch\u1ee7 \u0111\u1ec1 thu h\u00fat s\u1ef1 quan t\u00e2m c\u1ee7a c\u00f4ng ch\u00fang, kh\u01a1i g\u1ee3i s\u1ef1 hi\u1ebfu k\u1ef3 c\u1ee7a b\u1ea5t c\u1ee9 ai. M\u1ed9t khi \u0111\u00e3 b\u1eaft \u0111\u1ea7u theo d\u00f5i v\u1ee5 \u00e1n, h\u1eb3n b\u1ea1n kh\u00f4ng th\u1ec3 kh\u00f4ng quan t\u00e2m t\u1edbi k\u1ebft c\u1ee5c, \u0111\u1eb7c bi\u1ec7t l\u00e0 c\u00e1ch th\u1ee9c v\u00e0 \u0111\u1ed9ng c\u01a1 c\u1ee7a k\u1ebb s\u00e1t nh\u00e2n, t\u1eeb nh\u1eefng v\u1ee5 \u00e1n ph\u1ea1m vi h\u1eb9p cho \u0111\u1ebfn nh\u1eefng v\u1ee5 \u00e1n l\u00e0m r\u00fang \u0111\u1ed9ng c\u1ea3 th\u1ebf gi\u1edbi.<\/li>\n<li><\/li>\n<li>L\u1ea5y 36 v\u1ee5 \u00e1n C\u00d3 TH\u1eacT kinh \u0111i\u1ec3n nh\u1ea5t trong h\u1ed3 s\u01a1 t\u1ed9i ph\u1ea1m c\u1ee7a FBI, \u201cT\u00e2m l\u00fd h\u1ecdc t\u1ed9i ph\u1ea1m &#8211; ph\u00e1c h\u1ecda ch\u00e2n dung k\u1ebb ph\u1ea1m t\u1ed9i\u201d mang \u0111\u1ebfn c\u00e1i nh\u00ecn to\u00e0n c\u1ea3nh c\u1ee7a c\u00e1c chuy\u00ean gia v\u1ec1 ch\u00e2n dung t\u00e2m l\u00fd t\u1ed9i ph\u1ea1m. Tr\u1ea3 l\u1eddi cho c\u00e2u h\u1ecfi: L\u00e0m th\u1ebf n\u00e0o ph\u00e2n t\u00edch \u0111\u01b0\u1ee3c t\u00e2m l\u00fd v\u00e0 h\u00e0nh vi t\u1ed9i ph\u1ea1m, t\u1eeb \u0111\u00f3 kh\u00f4i ph\u1ee5c s\u1ef1 th\u1eadt th\u00f4ng qua c\u00e1c manh m\u1ed1i, t\u1eeb hi\u1ec7n tr\u01b0\u1eddng v\u1ee5 \u00e1n, th\u1eddi gian, d\u1ea5u t\u00edch,\u2026 \u0111\u1ec3 t\u00ecm ra k\u1ebb s\u00e1t nh\u00e2n th\u1ef1c s\u1ef1.<\/li>\n<li><\/li>\n<li>\u0110\u1eb1ng sau m\u00e1u v\u00e0 n\u01b0\u1edbc m\u1eaft l\u00e0 c\u00e1c c\u00e2u chuy\u1ec7n r\u1ee3n t\u00f3c g\u00e1y v\u1ec1 t\u1ed9i \u00e1c, g\u00f3c khu\u1ea5t x\u00e3 h\u1ed9i v\u00e0 nh\u1eefng m\u00e0n \u0111\u1ea5u tr\u00ed \u0111\u1ea7y gay c\u1ea5n gi\u1eefa \u0111i\u1ec1u tra vi\u00ean v\u00e0 k\u1ebb ph\u1ea1m t\u1ed9i. Trong s\u1ed1 \u0111\u00f3 c\u00f3 nh\u1eefng con qu\u1ef7 \u0103n th\u1ecbt ng\u01b0\u1eddi; nh\u1eefng c\u00f4 g\u00e1i xinh \u0111\u1eb9p nh\u01b0ng x\u1ea3o quy\u1ec7t; v\u00e0 c\u1ea3 c\u00e1ch tr\u1ea3 th\u00f9 \u0111\u1ea7y man r\u1ee3 c\u1ee7a c\u00e1c nh\u00e0 khoa h\u1ecdc,\u2026 M\u1ed9t s\u1ed1 \u0111\u00e3 sa v\u00e0o l\u01b0\u1edbi ph\u00e1p lu\u1eadt ngay khi ch\u00fang v\u1eeba ra tay, nh\u01b0ng c\u0169ng c\u00f3 nh\u1eefng k\u1ebb c\u1ee9 v\u1eady ng\u1ee7 y\u00ean h\u01a1n hai m\u01b0\u01a1i n\u0103m.<\/li>\n<li><\/li>\n<li>B\u1eb1ng gi\u1ecdng v\u0103n s\u1eafc b\u00e9n, \u201cT\u00e2m l\u00fd h\u1ecdc t\u1ed9i ph\u1ea1m &#8211; ph\u00e1c h\u1ecda ch\u00e2n dung k\u1ebb ph\u1ea1m t\u1ed9i\u201d h\u1ee9a h\u1eb9n d\u1eabn d\u1eaft ng\u01b0\u1eddi \u0111\u1ecdc \u0111i qua c\u00e1c cung b\u1eadc c\u1ea3m x\u00fac t\u1eeb t\u00f2 m\u00f2, ng\u1ea1c nhi\u00ean \u0111\u1ebfn s\u1ee3 h\u00e3i, hoang mang t\u1eadn c\u00f9ng. Ch\u00fang ta s\u1ebd l\u1ea7n t\u00ecm v\u1ec1 qu\u00e1 kh\u1ee9 \u0111\u1ec3 t\u1eebng b\u01b0\u1edbc g\u1ee1 nh\u1eefng n\u00fat th\u1eaft ch\u01b0a \u0111\u01b0\u1ee3c gi\u1ea3i, khi\u1ebfn ta &#8220;ng\u1ea1t th\u1edf&#8221; \u0111\u1ecdc t\u1edbi t\u1eadn trang cu\u1ed1i c\u00f9ng.<\/li>\n<\/ul>\n","protected":false},"excerpt":{"rendered":"<ul>\n<li><span data-spm-anchor-id=\"a2o4n.pdp_revamp.product_detail.i2.7f816c05h8hD1N\">L\u1ea5y 36 v\u1ee5 \u00e1n C\u00d3 TH\u1eacT kinh \u0111i\u1ec3n nh\u1ea5t trong h\u1ed3 s\u01a1 t\u1ed9i ph\u1ea1m c\u1ee7a FBI, \u201cT\u00e2m l\u00fd h\u1ecdc t\u1ed9i ph\u1ea1m &#8211; ph\u00e1c h\u1ecda ch\u00e2n dung k\u1ebb ph\u1ea1m t\u1ed9i\u201d mang \u0111\u1ebfn c\u00e1i nh\u00ecn to\u00e0n c\u1ea3nh c\u1ee7a c\u00e1c chuy\u00ean gia v\u1ec1 ch\u00e2n dung t\u00e2m l\u00fd t\u1ed9i ph\u1ea1m. Tr\u1ea3 l\u1eddi cho c\u00e2u h\u1ecfi: L\u00e0m th\u1ebf n\u00e0o ph\u00e2n t\u00edch \u0111\u01b0\u1ee3c t\u00e2m l\u00fd v\u00e0 h\u00e0nh vi t\u1ed9i ph\u1ea1m, t\u1eeb \u0111\u00f3 kh\u00f4i ph\u1ee5c s\u1ef1 th\u1eadt th\u00f4ng qua c\u00e1c manh m\u1ed1i, t\u1eeb hi\u1ec7n tr\u01b0\u1eddng v\u1ee5 \u00e1n, th\u1eddi gian, d\u1ea5u t\u00edch,\u2026 \u0111\u1ec3 t\u00ecm ra k\u1ebb s\u00e1t nh\u00e2n th\u1ef1c s\u1ef1.<\/span><\/li>\n<\/ul>\n","protected":false},"featured_media":166,"comment_status":"open","ping_status":"closed","template":"","meta":[],"product_cat":[23],"product_tag":[],"class_list":["post-164","product","type-product","status-publish","has-post-thumbnail","hentry","product_cat-sach-tam-ly"],"_links":{"self":[{"href":"https:\/\/sachgiakho.com\/index.php\/wp-json\/wp\/v2\/product\/164","targetHints":{"allow":["GET"]}}],"collection":[{"href":"https:\/\/sachgiakho.com\/index.php\/wp-json\/wp\/v2\/product"}],"about":[{"href":"https:\/\/sachgiakho.com\/index.php\/wp-json\/wp\/v2\/types\/product"}],"replies":[{"embeddable":true,"href":"https:\/\/sachgiakho.com\/index.php\/wp-json\/wp\/v2\/comments?post=164"}],"wp:featuredmedia":[{"embeddable":true,"href":"https:\/\/sachgiakho.com\/index.php\/wp-json\/wp\/v2\/media\/166"}],"wp:attachment":[{"href":"https:\/\/sachgiakho.com\/index.php\/wp-json\/wp\/v2\/media?parent=164"}],"wp:term":[{"taxonomy":"product_cat","embeddable":true,"href":"https:\/\/sachgiakho.com\/index.php\/wp-json\/wp\/v2\/product_cat?post=164"},{"taxonomy":"product_tag","embeddable":true,"href":"https:\/\/sachgiakho.com\/index.php\/wp-json\/wp\/v2\/product_tag?post=164"}],"curies":[{"name":"wp","href":"https:\/\/api.w.org\/{rel}","templated":true}]}}