{"id":161,"date":"2023-03-29T11:02:54","date_gmt":"2023-03-29T04:02:54","guid":{"rendered":"https:\/\/sachgiakho.com\/?post_type=product&#038;p=161"},"modified":"2026-04-14T05:56:13","modified_gmt":"2026-04-13T22:56:13","slug":"noi-chuyen-la-ban-nang-giu-mieng-la-tu-duong-im-lang-la-tri-tue","status":"publish","type":"product","link":"https:\/\/sachgiakho.com\/index.php\/product\/noi-chuyen-la-ban-nang-giu-mieng-la-tu-duong-im-lang-la-tri-tue\/","title":{"rendered":"N\u00f3i Chuy\u1ec7n L\u00e0 B\u1ea3n N\u0103ng, Gi\u1eef Mi\u1ec7ng L\u00e0 Tu D\u01b0\u1ee1ng, Im L\u1eb7ng L\u00e0 Tr\u00ed Tu\u1ec7"},"content":{"rendered":"<p>Cu\u1ed1n s\u00e1ch &#8220;N\u00f3i Chuy\u1ec7n L\u00e0 B\u1ea3n N\u0103ng, Gi\u1eef Mi\u1ec7ng L\u00e0 Tu D\u01b0\u1ee1ng, Im L\u1eb7ng L\u00e0 Tr\u00ed Tu\u1ec7&#8221; l\u00e0 m\u1ed9t trong nh\u1eefng t\u00e1c ph\u1ea9m \u0111\u01b0\u1ee3c vi\u1ebft d\u1ef1a tr\u00ean nh\u1eefng kinh nghi\u1ec7m th\u1ef1c t\u1ebf v\u00e0 t\u00e0i li\u1ec7u nghi\u00ean c\u1ee9u v\u1ec1 t\u00e2m l\u00fd h\u1ecdc, giao ti\u1ebfp v\u00e0 tr\u00ed tu\u1ec7 nh\u00e2n t\u1ea1o. T\u00e1c gi\u1ea3 \u0111\u00e3 t\u1eadp trung v\u00e0o vi\u1ec7c gi\u00fap \u0111\u1ed9c gi\u1ea3 hi\u1ec3u r\u00f5 h\u01a1n v\u1ec1 c\u00e1ch giao ti\u1ebfp \u0111\u00fang c\u00e1ch \u0111\u1ec3 t\u1ea1o n\u00ean m\u1ed9t m\u00f4i tr\u01b0\u1eddng s\u1ed1ng v\u00e0 l\u00e0m vi\u1ec7c t\u00edch c\u1ef1c, n\u00e2ng cao ch\u1ea5t l\u01b0\u1ee3ng cu\u1ed9c s\u1ed1ng v\u00e0 \u0111\u1ea1t \u0111\u01b0\u1ee3c th\u00e0nh c\u00f4ng trong s\u1ef1 nghi\u1ec7p.<br \/>\n<img loading=\"lazy\" decoding=\"async\" class=\"alignnone size-full wp-image-162\" src=\"https:\/\/sachgiakho.com\/wp-content\/uploads\/2023\/03\/noi-chuyen-la-ban-nang-im-lang-la-tri-tue.jpg\" alt=\"s\u00e1ch gi\u00e1 kho\" width=\"300\" height=\"300\" srcset=\"https:\/\/sachgiakho.com\/wp-content\/uploads\/2023\/03\/noi-chuyen-la-ban-nang-im-lang-la-tri-tue.jpg 300w, https:\/\/sachgiakho.com\/wp-content\/uploads\/2023\/03\/noi-chuyen-la-ban-nang-im-lang-la-tri-tue-150x150.jpg 150w, https:\/\/sachgiakho.com\/wp-content\/uploads\/2023\/03\/noi-chuyen-la-ban-nang-im-lang-la-tri-tue-100x100.jpg 100w\" sizes=\"auto, (max-width: 300px) 100vw, 300px\" \/><\/p>\n<p>T\u00e1c gi\u1ea3 cung c\u1ea5p nh\u1eefng ki\u1ebfn th\u1ee9c, k\u1ef9 n\u0103ng v\u00e0 b\u00e0i h\u1ecdc c\u1ea7n thi\u1ebft \u0111\u1ec3 tr\u1edf th\u00e0nh m\u1ed9t ng\u01b0\u1eddi giao ti\u1ebfp th\u00e0nh c\u00f4ng. T\u1eeb vi\u1ec7c x\u00e2y d\u1ef1ng ni\u1ec1m tin v\u00e0 s\u1ef1 t\u00f4n tr\u1ecdng trong giao ti\u1ebfp \u0111\u1ebfn c\u00e1ch s\u1eed d\u1ee5ng ng\u00f4n ng\u1eef c\u01a1 th\u1ec3 \u0111\u1ec3 truy\u1ec1n t\u1ea3i th\u00f4ng \u0111i\u1ec7p, t\u1ea5t c\u1ea3 \u0111\u1ec1u \u0111\u01b0\u1ee3c \u0111\u1ec1 c\u1eadp chi ti\u1ebft trong cu\u1ed1n s\u00e1ch.<\/p>\n<p>B\u00ean c\u1ea1nh \u0111\u00f3, t\u00e1c gi\u1ea3 c\u0169ng gi\u00fap \u0111\u1ed9c gi\u1ea3 hi\u1ec3u r\u00f5 h\u01a1n v\u1ec1 t\u1ea7m quan tr\u1ecdng c\u1ee7a vi\u1ec7c gi\u1eef mi\u1ec7ng v\u00e0 im l\u1eb7ng \u0111\u1ec3 t\u1eadp trung v\u00e0o l\u1eafng nghe v\u00e0 ph\u00e1t tri\u1ec3n tr\u00ed tu\u1ec7. \u0110i\u1ec1u n\u00e0y r\u1ea5t c\u1ea7n thi\u1ebft \u0111\u1ec3 ch\u00fang ta c\u00f3 th\u1ec3 \u0111\u1ea1t \u0111\u01b0\u1ee3c nh\u1eefng m\u1ee5c ti\u00eau l\u1edbn h\u01a1n v\u00e0 th\u0103ng ti\u1ebfn trong s\u1ef1 nghi\u1ec7p.<\/p>\n<p>V\u1edbi nh\u1eefng ki\u1ebfn th\u1ee9c v\u00e0 kinh nghi\u1ec7m \u0111\u01b0\u1ee3c chia s\u1ebb b\u1edfi t\u00e1c gi\u1ea3 trong cu\u1ed1n s\u00e1ch &#8220;N\u00f3i Chuy\u1ec7n L\u00e0 B\u1ea3n N\u0103ng, Gi\u1eef Mi\u1ec7ng L\u00e0 Tu D\u01b0\u1ee1ng, Im L\u1eb7ng L\u00e0 Tr\u00ed Tu\u1ec7&#8221;, b\u1ea1n s\u1ebd c\u00f3 th\u1ec3 ph\u00e1t tri\u1ec3n m\u1ed9t c\u00e1ch to\u00e0n di\u1ec7n, tr\u1edf th\u00e0nh m\u1ed9t ng\u01b0\u1eddi giao ti\u1ebfp th\u00e0nh c\u00f4ng v\u00e0 \u0111\u1ea1t \u0111\u01b0\u1ee3c th\u00e0nh c\u00f4ng trong cu\u1ed9c s\u1ed1ng.<\/p>\n","protected":false},"excerpt":{"rendered":"<p>&#8220;N\u00f3i Chuy\u1ec7n L\u00e0 B\u1ea3n N\u0103ng, Gi\u1eef Mi\u1ec7ng L\u00e0 Tu D\u01b0\u1ee1ng, Im L\u1eb7ng L\u00e0 Tr\u00ed Tu\u1ec7&#8221; l\u00e0 m\u1ed9t t\u00e1c ph\u1ea9m gi\u00fap \u0111\u1ed9c gi\u1ea3 hi\u1ec3u r\u00f5 h\u01a1n v\u1ec1 t\u1ea7m quan tr\u1ecdng c\u1ee7a vi\u1ec7c giao ti\u1ebfp trong cu\u1ed9c s\u1ed1ng h\u00e0ng ng\u00e0y. T\u00e1c gi\u1ea3 \u0111\u00e3 gi\u1ea3i th\u00edch v\u1ec1 t\u1ea7m quan tr\u1ecdng c\u1ee7a vi\u1ec7c s\u1eed d\u1ee5ng t\u1eeb ng\u1eef v\u00e0 c\u00e1ch th\u1ee9c th\u1ec3 hi\u1ec7n \u0111\u1ec3 t\u1ea1o ra \u1ea5n t\u01b0\u1ee3ng t\u1ed1t v\u1edbi ng\u01b0\u1eddi kh\u00e1c. B\u00ean c\u1ea1nh \u0111\u00f3, t\u00e1c gi\u1ea3 c\u0169ng nh\u1ea5n m\u1ea1nh v\u1ec1 t\u1ea7m quan tr\u1ecdng c\u1ee7a vi\u1ec7c gi\u1eef im l\u1eb7ng v\u00e0 l\u1eafng nghe \u0111\u1ec3 ph\u00e1t tri\u1ec3n tr\u00ed tu\u1ec7. T\u1eeb cu\u1ed1n s\u00e1ch n\u00e0y, b\u1ea1n s\u1ebd h\u1ecdc \u0111\u01b0\u1ee3c nh\u1eefng k\u1ef9 n\u0103ng giao ti\u1ebfp c\u1ea7n thi\u1ebft \u0111\u1ec3 giao ti\u1ebfp hi\u1ec7u qu\u1ea3 v\u00e0 c\u00f3 th\u1ec3 \u00e1p d\u1ee5ng v\u00e0o cu\u1ed9c s\u1ed1ng h\u00e0ng ng\u00e0y. N\u1ebfu b\u1ea1n mu\u1ed1n tr\u1edf th\u00e0nh m\u1ed9t ng\u01b0\u1eddi giao ti\u1ebfp th\u00e0nh c\u00f4ng v\u00e0 c\u00f3 tr\u00ed tu\u1ec7 s\u00e2u s\u1eafc, cu\u1ed1n s\u00e1ch n\u00e0y s\u1ebd l\u00e0 m\u1ed9t ngu\u1ed3n t\u00e0i li\u1ec7u h\u1eefu \u00edch v\u00e0 \u0111\u00e1ng \u0111\u1ecdc.<\/p>\n","protected":false},"featured_media":162,"comment_status":"open","ping_status":"closed","template":"","meta":[],"product_cat":[16,23],"product_tag":[],"class_list":["post-161","product","type-product","status-publish","has-post-thumbnail","hentry","product_cat-sach-phat-trien-tu-duy","product_cat-sach-tam-ly"],"_links":{"self":[{"href":"https:\/\/sachgiakho.com\/index.php\/wp-json\/wp\/v2\/product\/161","targetHints":{"allow":["GET"]}}],"collection":[{"href":"https:\/\/sachgiakho.com\/index.php\/wp-json\/wp\/v2\/product"}],"about":[{"href":"https:\/\/sachgiakho.com\/index.php\/wp-json\/wp\/v2\/types\/product"}],"replies":[{"embeddable":true,"href":"https:\/\/sachgiakho.com\/index.php\/wp-json\/wp\/v2\/comments?post=161"}],"wp:featuredmedia":[{"embeddable":true,"href":"https:\/\/sachgiakho.com\/index.php\/wp-json\/wp\/v2\/media\/162"}],"wp:attachment":[{"href":"https:\/\/sachgiakho.com\/index.php\/wp-json\/wp\/v2\/media?parent=161"}],"wp:term":[{"taxonomy":"product_cat","embeddable":true,"href":"https:\/\/sachgiakho.com\/index.php\/wp-json\/wp\/v2\/product_cat?post=161"},{"taxonomy":"product_tag","embeddable":true,"href":"https:\/\/sachgiakho.com\/index.php\/wp-json\/wp\/v2\/product_tag?post=161"}],"curies":[{"name":"wp","href":"https:\/\/api.w.org\/{rel}","templated":true}]}}