{"id":155,"date":"2023-03-28T16:24:52","date_gmt":"2023-03-28T09:24:52","guid":{"rendered":"https:\/\/sachgiakho.com\/?post_type=product&#038;p=155"},"modified":"2026-04-08T06:05:22","modified_gmt":"2026-04-07T23:05:22","slug":"mat-day-tam-den","status":"publish","type":"product","link":"https:\/\/sachgiakho.com\/index.php\/product\/mat-day-tam-den\/","title":{"rendered":"M\u1eb7t d\u00e0y t\u00e2m \u0111en"},"content":{"rendered":"<p>&#8220;M\u1eb7t D\u00e0y T\u00e2m \u0110en&#8221; l\u00e0 cu\u1ed1n s\u00e1ch gi\u1edbi thi\u1ec7u v\u1ec1 t\u01b0 t\u01b0\u1edfng v\u00e0 kinh nghi\u1ec7m l\u00e3nh \u0111\u1ea1o c\u1ee7a t\u00e1c gi\u1ea3 B\u00e1 D\u01b0\u01a1ng. T\u00ean cu\u1ed1n s\u00e1ch \u0111\u00e3 \u0111\u01b0\u1ee3c l\u1ea5y t\u1eeb hai ch\u1eef &#8220;h\u1eadu h\u1eafc&#8221; (h\u1eadu l\u00e0 d\u1ea7y, h\u1eafc l\u00e0 \u0111en) m\u00e0 t\u00e1c gi\u1ea3 \u0111\u00e3 nhi\u1ec1u l\u1ea7n \u0111\u1ec1 c\u1eadp trong c\u00e1c t\u00e1c ph\u1ea9m c\u1ee7a m\u00ecnh. Tuy nhi\u00ean, ngu\u1ed3n g\u1ed1c c\u1ee7a hai ch\u1eef n\u00e0y l\u1ea1i xu\u1ea5t ph\u00e1t t\u1eeb cu\u1ed1n s\u00e1ch &#8220;H\u1eadu h\u1eafc h\u1ecdc&#8221; c\u1ee7a t\u00e1c gi\u1ea3 L\u00fd T\u00f4n Ng\u00f4, m\u1ed9t t\u00e1c ph\u1ea9m g\u00e2y ch\u1ea5n \u0111\u1ed9ng c\u1ea3 n\u01b0\u1edbc v\u00e0o nh\u1eefng n\u0103m \u0111\u1ea7u D\u00e2n Qu\u1ed1c.<br \/>\n<img loading=\"lazy\" decoding=\"async\" class=\"alignnone size-full wp-image-156\" src=\"https:\/\/sachgiakho.com\/wp-content\/uploads\/2023\/03\/mat-day-tam-den.jpg\" alt=\"s\u00e1ch gi\u00e1 kho\" width=\"300\" height=\"300\" srcset=\"https:\/\/sachgiakho.com\/wp-content\/uploads\/2023\/03\/mat-day-tam-den.jpg 300w, https:\/\/sachgiakho.com\/wp-content\/uploads\/2023\/03\/mat-day-tam-den-150x150.jpg 150w, https:\/\/sachgiakho.com\/wp-content\/uploads\/2023\/03\/mat-day-tam-den-100x100.jpg 100w\" sizes=\"auto, (max-width: 300px) 100vw, 300px\" \/><\/p>\n<p>&#8221; M\u1eb7t D\u00e0y T\u00e2m \u0110en&#8221; gi\u00fap \u0111\u1ed9c gi\u1ea3 t\u00ecm hi\u1ec3u v\u1ec1 b\u1ea3n ch\u1ea5t c\u1ee7a l\u00e3nh \u0111\u1ea1o v\u00e0 nh\u1eefng k\u1ef9 n\u0103ng qu\u1ea3n l\u00fd ng\u01b0\u1eddi kh\u00e1c c\u1ea7n c\u00f3 \u0111\u1ec3 tr\u1edf th\u00e0nh m\u1ed9t ng\u01b0\u1eddi l\u00e3nh \u0111\u1ea1o th\u1ef1c th\u1ee5. Cu\u1ed1n s\u00e1ch nh\u1ea5n m\u1ea1nh r\u1eb1ng, n\u0103ng l\u1ef1c qu\u1ea3n l\u00fd ng\u01b0\u1eddi kh\u00e1c l\u00e0 m\u1ea5u ch\u1ed1t c\u1ee7a m\u1ecdi th\u00e0nh c\u00f4ng trong vai tr\u00f2 l\u00e3nh \u0111\u1ea1o.<\/p>\n<p>Ngo\u00e0i ra, &#8220;M\u1eb7t D\u00e0y T\u00e2m \u0110en&#8221; c\u00f2n \u0111\u1ec1 c\u1eadp \u0111\u1ebfn vi\u1ec7c r\u00e8n luy\u1ec7n n\u1ed9i t\u00e2m, t\u1ef1 r\u00e8n luy\u1ec7n \u0111\u1ec3 tr\u1edf th\u00e0nh m\u1ed9t ng\u01b0\u1eddi l\u00e3nh \u0111\u1ea1o \u0111\u00fang ngh\u0129a. T\u00e1c gi\u1ea3 cho r\u1eb1ng n\u1ed9i t\u00e2m l\u00e0 ch\u00ednh, &#8220;ngo\u1ea1i luy\u1ec7n&#8221; ch\u1ec9 l\u00e0 ph\u1ee5.<\/p>\n<p>Tuy nhi\u00ean, \u0111\u1ec3 hi\u1ec3u s\u00e2u h\u01a1n v\u1ec1 \u00fd ngh\u0129a c\u1ee7a hai ch\u1eef &#8220;h\u1eadu h\u1eafc&#8221;, \u0111\u1ed9c gi\u1ea3 c\u1ea7n m\u1edf mang khai th\u00f4ng tr\u00ed tu\u1ec7, thay \u0111\u1ed5i quan ni\u1ec7m, v\u00e0 ph\u00e1 v\u1ee1 nh\u1eefng l\u1ec1 th\u00f3i c\u0169, l\u1ea1c h\u1eadu kh\u00f4ng ph\u00f9 h\u1ee3p. Ch\u1ec9 khi \u0111\u00f3, ch\u00fang ta m\u1edbi c\u00f3 th\u1ec3 t\u00ecm th\u1ea5y nh\u1eefng t\u01b0 t\u01b0\u1edfng t\u00edch c\u1ef1c trong &#8220;H\u1eadu h\u1eafc h\u1ecdc&#8221;, v\u00e0 bi\u1ebfn nh\u1eefng c\u00e1i v\u1ed1n \u0111\u00e3 m\u1ee5c n\u00e1t, bi\u1ebfn ch\u1ea5t th\u00e0nh nh\u1eefng \u0111i\u1ec1u th\u1ea7n k\u1ef3.<\/p>\n<p>T\u00f3m l\u1ea1i, &#8220;M\u1eb7t D\u00e0y T\u00e2m \u0110en&#8221; l\u00e0 cu\u1ed1n s\u00e1ch gi\u00fap ng\u01b0\u1eddi \u0111\u1ecdc hi\u1ec3u r\u00f5 h\u01a1n v\u1ec1 b\u1ea3n ch\u1ea5t c\u1ee7a l\u00e3nh \u0111\u1ea1o v\u00e0 cung c\u1ea5p cho h\u1ecd nh\u1eefng k\u1ef9 n\u0103ng v\u00e0 t\u01b0 t\u01b0\u1edfng c\u1ea7n thi\u1ebft \u0111\u1ec3 tr\u1edf th\u00e0nh m\u1ed9t ng\u01b0\u1eddi l\u00e3nh \u0111\u1ea1o th\u00e0nh c\u00f4ng.<\/p>\n","protected":false},"excerpt":{"rendered":"<p>&#8221; M\u1eb7t D\u00e0y T\u00e2m \u0110en&#8221; gi\u00fap \u0111\u1ed9c gi\u1ea3 t\u00ecm hi\u1ec3u v\u1ec1 b\u1ea3n ch\u1ea5t c\u1ee7a l\u00e3nh \u0111\u1ea1o v\u00e0 nh\u1eefng k\u1ef9 n\u0103ng qu\u1ea3n l\u00fd ng\u01b0\u1eddi kh\u00e1c c\u1ea7n c\u00f3 \u0111\u1ec3 tr\u1edf th\u00e0nh m\u1ed9t ng\u01b0\u1eddi l\u00e3nh \u0111\u1ea1o th\u1ef1c th\u1ee5. Cu\u1ed1n s\u00e1ch nh\u1ea5n m\u1ea1nh r\u1eb1ng, n\u0103ng l\u1ef1c qu\u1ea3n l\u00fd ng\u01b0\u1eddi kh\u00e1c l\u00e0 m\u1ea5u ch\u1ed1t c\u1ee7a m\u1ecdi th\u00e0nh c\u00f4ng trong vai tr\u00f2 l\u00e3nh \u0111\u1ea1o.<\/p>\n","protected":false},"featured_media":156,"comment_status":"open","ping_status":"closed","template":"","meta":[],"product_cat":[17,16],"product_tag":[],"class_list":["post-155","product","type-product","status-publish","has-post-thumbnail","hentry","product_cat-sach-kinh-doanh","product_cat-sach-phat-trien-tu-duy"],"_links":{"self":[{"href":"https:\/\/sachgiakho.com\/index.php\/wp-json\/wp\/v2\/product\/155","targetHints":{"allow":["GET"]}}],"collection":[{"href":"https:\/\/sachgiakho.com\/index.php\/wp-json\/wp\/v2\/product"}],"about":[{"href":"https:\/\/sachgiakho.com\/index.php\/wp-json\/wp\/v2\/types\/product"}],"replies":[{"embeddable":true,"href":"https:\/\/sachgiakho.com\/index.php\/wp-json\/wp\/v2\/comments?post=155"}],"wp:featuredmedia":[{"embeddable":true,"href":"https:\/\/sachgiakho.com\/index.php\/wp-json\/wp\/v2\/media\/156"}],"wp:attachment":[{"href":"https:\/\/sachgiakho.com\/index.php\/wp-json\/wp\/v2\/media?parent=155"}],"wp:term":[{"taxonomy":"product_cat","embeddable":true,"href":"https:\/\/sachgiakho.com\/index.php\/wp-json\/wp\/v2\/product_cat?post=155"},{"taxonomy":"product_tag","embeddable":true,"href":"https:\/\/sachgiakho.com\/index.php\/wp-json\/wp\/v2\/product_tag?post=155"}],"curies":[{"name":"wp","href":"https:\/\/api.w.org\/{rel}","templated":true}]}}