{"id":122,"date":"2023-03-05T16:19:01","date_gmt":"2023-03-05T09:19:01","guid":{"rendered":"https:\/\/sachgiakho.com\/?post_type=product&#038;p=122"},"modified":"2023-03-05T16:22:17","modified_gmt":"2023-03-05T09:22:17","slug":"luat-tam-thuc-giai-ma-ma-tran-vu-tru-in-kho-lon","status":"publish","type":"product","link":"https:\/\/sachgiakho.com\/index.php\/product\/luat-tam-thuc-giai-ma-ma-tran-vu-tru-in-kho-lon\/","title":{"rendered":"Lu\u1eadt T\u00e2m Th\u1ee9c &#8211; Gi\u1ea3i M\u00e3 Ma Tr\u1eadn V\u0169 Tr\u1ee5 (in kh\u1ed5 l\u1edbn)"},"content":{"rendered":"<p><span data-sheets-value=\"{&quot;1&quot;:2,&quot;2&quot;:&quot;Lu\u1eadt T\u00e2m Th\u1ee9c - Gi\u1ea3i M\u00e3 Ma Tr\u1eadn V\u0169 Tr\u1ee5 - Ng\u00f4 Sa Th\u1ea1ch&quot;}\" data-sheets-userformat=\"{&quot;2&quot;:15059,&quot;3&quot;:{&quot;1&quot;:0},&quot;4&quot;:{&quot;1&quot;:2,&quot;2&quot;:13689059},&quot;7&quot;:{&quot;1&quot;:[{&quot;1&quot;:2,&quot;2&quot;:0,&quot;5&quot;:{&quot;1&quot;:2,&quot;2&quot;:0}},{&quot;1&quot;:0,&quot;2&quot;:0,&quot;3&quot;:3},{&quot;1&quot;:1,&quot;2&quot;:0,&quot;4&quot;:1}]},&quot;9&quot;:0,&quot;10&quot;:2,&quot;12&quot;:0,&quot;14&quot;:{&quot;1&quot;:2,&quot;2&quot;:0},&quot;15&quot;:&quot;Times New Roman&quot;,&quot;16&quot;:15}\">Lu\u1eadt T\u00e2m Th\u1ee9c &#8211; Gi\u1ea3i M\u00e3 Ma Tr\u1eadn V\u0169 Tr\u1ee5 &#8211; Ng\u00f4 Sa Th\u1ea1ch<br \/>\n<\/span><\/p>\n<p><img loading=\"lazy\" decoding=\"async\" class=\"alignnone size-medium wp-image-124\" src=\"https:\/\/sachgiakho.com\/wp-content\/uploads\/2023\/03\/luat-tam-thuc-1-300x300.jpg\" alt=\"sachgiakho.com\" width=\"300\" height=\"300\" srcset=\"https:\/\/sachgiakho.com\/wp-content\/uploads\/2023\/03\/luat-tam-thuc-1-300x300.jpg 300w, https:\/\/sachgiakho.com\/wp-content\/uploads\/2023\/03\/luat-tam-thuc-1-100x100.jpg 100w, https:\/\/sachgiakho.com\/wp-content\/uploads\/2023\/03\/luat-tam-thuc-1-150x150.jpg 150w, https:\/\/sachgiakho.com\/wp-content\/uploads\/2023\/03\/luat-tam-thuc-1.jpg 320w\" sizes=\"auto, (max-width: 300px) 100vw, 300px\" \/><br \/>\n\u201cLu\u1eadt T\u00e2m Th\u1ee9c &#8211; gi\u1ea3i m\u00e3 ma tr\u1eadn v\u0169 tr\u1ee5\u201d l\u00e0 m\u1ed9t cu\u1ed1n s\u00e1ch \u0111\u1ea7y th\u00fa v\u1ecb v\u00e0 \u0111\u1ea7y c\u1ea3m h\u1ee9ng, \u0111\u01b0\u1ee3c t\u00e1c gi\u1ea3 Ng\u00f4 Sa Th\u1ea1ch vi\u1ebft v\u1edbi m\u1ee5c \u0111\u00edch gi\u1ea3i \u0111\u00e1p nh\u1eefng c\u00e2u h\u1ecfi l\u1edbn lao c\u1ee7a con ng\u01b0\u1eddi v\u1ec1 s\u1ef1 t\u1ed3n t\u1ea1i v\u00e0 \u00fd ngh\u0129a cu\u1ed9c s\u1ed1ng. Cu\u1ed1n s\u00e1ch \u0111\u01b0a ra nh\u1eefng g\u00f3c nh\u00ecn \u0111\u1ed9c \u0111\u00e1o v\u1ec1 v\u0169 tr\u1ee5 v\u00e0 s\u1ef1 t\u1ed3n t\u1ea1i c\u1ee7a ch\u00fang ta, v\u1edbi nhi\u1ec1u th\u00f4ng tin th\u00fa v\u1ecb \u0111\u01b0\u1ee3c t\u00e1c gi\u1ea3 \u0111\u01b0a ra t\u1eeb c\u00e1c ki\u1ebfn th\u1ee9c c\u1ed5 x\u01b0a nh\u1ea5t c\u1ee7a lo\u00e0i ng\u01b0\u1eddi.<\/p>\n<p>Cu\u1ed1n s\u00e1ch \u0111\u1ec1 c\u1eadp \u0111\u1ebfn nhi\u1ec1u ch\u1ee7 \u0111\u1ec1 th\u00fa v\u1ecb nh\u01b0 ngu\u1ed3n g\u1ed1c c\u1ee7a v\u0169 tr\u1ee5, quy lu\u1eadt t\u1ef1 nhi\u00ean chi ph\u1ed1i s\u1ef1 h\u00ecnh th\u00e0nh c\u1ee7a m\u1ecdi v\u1eadt, n\u0103ng l\u01b0\u1ee3ng v\u00e0 t\u1ea7n s\u1ed1 rung \u0111\u1ed9ng, v\u00e0 c\u1ea3 nh\u1eefng kh\u00eda c\u1ea1nh t\u00e2m linh nh\u01b0 ti\u00ean \u0111o\u00e1n s\u1ef1 ki\u1ec7n v\u00e0 du h\u00e0nh th\u1eddi gian. T\u1eeb \u0111\u00f3, t\u00e1c gi\u1ea3 gi\u1ea3i th\u00edch r\u00f5 h\u01a1n v\u1ec1 con ng\u01b0\u1eddi, t\u1ed5 h\u1ee3p th\u00e2n &#8211; t\u00e2m &#8211; tr\u00ed, nghi\u1ec7p qu\u1ea3, s\u1ee9 m\u1ec7nh trong c\u00e1c ki\u1ebfp v\u00e0 s\u1ef1 ti\u1ebfn h\u00f3a c\u1ee7a t\u00e2m th\u1ee9c.<br \/>\n<img loading=\"lazy\" decoding=\"async\" class=\"alignnone size-full wp-image-125\" src=\"https:\/\/sachgiakho.com\/wp-content\/uploads\/2023\/03\/luat-tam-thuc-2.jpg\" alt=\"sachgiakho.com\" width=\"187\" height=\"269\" \/><\/p>\n<p>\u201cLu\u1eadt T\u00e2m Th\u1ee9c\u201d c\u0169ng gi\u00fap b\u1ea1n th\u1ea5y r\u1eb1ng nh\u1eefng ki\u1ebfn th\u1ee9c c\u1ee7a ng\u01b0\u1eddi x\u01b0a kh\u00f4ng h\u1ec1 cao si\u00eau huy\u1ec1n b\u00ed m\u00e0 v\u00f4 c\u00f9ng \u0111\u01a1n gi\u1ea3n v\u00e0 li\u00ean quan ch\u1eb7t ch\u1ebd t\u1edbi khoa h\u1ecdc hi\u1ec7n \u0111\u1ea1i. Cu\u1ed1n s\u00e1ch c\u0169ng khuy\u1ebfn kh\u00edch b\u1ea1n n\u00e2ng cao t\u00e2m th\u1ee9c c\u1ee7a m\u00ecnh, hi\u1ec3u \u0111\u00fang v\u1ec1 c\u00e1c quy lu\u1eadt v\u0169 tr\u1ee5 \u0111\u1ec3 thu h\u00fat n\u0103ng l\u01b0\u1ee3ng c\u1ea3i thi\u1ec7n cu\u1ed9c s\u1ed1ng c\u1ee7a m\u00ecnh v\u00e0 c\u1ea3 v\u0169 tr\u1ee5.<\/p>\n<p>N\u1ebfu b\u1ea1n \u0111\u1ecdc cu\u1ed1n s\u00e1ch n\u00e0y v\u1edbi m\u1ed9t t\u00e2m tr\u00ed c\u1edfi m\u1edf, b\u1ea1n s\u1ebd th\u1ea5y r\u00f5 r\u00e0ng r\u1eb1ng s\u1ef1 t\u1ed3n t\u1ea1i c\u1ee7a ch\u00fang ta kh\u00f4ng ch\u1ec9 l\u00e0 ng\u1eabu nhi\u00ean m\u00e0 c\u00f2n c\u00f3 s\u1ef1 s\u1eafp \u0111\u1eb7t t\u00e0i t\u00ecnh c\u1ee7a v\u0169 tr\u1ee5. Cu\u1ed1n s\u00e1ch c\u0169ng gi\u00fap b\u1ea1n hi\u1ec3u r\u00f5 h\u01a1n v\u1ec1 b\u1ea3n ch\u1ea5t c\u1ee7a nh\u1eefng c\u00e2u chuy\u1ec7n v\u1ec1 t\u00e2m linh v\u00e0 nh\u1eefng v\u1ea5n \u0111\u1ec1 ch\u01b0a l\u00fd gi\u1ea3i \u0111\u01b0\u1ee3c c\u1ee7a khoa h\u1ecdc.<br \/>\n<img loading=\"lazy\" decoding=\"async\" class=\"alignnone size-medium wp-image-128\" src=\"https:\/\/sachgiakho.com\/wp-content\/uploads\/2023\/03\/luat-tam-thuc-3-1-300x300.jpg\" alt=\"sachgiakho.com\" width=\"300\" height=\"300\" srcset=\"https:\/\/sachgiakho.com\/wp-content\/uploads\/2023\/03\/luat-tam-thuc-3-1-300x300.jpg 300w, https:\/\/sachgiakho.com\/wp-content\/uploads\/2023\/03\/luat-tam-thuc-3-1-324x324.jpg 324w, https:\/\/sachgiakho.com\/wp-content\/uploads\/2023\/03\/luat-tam-thuc-3-1-100x100.jpg 100w, https:\/\/sachgiakho.com\/wp-content\/uploads\/2023\/03\/luat-tam-thuc-3-1-416x416.jpg 416w, https:\/\/sachgiakho.com\/wp-content\/uploads\/2023\/03\/luat-tam-thuc-3-1-150x150.jpg 150w, https:\/\/sachgiakho.com\/wp-content\/uploads\/2023\/03\/luat-tam-thuc-3-1.jpg 500w\" sizes=\"auto, (max-width: 300px) 100vw, 300px\" \/><\/p>\n<p>\u0110\u1ecdc \u201cLu\u1eadt T\u00e2m Th\u1ee9c\u201d kh\u00f4ng ch\u1ec9 gi\u00fap b\u1ea1n hi\u1ec3u r\u00f5 h\u01a1n v\u1ec1 b\u1ea3n th\u00e2n m\u00ecnh v\u00e0 th\u1ebf gi\u1edbi xung quanh m\u00e0 c\u00f2n gi\u00fap b\u1ea1n n\u00e2ng cao t\u00e2m th\u1ee9c v\u00e0 v\u01b0\u1ee3t qua nh\u1eefng b\u00e0i h\u1ecdc cu\u1ed9c \u0111\u1eddi.<\/p>\n<p>Cu\u1ed1i c\u00f9ng, &#8220;Lu\u1eadt T\u00e2m Th\u1ee9c&#8221; l\u00e0 m\u1ed9t cu\u1ed1n s\u00e1ch \u0111\u1ea7y t\u00ednh th\u1ef1c ti\u1ec5n, gi\u00fap b\u1ea1n thay \u0111\u1ed5i t\u00e2m th\u1ee9c \u0111\u1ec3 thay \u0111\u1ed5i cu\u1ed9c s\u1ed1ng c\u1ee7a m\u00ecnh. Cu\u1ed1n s\u00e1ch kh\u00f4ng ch\u1ec9 cung c\u1ea5p ki\u1ebfn th\u1ee9c m\u00e0 c\u00f2n gi\u00fap b\u1ea1n \u0111\u01b0a ra nh\u1eefng quy\u1ebft \u0111\u1ecbnh \u0111\u00fang \u0111\u1eafn \u0111\u1ec3 \u0111\u1ea1t \u0111\u01b0\u1ee3c m\u1ee5c ti\u00eau c\u1ee7a m\u00ecnh. \u0110\u00f3 ch\u00ednh l\u00e0 qu\u00e0 t\u1eb7ng v\u00f4 gi\u00e1 m\u00e0 t\u00e1c gi\u1ea3 Ng\u00f4 Sa Th\u1ea1ch \u0111\u00e3 trao t\u1eb7ng cho b\u1ea1n qua cu\u1ed1n s\u00e1ch n\u00e0y.<\/p>\n","protected":false},"excerpt":{"rendered":"<p>\u201cLu\u1eadt T\u00e2m Th\u1ee9c\u201d c\u0169ng gi\u00fap b\u1ea1n th\u1ea5y r\u1eb1ng nh\u1eefng ki\u1ebfn th\u1ee9c c\u1ee7a ng\u01b0\u1eddi x\u01b0a kh\u00f4ng h\u1ec1 cao si\u00eau huy\u1ec1n b\u00ed m\u00e0 v\u00f4 c\u00f9ng \u0111\u01a1n gi\u1ea3n v\u00e0 li\u00ean quan ch\u1eb7t ch\u1ebd t\u1edbi khoa h\u1ecdc hi\u1ec7n \u0111\u1ea1i. Cu\u1ed1n s\u00e1ch c\u0169ng khuy\u1ebfn kh\u00edch b\u1ea1n n\u00e2ng cao t\u00e2m th\u1ee9c c\u1ee7a m\u00ecnh, hi\u1ec3u \u0111\u00fang v\u1ec1 c\u00e1c quy lu\u1eadt v\u0169 tr\u1ee5 \u0111\u1ec3 thu h\u00fat n\u0103ng l\u01b0\u1ee3ng c\u1ea3i thi\u1ec7n cu\u1ed9c s\u1ed1ng c\u1ee7a m\u00ecnh v\u00e0 c\u1ea3 v\u0169 tr\u1ee5.<\/p>\n","protected":false},"featured_media":123,"comment_status":"open","ping_status":"closed","template":"","meta":[],"product_cat":[24,23],"product_tag":[],"class_list":["post-122","product","type-product","status-publish","has-post-thumbnail","hentry","product_cat-sach-kham-pha","product_cat-sach-tam-ly"],"_links":{"self":[{"href":"https:\/\/sachgiakho.com\/index.php\/wp-json\/wp\/v2\/product\/122","targetHints":{"allow":["GET"]}}],"collection":[{"href":"https:\/\/sachgiakho.com\/index.php\/wp-json\/wp\/v2\/product"}],"about":[{"href":"https:\/\/sachgiakho.com\/index.php\/wp-json\/wp\/v2\/types\/product"}],"replies":[{"embeddable":true,"href":"https:\/\/sachgiakho.com\/index.php\/wp-json\/wp\/v2\/comments?post=122"}],"wp:featuredmedia":[{"embeddable":true,"href":"https:\/\/sachgiakho.com\/index.php\/wp-json\/wp\/v2\/media\/123"}],"wp:attachment":[{"href":"https:\/\/sachgiakho.com\/index.php\/wp-json\/wp\/v2\/media?parent=122"}],"wp:term":[{"taxonomy":"product_cat","embeddable":true,"href":"https:\/\/sachgiakho.com\/index.php\/wp-json\/wp\/v2\/product_cat?post=122"},{"taxonomy":"product_tag","embeddable":true,"href":"https:\/\/sachgiakho.com\/index.php\/wp-json\/wp\/v2\/product_tag?post=122"}],"curies":[{"name":"wp","href":"https:\/\/api.w.org\/{rel}","templated":true}]}}