{"id":120,"date":"2023-03-05T15:49:12","date_gmt":"2023-03-05T08:49:12","guid":{"rendered":"https:\/\/sachgiakho.com\/?post_type=product&#038;p=120"},"modified":"2023-03-15T19:01:07","modified_gmt":"2023-03-15T12:01:07","slug":"khong-phai-soi-nhung-cung-dung-la-cuu","status":"publish","type":"product","link":"https:\/\/sachgiakho.com\/index.php\/product\/khong-phai-soi-nhung-cung-dung-la-cuu\/","title":{"rendered":"Kh\u00f4ng Ph\u1ea3i S\u00f3i Nh\u01b0ng C\u0169ng \u0110\u1eebng L\u00e0 C\u1eebu"},"content":{"rendered":"<p>Cu\u1ed1n s\u00e1ch \u201cKh\u00f4ng ph\u1ea3i s\u00f3i nh\u01b0ng c\u0169ng \u0111\u1eebng l\u00e0 c\u1eebu\u201d c\u1ee7a t\u00e1c gi\u1ea3 L\u00ea B\u1ea3o Ng\u1ecdc l\u00e0 m\u1ed9t cu\u1ed1n s\u00e1ch \u0111\u1ea7y s\u1ee9c m\u1ea1nh v\u00e0 \u00fd ngh\u0129a. \u0110\u00e2y l\u00e0 m\u1ed9t cu\u1ed1n s\u00e1ch gi\u00fap cho b\u1ea1n hi\u1ec3u r\u00f5 h\u01a1n v\u1ec1 nh\u1eefng kh\u00eda c\u1ea1nh s\u1eafc s\u1ea3o ph\u00eda sau nh\u1eefng quan \u0111i\u1ec3m \u0111\u01a1n thu\u1ea7n c\u1ee7a m\u1ed7i ng\u01b0\u1eddi. Cu\u1ed1n s\u00e1ch \u0111\u01b0a ra nh\u1eefng c\u00e2u h\u1ecfi \u0111\u1ea7y t\u00ednh tranh c\u00e3i v\u00e0 \u0111\u01b0a ra nh\u1eefng c\u00e2u tr\u1ea3 l\u1eddi logic, cung c\u1ea5p cho ng\u01b0\u1eddi \u0111\u1ecdc nh\u1eefng ki\u1ebfn th\u1ee9c c\u1ea7n thi\u1ebft \u0111\u1ec3 c\u00f3 th\u1ec3 x\u00e2y d\u1ef1ng l\u1ea1i t\u01b0 duy c\u1ee7a m\u00ecnh.<\/p>\n<p>\u0110i\u1ec1u \u0111\u1eb7c bi\u1ec7t c\u1ee7a cu\u1ed1n s\u00e1ch n\u00e0y l\u00e0 n\u00f3 kh\u00f4ng ch\u1ec9 gi\u00fap b\u1ea1n th\u1ea5u hi\u1ec3u ranh gi\u1edbi gi\u1eefa ng\u00e2y th\u01a1 v\u00e0 x\u1ea5u xa, m\u00e0 c\u00f2n gi\u00fap b\u1ea1n ph\u00e2n bi\u1ec7t \u0111\u01b0\u1ee3c \u0111\u00fang v\u00e0 sai. Cu\u1ed1n s\u00e1ch kh\u00f4ng ch\u1ec9 \u0111\u1eadp tan nh\u1eefng \u0111\u1ecbnh ki\u1ebfn c\u0169 k\u1ef9, m\u00e0 c\u00f2n gi\u00fap b\u1ea1n ki\u1ebfn t\u1ea1o l\u1ea1i t\u01b0 duy v\u00e0 x\u00e2y d\u1ef1ng l\u1ea1i ch\u00ednh m\u00ecnh.<\/p>\n<p>Cu\u1ed1n s\u00e1ch \u201cKh\u00f4ng ph\u1ea3i s\u00f3i nh\u01b0ng c\u0169ng \u0111\u1eebng l\u00e0 c\u1eebu\u201d l\u00e0 m\u1ed9t cu\u1ed1n s\u00e1ch h\u1eefu \u00edch v\u00e0 \u0111\u00e1ng \u0111\u1ecdc cho m\u1ecdi ng\u01b0\u1eddi trong m\u1ed9t th\u1eddi \u0111\u1ea1i \u0111\u1ea7y nh\u1eefng th\u00e1ch th\u1ee9c v\u00e0 kh\u00f3 kh\u0103n. N\u1ebfu b\u1ea1n \u0111ang t\u00ecm ki\u1ebfm m\u1ed9t cu\u1ed1n s\u00e1ch \u0111\u1ec3 gi\u00fap b\u1ea1n ph\u00e1t tri\u1ec3n t\u01b0 duy v\u00e0 tr\u1edf th\u00e0nh m\u1ed9t ng\u01b0\u1eddi t\u1ed1t h\u01a1n, th\u00ec \u0111\u00e2y l\u00e0 cu\u1ed1n s\u00e1ch kh\u00f4ng th\u1ec3 b\u1ecf qua.<\/p>\n","protected":false},"excerpt":{"rendered":"<p>\u0110i\u1ec1u \u0111\u1eb7c bi\u1ec7t c\u1ee7a cu\u1ed1n s\u00e1ch n\u00e0y l\u00e0 n\u00f3 kh\u00f4ng ch\u1ec9 gi\u00fap b\u1ea1n th\u1ea5u hi\u1ec3u ranh gi\u1edbi gi\u1eefa ng\u00e2y th\u01a1 v\u00e0 x\u1ea5u xa, m\u00e0 c\u00f2n gi\u00fap b\u1ea1n ph\u00e2n bi\u1ec7t \u0111\u01b0\u1ee3c \u0111\u00fang v\u00e0 sai. Cu\u1ed1n s\u00e1ch kh\u00f4ng ch\u1ec9 \u0111\u1eadp tan nh\u1eefng \u0111\u1ecbnh ki\u1ebfn c\u0169 k\u1ef9, m\u00e0 c\u00f2n gi\u00fap b\u1ea1n ki\u1ebfn t\u1ea1o l\u1ea1i t\u01b0 duy v\u00e0 x\u00e2y d\u1ef1ng l\u1ea1i ch\u00ednh m\u00ecnh.<\/p>\n","protected":false},"featured_media":121,"comment_status":"open","ping_status":"closed","template":"","meta":[],"product_cat":[16],"product_tag":[],"class_list":["post-120","product","type-product","status-publish","has-post-thumbnail","hentry","product_cat-sach-phat-trien-tu-duy"],"_links":{"self":[{"href":"https:\/\/sachgiakho.com\/index.php\/wp-json\/wp\/v2\/product\/120","targetHints":{"allow":["GET"]}}],"collection":[{"href":"https:\/\/sachgiakho.com\/index.php\/wp-json\/wp\/v2\/product"}],"about":[{"href":"https:\/\/sachgiakho.com\/index.php\/wp-json\/wp\/v2\/types\/product"}],"replies":[{"embeddable":true,"href":"https:\/\/sachgiakho.com\/index.php\/wp-json\/wp\/v2\/comments?post=120"}],"wp:featuredmedia":[{"embeddable":true,"href":"https:\/\/sachgiakho.com\/index.php\/wp-json\/wp\/v2\/media\/121"}],"wp:attachment":[{"href":"https:\/\/sachgiakho.com\/index.php\/wp-json\/wp\/v2\/media?parent=120"}],"wp:term":[{"taxonomy":"product_cat","embeddable":true,"href":"https:\/\/sachgiakho.com\/index.php\/wp-json\/wp\/v2\/product_cat?post=120"},{"taxonomy":"product_tag","embeddable":true,"href":"https:\/\/sachgiakho.com\/index.php\/wp-json\/wp\/v2\/product_tag?post=120"}],"curies":[{"name":"wp","href":"https:\/\/api.w.org\/{rel}","templated":true}]}}