{"id":118,"date":"2023-03-05T15:27:14","date_gmt":"2023-03-05T08:27:14","guid":{"rendered":"https:\/\/sachgiakho.com\/?post_type=product&#038;p=118"},"modified":"2023-04-04T13:28:55","modified_gmt":"2023-04-04T06:28:55","slug":"bo-2-tap-muon-kiep-nhan-sinh","status":"publish","type":"product","link":"https:\/\/sachgiakho.com\/index.php\/product\/bo-2-tap-muon-kiep-nhan-sinh\/","title":{"rendered":"B\u1ed9 2 t\u1eadp Mu\u00f4n ki\u1ebfp nh\u00e2n sinh"},"content":{"rendered":"<p>Cu\u1ed1n s\u00e1ch Mu\u00f4n ki\u1ebfp nh\u00e2n sinh \u0111\u00e3 g\u00e2y \u0111\u01b0\u1ee3c ti\u1ebfng vang l\u1edbn ngay t\u1eeb khi ra m\u1eaft v\u00e0 tr\u1edf th\u00e0nh cu\u1ed1n s\u00e1ch b\u00e1n ch\u1ea1y nh\u1ea5t n\u0103m 2020 t\u1ea1i Vi\u1ec7t Nam. N\u00f3 \u0111\u01b0\u1ee3c \u0111\u00e1nh gi\u00e1 l\u00e0 m\u1ed9t trong nh\u1eefng t\u00e1c ph\u1ea9m \u0111\u1eb7c s\u1eafc nh\u1ea5t v\u1ec1 t\u00e2m linh, tri\u1ebft h\u1ecdc, v\u00e0 khoa h\u1ecdc trong th\u1ebf k\u1ef7 21.<br \/>\n<img loading=\"lazy\" decoding=\"async\" class=\"alignnone size-medium wp-image-119\" src=\"https:\/\/sachgiakho.com\/wp-content\/uploads\/2023\/03\/muon-kiep-nhan-sinh-combo-300x300.jpeg\" alt=\"sachgiakho.com\" width=\"300\" height=\"300\" srcset=\"https:\/\/sachgiakho.com\/wp-content\/uploads\/2023\/03\/muon-kiep-nhan-sinh-combo-300x300.jpeg 300w, https:\/\/sachgiakho.com\/wp-content\/uploads\/2023\/03\/muon-kiep-nhan-sinh-combo-324x324.jpeg 324w, https:\/\/sachgiakho.com\/wp-content\/uploads\/2023\/03\/muon-kiep-nhan-sinh-combo-100x100.jpeg 100w, https:\/\/sachgiakho.com\/wp-content\/uploads\/2023\/03\/muon-kiep-nhan-sinh-combo-416x416.jpeg 416w, https:\/\/sachgiakho.com\/wp-content\/uploads\/2023\/03\/muon-kiep-nhan-sinh-combo-150x150.jpeg 150w, https:\/\/sachgiakho.com\/wp-content\/uploads\/2023\/03\/muon-kiep-nhan-sinh-combo.jpeg 768w\" sizes=\"auto, (max-width: 300px) 100vw, 300px\" \/><\/p>\n<p>T\u1eadp 1 c\u1ee7a cu\u1ed1n s\u00e1ch \u0111\u00e3 mang \u0111\u1ebfn cho \u0111\u1ed9c gi\u1ea3 nh\u1eefng ki\u1ebfn th\u1ee9c m\u1edbi m\u1ebb, c\u00f9ng v\u1edbi nh\u1eefng ph\u00e2n t\u00edch uy\u00ean b\u00e1c v\u1ec1 qu\u00e1 kh\u1ee9, hi\u1ec7n t\u1ea1i v\u00e0 t\u01b0\u01a1ng lai c\u1ee7a nh\u00e2n lo\u1ea1i th\u00f4ng qua g\u00f3c nh\u00ecn c\u1ee7a b\u1eadc hi\u1ec1n tri\u1ebft th\u00f4ng th\u00e1i. Cu\u1ed1n s\u00e1ch c\u0169ng \u0111\u01b0a ra nh\u1eefng kh\u00e1m ph\u00e1 \u0111\u1ea7y b\u1ea5t ng\u1edd v\u1ec1 lu\u1eadt Nh\u00e2n qu\u1ea3 c\u1ef1c k\u1ef3 ch\u00ednh x\u00e1c, chi ti\u1ebft, v\u00e0 ph\u1ee9c t\u1ea1p.<\/p>\n<p>T\u1eadp 2 c\u1ee7a cu\u1ed1n s\u00e1ch ti\u1ebfp t\u1ee5c \u0111\u01b0a ng\u01b0\u1eddi \u0111\u1ecdc v\u00e0o nh\u1eefng c\u00e2u chuy\u1ec7n ti\u1ec1n ki\u1ebfp, nh\u00e2n qu\u1ea3 lu\u00e2n h\u1ed3i h\u1ea5p d\u1eabn, c\u00f9ng v\u1edbi nh\u1eefng ki\u1ebfn gi\u1ea3i uy\u00ean b\u00e1c v\u1ec1 t\u01b0\u01a1ng lai c\u1ee7a nh\u00e2n lo\u1ea1i v\u00e0 th\u1ebf gi\u1edbi, th\u00f4ng qua g\u00f3c nh\u00ecn c\u1ee7a c\u1ea3 khoa h\u1ecdc v\u00e0 t\u00e2m linh. N\u00f3 \u0111\u1eb7t ra nh\u1eefng c\u00e2u h\u1ecfi quan tr\u1ecdng v\u1ec1 b\u1ea3n ch\u1ea5t con ng\u01b0\u1eddi, v\u1ec1 s\u1ef1 t\u1ed3n t\u1ea1i v\u00e0 t\u01b0\u01a1ng lai c\u1ee7a th\u1ebf gi\u1edbi.<\/p>\n<p>V\u1edbi nh\u1eefng ki\u1ebfn th\u1ee9c v\u00e0 tri\u1ebft l\u00fd qu\u00fd gi\u00e1, cu\u1ed1n s\u00e1ch Mu\u00f4n ki\u1ebfp nh\u00e2n sinh s\u1ebd l\u00e0 m\u1ed9t t\u00e0i li\u1ec7u v\u00f4 gi\u00e1 cho nh\u1eefng ai quan t\u00e2m \u0111\u1ebfn t\u00e2m linh, tri\u1ebft h\u1ecdc v\u00e0 khoa h\u1ecdc, v\u00e0 mu\u1ed1n t\u00ecm ki\u1ebfm nh\u1eefng gi\u1ea3i \u0111\u00e1p cho nh\u1eefng c\u00e2u h\u1ecfi s\u00e2u xa v\u1ec1 b\u1ea3n ch\u1ea5t con ng\u01b0\u1eddi v\u00e0 v\u0169 tr\u1ee5.<\/p>\n","protected":false},"excerpt":{"rendered":"<p>Cu\u1ed1n s\u00e1ch Mu\u00f4n ki\u1ebfp nh\u00e2n sinh t\u1eadp 1 \u0111\u00e3 g\u00e2y \u0111\u01b0\u1ee3c ti\u1ebfng vang l\u1edbn ngay t\u1eeb khi ra m\u1eaft v\u00e0 tr\u1edf th\u00e0nh cu\u1ed1n s\u00e1ch b\u00e1n ch\u1ea1y nh\u1ea5t n\u0103m 2020 t\u1ea1i Vi\u1ec7t Nam. N\u00f3 \u0111\u01b0\u1ee3c \u0111\u00e1nh gi\u00e1 l\u00e0 m\u1ed9t trong nh\u1eefng t\u00e1c ph\u1ea9m \u0111\u1eb7c s\u1eafc nh\u1ea5t v\u1ec1 t\u00e2m linh, tri\u1ebft h\u1ecdc, v\u00e0 khoa h\u1ecdc trong th\u1ebf k\u1ef7 21.V\u1edbi nh\u1eefng ki\u1ebfn th\u1ee9c v\u00e0 tri\u1ebft l\u00fd qu\u00fd gi\u00e1, cu\u1ed1n s\u00e1ch Mu\u00f4n ki\u1ebfp nh\u00e2n sinh s\u1ebd l\u00e0 m\u1ed9t t\u00e0i li\u1ec7u v\u00f4 gi\u00e1 cho nh\u1eefng ai quan t\u00e2m \u0111\u1ebfn t\u00e2m linh, tri\u1ebft h\u1ecdc v\u00e0 khoa h\u1ecdc, v\u00e0 mu\u1ed1n t\u00ecm ki\u1ebfm nh\u1eefng gi\u1ea3i \u0111\u00e1p cho nh\u1eefng c\u00e2u h\u1ecfi s\u00e2u xa v\u1ec1 b\u1ea3n ch\u1ea5t con ng\u01b0\u1eddi v\u00e0 v\u0169 tr\u1ee5.<\/p>\n","protected":false},"featured_media":116,"comment_status":"open","ping_status":"closed","template":"","meta":[],"product_cat":[24,23],"product_tag":[],"class_list":["post-118","product","type-product","status-publish","has-post-thumbnail","hentry","product_cat-sach-kham-pha","product_cat-sach-tam-ly"],"_links":{"self":[{"href":"https:\/\/sachgiakho.com\/index.php\/wp-json\/wp\/v2\/product\/118","targetHints":{"allow":["GET"]}}],"collection":[{"href":"https:\/\/sachgiakho.com\/index.php\/wp-json\/wp\/v2\/product"}],"about":[{"href":"https:\/\/sachgiakho.com\/index.php\/wp-json\/wp\/v2\/types\/product"}],"replies":[{"embeddable":true,"href":"https:\/\/sachgiakho.com\/index.php\/wp-json\/wp\/v2\/comments?post=118"}],"wp:featuredmedia":[{"embeddable":true,"href":"https:\/\/sachgiakho.com\/index.php\/wp-json\/wp\/v2\/media\/116"}],"wp:attachment":[{"href":"https:\/\/sachgiakho.com\/index.php\/wp-json\/wp\/v2\/media?parent=118"}],"wp:term":[{"taxonomy":"product_cat","embeddable":true,"href":"https:\/\/sachgiakho.com\/index.php\/wp-json\/wp\/v2\/product_cat?post=118"},{"taxonomy":"product_tag","embeddable":true,"href":"https:\/\/sachgiakho.com\/index.php\/wp-json\/wp\/v2\/product_tag?post=118"}],"curies":[{"name":"wp","href":"https:\/\/api.w.org\/{rel}","templated":true}]}}