{"id":113,"date":"2023-03-04T20:08:07","date_gmt":"2023-03-04T13:08:07","guid":{"rendered":"https:\/\/sachgiakho.com\/?post_type=product&#038;p=113"},"modified":"2023-03-04T20:08:08","modified_gmt":"2023-03-04T13:08:08","slug":"khi-moi-diem-tua-deu-mat","status":"publish","type":"product","link":"https:\/\/sachgiakho.com\/index.php\/product\/khi-moi-diem-tua-deu-mat\/","title":{"rendered":"Khi m\u1ecdi \u0111i\u1ec3m t\u1ef1a \u0111\u1ec1u m\u1ea5t"},"content":{"rendered":"<p>Khi M\u1ecdi \u0110i\u1ec3m T\u1ef1a \u0110\u1ec1u M\u1ea5t &#8211; Happy For No Reason, t\u00e1c gi\u1ea3 Marci Shimoff &#8211; www.sachgiakho.com<br \/>\n&#8211; Khi M\u1ecdi \u0110i\u1ec3m T\u1ef1a \u0110\u1ec1u M\u1ea5t l\u00e0 m\u1ed9t cu\u1ed1n s\u00e1ch c\u00e1ch m\u1ea1ng v\u1ec1 quan ni\u1ec7m h\u1ea1nh ph\u00fac. Kh\u00e1c v\u1edbi ph\u1ea7n l\u1edbn c\u00e1c quy\u1ec3n s\u00e1ch c\u00f9ng th\u1ec3 lo\u1ea1i, cu\u1ed1n s\u00e1ch n\u00e0y kh\u00f4ng ch\u1ec9 gi\u00fap con ng\u01b0\u1eddi t\u00ecm ki\u1ebfm h\u1ea1nh ph\u00fac t\u1eeb c\u00e1c y\u1ebfu t\u1ed1 b\u00ean ngo\u00e0i, m\u00e0 c\u00f2n t\u1eadp trung v\u00e0o nh\u1eefng y\u1ebfu t\u1ed1 n\u1ed9i t\u00e2m.<\/p>\n<p><img loading=\"lazy\" decoding=\"async\" class=\"alignnone size-full wp-image-114\" src=\"https:\/\/sachgiakho.com\/wp-content\/uploads\/2023\/03\/khi-moi-diem-tu-deu-mat.jpg\" alt=\"sachgiakho.com\" width=\"300\" height=\"300\" srcset=\"https:\/\/sachgiakho.com\/wp-content\/uploads\/2023\/03\/khi-moi-diem-tu-deu-mat.jpg 300w, https:\/\/sachgiakho.com\/wp-content\/uploads\/2023\/03\/khi-moi-diem-tu-deu-mat-100x100.jpg 100w, https:\/\/sachgiakho.com\/wp-content\/uploads\/2023\/03\/khi-moi-diem-tu-deu-mat-150x150.jpg 150w\" sizes=\"auto, (max-width: 300px) 100vw, 300px\" \/><br \/>\n&#8211; T\u1eeb \u0111\u00f3, ng\u01b0\u1eddi \u0111\u1ecdc c\u00f3 th\u1ec3 t\u00ecm th\u1ea5y nh\u1eefng ph\u01b0\u01a1ng th\u1ee9c \u0111\u01a1n gi\u1ea3n nh\u01b0ng v\u00f4 c\u00f9ng hi\u1ec7u qu\u1ea3 gi\u00fap h\u1ecd tr\u1ea3i nghi\u1ec7m h\u1ea1nh ph\u00fac t\u1eeb b\u00ean trong, b\u1ea5t k\u1ec3 nh\u1eefng t\u00e1c \u0111\u1ed9ng ti\u00eau c\u1ef1c t\u1eeb b\u00ean ngo\u00e0i. Cu\u1ed1n s\u00e1ch cung c\u1ea5p cho b\u1ea1n n\u1ec1n t\u1ea3ng c\u01a1 b\u1ea3n nh\u1ea5t \u0111\u1ec3 duy tr\u00ec tr\u1ea1ng th\u00e1i h\u1ea1nh ph\u00fac b\u1ec1n v\u1eefng v\u00e0 tr\u1ecdn v\u1eb9n. Th\u00f4ng qua nghi\u00ean c\u1ee9u, t\u00e1c gi\u1ea3 \u0111\u00e3 ch\u1ec9 ra r\u1eb1ng h\u1ea1nh ph\u00fac chi\u1ebfm 50% trong gen v\u00e0 40% c\u00f2n l\u1ea1i l\u00e0 k\u1ebft qu\u1ea3 c\u1ee7a suy ngh\u0129, c\u1ea3m gi\u00e1c, ng\u00f4n t\u1eeb v\u00e0 h\u00e0nh \u0111\u1ed9ng c\u1ee7a con ng\u01b0\u1eddi. Cu\u1ed1n s\u00e1ch bao g\u1ed3m b\u1ea3y b\u01b0\u1edbc \u0111\u1ec3 x\u00e2y d\u1ef1ng &#8220;ng\u00f4i nh\u00e0 h\u1ea1nh ph\u00fac&#8221;, bao g\u1ed3m s\u1ee9c m\u1ea1nh b\u1ea3n th\u00e2n, tinh th\u1ea7n, con tim, c\u01a1 th\u1ec3, t\u00e2m h\u1ed3n, m\u1ee5c ti\u00eau v\u00e0 con ng\u01b0\u1eddi. Khi M\u1ecdi \u0110i\u1ec3m T\u1ef1a \u0110\u1ec1u M\u1ea5t &#8211; Happy For No Reason \u0111\u01b0\u1ee3c xu\u1ea5t b\u1ea3n b\u1edfi NXB T\u1ed5ng H\u1ee3p TPHCM v\u00e0o n\u0103m 2022 v\u00e0 l\u00e0 m\u1ed9t trong top 100 s\u1ea3n ph\u1ea9m K\u1ef9 n\u0103ng s\u1ed1ng b\u00e1n ch\u1ea1y nh\u1ea5t c\u1ee7a th\u00e1ng.<\/p>\n","protected":false},"excerpt":{"rendered":"<div class=\"product_view_tab_content_ad\">\n<div id=\"product_tabs_description_contents\">\n<div id=\"desc_content\" class=\"std\">\n<p>Th\u00f4ng qua m\u1ed9t nghi\u00ean c\u1ee9u \u0111\u01b0\u1ee3c tr\u00ecnh b\u00e0y trong cu\u1ed1n s\u00e1ch ch\u00fang ta nh\u1eadn ra r\u1eb1ng: 50% gi\u1edbi h\u1ea1n h\u1ea1nh ph\u00fac \u0111\u01b0\u1ee3c quy \u0111\u1ecbnh do ki\u1ec3u gen, ph\u1ea7n c\u00f2n l\u1ea1i l\u00e0 do ch\u00fang ta t\u00edch l\u0169y. V\u00e0 trong 50% c\u00f2n l\u1ea1i ch\u1ec9 10% trong s\u1ed1 \u0111\u00f3 l\u00e0 ph\u1ee5 thu\u1ed9c v\u00e0o nh\u1eefng y\u1ebfu t\u1ed1 nh\u01b0: s\u1ef1 gi\u00e0u c\u00f3, t\u00ecnh tr\u1ea1ng h\u00f4n nh\u00e2n v\u00e0 c\u00f4ng vi\u1ec7c; c\u00f2n 40% cu\u1ed1i c\u00f9ng l\u00e0 k\u1ebft qu\u1ea3 c\u1ee7a nh\u1eefng suy ngh\u0129, c\u1ea3m gi\u00e1c, ng\u00f4n t\u1eeb v\u00e0 h\u00e0nh \u0111\u1ed9ng c\u1ee7a con ng\u01b0\u1eddi.<\/p>\n<p>\u0110\u1ecdc cu\u1ed1n s\u00e1ch \u0111\u1ec3 th\u1ea5y r\u1eb1ng h\u1ea1nh ph\u00fac l\u00e0 \u0111i\u1ec1u v\u00f4 c\u00f9ng gi\u1ea3n d\u1ecb v\u00e0 g\u1ea7n g\u0169i b\u1edfi v\u00ec n\u00f3 \u1edf ngay b\u00ean trong m\u1ed7i ch\u00fang ta, ta kh\u00f4ng \u0111i t\u00ecm ho\u1eb7c n\u1eafm b\u1eaft h\u1ea1nh ph\u00fac m\u00e0 ch\u00fang ta r\u00e8n luy\u1ec7n \u0111\u1ec3 c\u00f3 \u0111\u01b0\u1ee3c h\u1ea1nh ph\u00fac. V\u00ec v\u1eady ch\u00fang ta h\u00e3y ng\u01b0ng vi\u1ec7c theo \u0111u\u1ed5i m\u1ed9t \u0111i\u1ec1u kh\u00f4ng c\u00f3 k\u1ebft qu\u1ea3 v\u00e0 t\u1ed1t h\u01a1n l\u00e0 n\u00ean b\u1eaft \u0111\u1ea7u r\u00e8n luy\u1ec7n \u0111\u1ec3 c\u00f3 \u0111\u01b0\u1ee3c h\u1ea1nh ph\u00fac b\u1eb1ng c\u00e1ch h\u00ecnh th\u00e0nh v\u00e0 trau d\u1ed3i nh\u1eefng th\u00f3i quen.<\/p>\n<p>Nh\u1eefng tr\u1ea3i nghi\u1ec7m c\u00f3 th\u1eadt trong cu\u1ed9c s\u1ed1ng c\u0169ng nh\u01b0 nh\u1eefng nghi\u00ean c\u1ee9u c\u1ee7a t\u00e1c gi\u1ea3 \u0111\u00e3 \u1ea3nh h\u01b0\u1edfng \u0111\u1ebfn suy ngh\u0129 c\u1ee7a t\u00e1c gi\u1ea3 v\u1ec1 h\u1ea1nh ph\u00fac. Theo \u0111\u00f3, c\u00f3 b\u1ea3y b\u01b0\u1edbc r\u1ea5t \u0111\u01a1n gi\u1ea3n gi\u00fap b\u1ea1n tr\u1ea3i nghi\u1ec7m ni\u1ec1m h\u1ea1nh ph\u00fac \u0111\u00edch th\u1ef1c. V\u1edbi h\u00ecnh \u1ea3nh Ng\u00f4i nh\u00e0 \u1ea9n d\u1ee5 cho cu\u1ed9c s\u1ed1ng con ng\u01b0\u1eddi, t\u00e1c gi\u1ea3 \u0111\u00e3 m\u01b0\u1ee3n h\u00ecnh \u1ea3nh n\u00e0y l\u00e0m bi\u1ec3u t\u01b0\u1ee3ng cho \u00fd t\u01b0\u1edfng c\u1ee7a m\u00ecnh: b\u1ea3y b\u01b0\u1edbc \u0111\u1ec3 x\u00e2y d\u1ef1ng \u201cng\u00f4i nh\u00e0 h\u1ea1nh ph\u00fac\u201d. B\u1ea3y b\u01b0\u1edbc n\u00e0y c\u00f3 li\u00ean quan \u0111\u1ebfn b\u1ea3y \u0111\u1ed1i t\u01b0\u1ee3ng m\u00e0 b\u1ea1n c\u1ea7n quan t\u00e2m trong cu\u1ed9c s\u1ed1ng c\u1ee7a m\u00ecnh: s\u1ee9c m\u1ea1nh b\u1ea3n th\u00e2n, tinh th\u1ea7n, con tim, c\u01a1 th\u1ec3, t\u00e2m h\u1ed3n, m\u1ee5c ti\u00eau v\u00e0 con ng\u01b0\u1eddi.<\/p>\n<div class=\"clear\"><\/div>\n<\/div>\n<\/div>\n<\/div>\n<div class=\"clear\"><\/div>\n<div>\n<div class=\"product_view_tab_content_ad_more\">\n<div class=\"product_view_tab_content_additional\">\n<table class=\"data-table table-additional\">\n<colgroup>\n<col width=\"25%\" \/>\n<col \/><\/colgroup>\n<tbody>\n<tr>\n<th class=\"table-label\">M\u00e3 h\u00e0ng<\/th>\n<td class=\"data_sku\">8935086855614<\/td>\n<\/tr>\n<tr>\n<th class=\"table-label\">T\u00ean Nh\u00e0 Cung C\u1ea5p<\/th>\n<td class=\"data_supplier\"><a class=\"xem-chi-tiet\" href=\"https:\/\/www.fahasa.com\/first-news?fhs_campaign=ATTRIBUTE_PRODUCT\">FIRST NEWS<\/a><\/td>\n<\/tr>\n<tr>\n<th class=\"table-label\">T\u00e1c gi\u1ea3<\/th>\n<td class=\"data_author\">Marci Shimoff, Carol Kline<\/td>\n<\/tr>\n<tr>\n<th class=\"table-label\">NXB<\/th>\n<td class=\"data_publisher\">NXB T\u1ed5ng H\u1ee3p TPHCM<\/td>\n<\/tr>\n<tr>\n<th class=\"table-label\">N\u0103m XB<\/th>\n<td class=\"data_publish_year\">2022<\/td>\n<\/tr>\n<tr>\n<th class=\"table-label\">Ng\u00f4n Ng\u1eef<\/th>\n<td class=\"data_languages\">Ti\u1ebfng Vi\u1ec7t<\/td>\n<\/tr>\n<tr>\n<th class=\"table-label\">Tr\u1ecdng l\u01b0\u1ee3ng (gr)<\/th>\n<td class=\"data_weight\">303<\/td>\n<\/tr>\n<tr>\n<th class=\"table-label\">K\u00edch Th\u01b0\u1edbc Bao B\u00ec<\/th>\n<td class=\"data_size\">20.5 x 14.5 x 1.3 cm<\/td>\n<\/tr>\n<tr>\n<th class=\"table-label\">S\u1ed1 trang<\/th>\n<td class=\"data_qty_of_page\">279<\/td>\n<\/tr>\n<tr>\n<th class=\"table-label\">H\u00ecnh th\u1ee9c<\/th>\n<td class=\"data_book_layout\">B\u00eca M\u1ec1m<\/td>\n<\/tr>\n<tr>\n<th class=\"table-label\">S\u1ea3n ph\u1ea9m b\u00e1n ch\u1ea1y nh\u1ea5t<\/th>\n<td><a href=\"https:\/\/www.fahasa.com\/sach-trong-nuoc\/tam-ly-ky-nang-song\/ky-nang-song.html?order=num_orders_month\">Top 100 s\u1ea3n ph\u1ea9m K\u1ef9 n\u0103ng s\u1ed1ng b\u00e1n ch\u1ea1y c\u1ee7a th\u00e1ng<\/a><\/td>\n<\/tr>\n<tr>\n<td colspan=\"2\">Gi\u00e1 s\u1ea3n ph\u1ea9m tr\u00ean Fahasa.com \u0111\u00e3 bao g\u1ed3m thu\u1ebf theo lu\u1eadt hi\u1ec7n h\u00e0nh. B\u00ean c\u1ea1nh \u0111\u00f3, tu\u1ef3 v\u00e0o lo\u1ea1i s\u1ea3n ph\u1ea9m, h\u00ecnh th\u1ee9c v\u00e0 \u0111\u1ecba ch\u1ec9 giao h\u00e0ng m\u00e0 c\u00f3 th\u1ec3 ph\u00e1t sinh th\u00eam chi ph\u00ed kh\u00e1c nh\u01b0 Ph\u1ee5 ph\u00ed \u0111\u00f3ng g\u00f3i, ph\u00ed v\u1eadn chuy\u1ec3n, ph\u1ee5 ph\u00ed h\u00e0ng c\u1ed3ng k\u1ec1nh,&#8230;<\/td>\n<\/tr>\n<\/tbody>\n<\/table>\n<\/div>\n<div class=\"clear\"><\/div>\n<div id=\"product_tabs_description_contents\">\n<div id=\"desc_content\" class=\"std\">\n<p><strong>Khi M\u1ecdi \u0110i\u1ec3m T\u1ef1a \u0110\u1ec1u M\u1ea5t &#8211; Happy For No Reason<\/strong><\/p>\n<p>V\u1edbi Khi M\u1ecdi \u0110i\u1ec3m T\u1ef1a \u0110\u1ec1u M\u1ea5t &#8211; Happy For No Reason, t\u00e1c gi\u1ea3 Marci Shimoff \u0111\u00e3 c\u00f3 m\u1ed9t cu\u1ed9c c\u00e1ch m\u1ea1ng v\u1ec1 quan ni\u1ec7m h\u1ea1nh ph\u00fac. Trong khi ph\u1ea7n l\u1edbn nh\u1eefng quy\u1ec3n s\u00e1ch \u1edf th\u1ec3 lo\u1ea1i n\u00e0y h\u01b0\u1edbng v\u00e0o vi\u1ec7c gi\u00fap con ng\u01b0\u1eddi t\u00ecm ki\u1ebfm h\u1ea1nh ph\u00fac t\u1eeb nh\u1eefng y\u1ebfu t\u1ed1 b\u00ean ngo\u00e0i th\u00ec Happy for No Reason l\u1ea1i h\u01b0\u1edbng v\u00e0o nh\u1eefng y\u1ebfu t\u1ed1 n\u1ed9i t\u00e2m. Nh\u1edd v\u1eady, b\u1ea1n s\u1ebd t\u00ecm th\u1ea5y nh\u1eefng ph\u01b0\u01a1ng th\u1ee9c tuy \u0111\u01a1n gi\u1ea3n nh\u01b0ng l\u1ea1i r\u1ea5t h\u1eefu hi\u1ec7u gi\u00fap b\u1ea1n tr\u1ea3i nghi\u1ec7m m\u1ed9t c\u1ea3m x\u00fac m\u1edbi \u2013 h\u1ea1nh ph\u00fac t\u1ef1 th\u00e2n \u2013 b\u1ea5t k\u1ec3 m\u1ecdi t\u00e1c \u0111\u1ed9ng ti\u00eau c\u1ef1c t\u1eeb b\u00ean ngo\u00e0i. Quy\u1ec3n s\u00e1ch s\u1ebd g\u1eedi \u0111\u1ebfn b\u1ea1n n\u1ec1n t\u1ea3ng c\u01a1 b\u1ea3n nh\u1ea5t, gi\u00fap b\u1ea1n duy tr\u00ec m\u1ed9t tr\u1ea1ng th\u00e1i h\u1ea1nh ph\u00fac b\u1ec1n v\u1eefng v\u00e0 tr\u1ecdn v\u1eb9n.<\/p>\n<p>Th\u00f4ng qua m\u1ed9t nghi\u00ean c\u1ee9u \u0111\u01b0\u1ee3c tr\u00ecnh b\u00e0y trong cu\u1ed1n s\u00e1ch ch\u00fang ta nh\u1eadn ra r\u1eb1ng: 50% gi\u1edbi h\u1ea1n h\u1ea1nh ph\u00fac \u0111\u01b0\u1ee3c quy \u0111\u1ecbnh do ki\u1ec3u gen, ph\u1ea7n c\u00f2n l\u1ea1i l\u00e0 do ch\u00fang ta t\u00edch l\u0169y. V\u00e0 trong 50% c\u00f2n l\u1ea1i ch\u1ec9 10% trong s\u1ed1 \u0111\u00f3 l\u00e0 ph\u1ee5 thu\u1ed9c v\u00e0o nh\u1eefng y\u1ebfu t\u1ed1 nh\u01b0: s\u1ef1 gi\u00e0u c\u00f3, t\u00ecnh tr\u1ea1ng h\u00f4n nh\u00e2n v\u00e0 c\u00f4ng vi\u1ec7c; c\u00f2n 40% cu\u1ed1i c\u00f9ng l\u00e0 k\u1ebft qu\u1ea3 c\u1ee7a nh\u1eefng suy ngh\u0129, c\u1ea3m gi\u00e1c, ng\u00f4n t\u1eeb v\u00e0 h\u00e0nh \u0111\u1ed9ng c\u1ee7a con ng\u01b0\u1eddi.<\/p>\n<\/div>\n<\/div>\n<\/div>\n<\/div>\n","protected":false},"featured_media":114,"comment_status":"open","ping_status":"closed","template":"","meta":[],"product_cat":[16,23],"product_tag":[],"class_list":["post-113","product","type-product","status-publish","has-post-thumbnail","hentry","product_cat-sach-phat-trien-tu-duy","product_cat-sach-tam-ly"],"_links":{"self":[{"href":"https:\/\/sachgiakho.com\/index.php\/wp-json\/wp\/v2\/product\/113","targetHints":{"allow":["GET"]}}],"collection":[{"href":"https:\/\/sachgiakho.com\/index.php\/wp-json\/wp\/v2\/product"}],"about":[{"href":"https:\/\/sachgiakho.com\/index.php\/wp-json\/wp\/v2\/types\/product"}],"replies":[{"embeddable":true,"href":"https:\/\/sachgiakho.com\/index.php\/wp-json\/wp\/v2\/comments?post=113"}],"wp:featuredmedia":[{"embeddable":true,"href":"https:\/\/sachgiakho.com\/index.php\/wp-json\/wp\/v2\/media\/114"}],"wp:attachment":[{"href":"https:\/\/sachgiakho.com\/index.php\/wp-json\/wp\/v2\/media?parent=113"}],"wp:term":[{"taxonomy":"product_cat","embeddable":true,"href":"https:\/\/sachgiakho.com\/index.php\/wp-json\/wp\/v2\/product_cat?post=113"},{"taxonomy":"product_tag","embeddable":true,"href":"https:\/\/sachgiakho.com\/index.php\/wp-json\/wp\/v2\/product_tag?post=113"}],"curies":[{"name":"wp","href":"https:\/\/api.w.org\/{rel}","templated":true}]}}