{"id":110,"date":"2023-03-04T20:00:26","date_gmt":"2023-03-04T13:00:26","guid":{"rendered":"https:\/\/sachgiakho.com\/?post_type=product&#038;p=110"},"modified":"2023-03-04T20:00:26","modified_gmt":"2023-03-04T13:00:26","slug":"kheo-an-noi-se-co-duoc-thien-ha","status":"publish","type":"product","link":"https:\/\/sachgiakho.com\/index.php\/product\/kheo-an-noi-se-co-duoc-thien-ha\/","title":{"rendered":"Kh\u00e9o \u0102n N\u00f3i S\u1ebd C\u00f3 \u0110\u01b0\u1ee3c Thi\u00ean H\u1ea1"},"content":{"rendered":"<p>Kh\u00e9o \u0102n N\u00f3i S\u1ebd C\u00f3 \u0110\u01b0\u1ee3c Thi\u00ean H\u1ea1 (T\u00e1i B\u1ea3n 2022)<br \/>\n<img loading=\"lazy\" decoding=\"async\" class=\"alignnone size-medium wp-image-112\" src=\"https:\/\/sachgiakho.com\/wp-content\/uploads\/2023\/03\/kheo-an-2-209x300.jpg\" alt=\"sachgiakho.com\" width=\"209\" height=\"300\" srcset=\"https:\/\/sachgiakho.com\/wp-content\/uploads\/2023\/03\/kheo-an-2-209x300.jpg 209w, https:\/\/sachgiakho.com\/wp-content\/uploads\/2023\/03\/kheo-an-2-416x597.jpg 416w, https:\/\/sachgiakho.com\/wp-content\/uploads\/2023\/03\/kheo-an-2-713x1024.jpg 713w, https:\/\/sachgiakho.com\/wp-content\/uploads\/2023\/03\/kheo-an-2-768x1103.jpg 768w, https:\/\/sachgiakho.com\/wp-content\/uploads\/2023\/03\/kheo-an-2-1070x1536.jpg 1070w, https:\/\/sachgiakho.com\/wp-content\/uploads\/2023\/03\/kheo-an-2-1426x2048.jpg 1426w, https:\/\/sachgiakho.com\/wp-content\/uploads\/2023\/03\/kheo-an-2.jpg 1757w\" sizes=\"auto, (max-width: 209px) 100vw, 209px\" \/><br \/>\n&#8211; Trong x\u00e3 h\u1ed9i hi\u1ec7n \u0111\u1ea1i, kh\u1ea3 n\u0103ng giao ti\u1ebfp v\u00e0 \u0103n n\u00f3i \u0111\u00e3 tr\u1edf th\u00e0nh m\u1ed9t k\u1ef9 n\u0103ng v\u00f4 c\u00f9ng quan tr\u1ecdng, gi\u00fap cho con ng\u01b0\u1eddi c\u00f3 th\u1ec3 th\u00e0nh c\u00f4ng trong m\u1ecdi l\u0129nh v\u1ef1c. N\u1ebfu kh\u00f4ng bi\u1ebft c\u00e1ch giao ti\u1ebfp th\u00ec ngay c\u1ea3 v\u00e0ng c\u0169ng s\u1ebd b\u1ecb ch\u00f4n v\u00f9i. V\u00ec th\u1ebf, kh\u00e9o \u0103n n\u00f3i l\u00e0 \u0111i\u1ec1u c\u1ea7n thi\u1ebft \u0111\u1ec3 \u0111i \u0111\u00e2u l\u00e0m g\u00ec c\u0169ng g\u1eb7p thu\u1eadn l\u1ee3i. Tuy nhi\u00ean, n\u1ebfu kh\u00f4ng c\u00f3 k\u1ef9 n\u0103ng n\u00e0y, kh\u00f4ng ch\u1ec9 g\u1eb7p tr\u1edf ng\u1ea1i trong c\u00f4ng vi\u1ec7c v\u00e0 x\u00e3 h\u1ed9i, m\u00e0 c\u00f2n c\u00f3 th\u1ec3 \u0111\u00e1nh m\u1ea5t m\u1ed9t c\u00f4ng vi\u1ec7c hay m\u1ed1i quan h\u1ec7 tuy\u1ec7t v\u1eddi. Do \u0111\u00f3, c\u1ea7n t\u00ecm hi\u1ec3u v\u00e0 c\u1ea3i thi\u1ec7n k\u1ef9 n\u0103ng giao ti\u1ebfp c\u1ee7a m\u00ecnh \u0111\u1ec3 c\u00f3 th\u1ec3 t\u1ef1 tin v\u00e0 th\u00e0nh c\u00f4ng trong m\u1ecdi l\u0129nh v\u1ef1c.<br \/>\n&#8211; Cu\u1ed1n s\u00e1ch &#8220;Kh\u00e9o \u0103n n\u00f3i s\u1ebd c\u00f3 \u0111\u01b0\u1ee3c thi\u00ean h\u1ea1&#8221; c\u1ee7a Tr\u00e1c Nh\u00e3 l\u00e0 m\u1ed9t ngu\u1ed3n t\u00e0i li\u1ec7u h\u1eefu \u00edch \u0111\u1ec3 gi\u00fap b\u1ea1n \u0111\u1ecdc n\u00e2ng cao k\u1ef9 n\u0103ng n\u00e0y. B\u1eb1ng ng\u00f4n t\u1eeb r\u00f5 r\u00e0ng, cu\u1ed1n s\u00e1ch n\u00e0y s\u1ebd gi\u00fap b\u1ea1n \u0111\u1ecdc hi\u1ec3u r\u00f5 c\u00e1c quy t\u1eafc v\u00e0 k\u1ef9 n\u0103ng giao ti\u1ebfp c\u01a1 b\u1ea3n, t\u1eeb \u0111\u00f3 tr\u1edf n\u00ean t\u1ef1 tin v\u00e0 th\u00e0nh c\u00f4ng h\u01a1n trong cu\u1ed9c s\u1ed1ng. B\u00ean c\u1ea1nh \u0111\u00f3, kh\u1ea3 n\u0103ng giao ti\u1ebfp c\u0169ng l\u00e0 y\u1ebfu t\u1ed1 quan tr\u1ecdng \u0111\u1ec3 x\u00e2y d\u1ef1ng m\u1ed1i quan h\u1ec7 trong x\u00e3 h\u1ed9i. S\u1eed d\u1ee5ng ng\u00f4n ng\u1eef kh\u00e9o l\u00e9o v\u00e0 th\u00e2n thi\u1ec7n gi\u00fap b\u1ea1n x\u00f3a b\u1ecf t\u00e2m l\u00fd \u0111\u1ec1 ph\u00f2ng c\u1ee7a \u0111\u1ed1i ph\u01b0\u01a1ng v\u00e0 thu h\u1eb9p kho\u1ea3ng c\u00e1ch gi\u1eefa hai b\u00ean, t\u1ea1o n\u1ec1n t\u1ea3ng cho m\u1ed9t m\u1ed1i quan h\u1ec7 t\u1ed1t \u0111\u1eb9p. \u0110\u00f3 c\u0169ng l\u00e0 c\u00e1ch gi\u00fap cho b\u1ea1n tr\u1ebb, nh\u1eefng ng\u01b0\u1eddi \u0111ang b\u01b0\u1edbc ch\u00e2n v\u00e0o cu\u1ed9c s\u1ed1ng, ch\u1ee9ng t\u1ecf n\u0103ng l\u1ef1c c\u1ee7a m\u00ecnh tr\u01b0\u1edbc m\u1ecdi ng\u01b0\u1eddi.<\/p>\n","protected":false},"excerpt":{"rendered":"<p>\u0110\u00e3 bao gi\u1edd \u0111\u00e1nh m\u1ea5t m\u1ed9t c\u00f4ng vi\u1ec7c, b\u1ea1n b\u1ecf l\u1ee1 m\u1ed9t m\u1ed1i quan h\u1ec7 tuy\u1ec7t v\u1eddi, hay \u0111\u01a1n gi\u1ea3n l\u00e0 b\u1ea1n c\u1ea3m th\u1ea5y kh\u00f3 n\u00f3i chuy\u1ec7n v\u1edbi m\u1ecdi ng\u01b0\u1eddi. B\u1ea1n c\u00f3 bao gi\u1edd ngh\u0129 l\u00e0 do k\u0129 n\u0103ng n\u00f3i chuy\u1ec7n c\u1ee7a m\u00ecnh ch\u01b0a t\u1ed1t, ch\u01b0a thuy\u1ebft ph\u1ee5c \u0111\u01b0\u1ee3c m\u1ecdi ng\u01b0\u1eddi. B\u1ea1n \u0111\u1ed5 l\u1ed7i cho s\u1ed1 ph\u1eadn v\u00e0 v\u1eadn may c\u1ee7a m\u00ecnh ch\u01b0a \u0111\u1ebfn. H\u00e3y d\u1eebng vi\u1ec7c than th\u00e2n tr\u00e1ch ph\u1eadn v\u00e0 h\u00e0nh \u0111\u1ed9ng \u0111\u1ec3 thay \u0111\u00f2i ch\u00ednh m\u00ecnh.<\/p>\n","protected":false},"featured_media":111,"comment_status":"open","ping_status":"closed","template":"","meta":[],"product_cat":[16,23],"product_tag":[],"class_list":["post-110","product","type-product","status-publish","has-post-thumbnail","hentry","product_cat-sach-phat-trien-tu-duy","product_cat-sach-tam-ly"],"_links":{"self":[{"href":"https:\/\/sachgiakho.com\/index.php\/wp-json\/wp\/v2\/product\/110","targetHints":{"allow":["GET"]}}],"collection":[{"href":"https:\/\/sachgiakho.com\/index.php\/wp-json\/wp\/v2\/product"}],"about":[{"href":"https:\/\/sachgiakho.com\/index.php\/wp-json\/wp\/v2\/types\/product"}],"replies":[{"embeddable":true,"href":"https:\/\/sachgiakho.com\/index.php\/wp-json\/wp\/v2\/comments?post=110"}],"wp:featuredmedia":[{"embeddable":true,"href":"https:\/\/sachgiakho.com\/index.php\/wp-json\/wp\/v2\/media\/111"}],"wp:attachment":[{"href":"https:\/\/sachgiakho.com\/index.php\/wp-json\/wp\/v2\/media?parent=110"}],"wp:term":[{"taxonomy":"product_cat","embeddable":true,"href":"https:\/\/sachgiakho.com\/index.php\/wp-json\/wp\/v2\/product_cat?post=110"},{"taxonomy":"product_tag","embeddable":true,"href":"https:\/\/sachgiakho.com\/index.php\/wp-json\/wp\/v2\/product_tag?post=110"}],"curies":[{"name":"wp","href":"https:\/\/api.w.org\/{rel}","templated":true}]}}