{"id":11,"date":"2023-02-15T04:15:28","date_gmt":"2023-02-14T21:15:28","guid":{"rendered":"https:\/\/sachgiakho.com\/?post_type=product&#038;p=11"},"modified":"2023-06-17T09:28:03","modified_gmt":"2023-06-17T02:28:03","slug":"doi-ngan-dung-ngu-dai","status":"publish","type":"product","link":"https:\/\/sachgiakho.com\/index.php\/product\/doi-ngan-dung-ngu-dai\/","title":{"rendered":"\u0110\u1eddi ng\u1eafn \u0111\u1eebng ng\u1ee7 d\u00e0i"},"content":{"rendered":"<p><img loading=\"lazy\" decoding=\"async\" class=\"alignnone size-full wp-image-59\" src=\"https:\/\/sachgiakho.com\/wp-content\/uploads\/2023\/02\/tinywow_doi-ngan-dung-ngu-dai_14726792.jpg\" alt=\"\" width=\"189\" height=\"300\" \/><\/p>\n<p>Cu\u1ed1n s\u00e1ch\u00a0<em>\u0110\u1eddi ng\u1eafn \u0111\u1eebng ng\u1ee7 d\u00e0i<\/em>\u00a0c\u1ee7a t\u00e1c gi\u1ea3 Robin Sharma t\u1eebng l\u1ecdt v\u00e0o top c\u00e1c cu\u1ed1n s\u00e1ch b\u00e1n ch\u1ea1y nh\u1ea5t tr\u00ean c\u00e1c trang b\u00e1n s\u00e1ch online.<\/p>\n<p dir=\"ltr\">S\u00e1ch bao g\u1ed3m 101 c\u00e2u chuy\u1ec7n \u0111\u01b0\u1ee3c t\u00e1c gi\u1ea3 t\u1ef1 tr\u1ea3i nghi\u1ec7m v\u00e0 t\u1ed5ng h\u1ee3p r\u1ea5t nhi\u1ec1u v\u1ec1 c\u00e1c v\u1ea5n \u0111\u1ec1 t\u1eeb cu\u1ed9c s\u1ed1ng, c\u00f4ng vi\u1ec7c, h\u1ecdc t\u1eadp cho \u0111\u1ebfn c\u00e1ch s\u1ed1ng c\u1ee7a ch\u00ednh t\u00e1c gi\u1ea3 v\u00e0 nh\u1eefng ng\u01b0\u1eddi xung quanh \u00f4ng. \u0110\u00f3 \u0111i\u1ec1u l\u00e0 nh\u1eefng c\u00e2u chuy\u1ec7n r\u1ea5t g\u1ea7n g\u0169i v\u00e0 ch\u00e2n th\u1ef1c m\u00e0 t\u00e1c gi\u1ea3 Robin Sharma mu\u1ed1n truy\u1ec1n t\u1ea3i t\u1edbi c\u00e1c \u0111\u1ed9c gi\u1ea3 th\u00e2n y\u00eau c\u1ee7a m\u00ecnh. Trong nh\u1eefng c\u00e2u chuy\u1ec7n c\u1ee7a t\u00e1c gi\u1ea3 k\u1ec3, ng\u01b0\u1eddi \u0111\u1ecdc \u0111\u00f4i khi s\u1ebd t\u1ef1 c\u1ea3m th\u1ea5y ch\u00ednh m\u00ecnh \u0111ang \u1edf trong \u0111\u00f3 c\u00f9ng v\u1edbi r\u1ea5t nhi\u1ec1u b\u00e0i h\u1ecdc tri\u1ebft l\u00fd \u0111\u01b0\u1ee3c r\u00fat ra.<\/p>\n<p dir=\"ltr\">C\u00e1ch vi\u1ebft c\u1ee7a t\u00e1c gi\u1ea3 tuy kh\u00f4ng c\u1ea7u k\u1ef3 hay chau chu\u1ed1t v\u1ec1 m\u1eb7t ng\u00f4n t\u1eeb, nh\u01b0ng khi \u0111\u1ecdc v\u1eabn gi\u00fap cho ng\u01b0\u1eddi \u0111\u1ecdc c\u1ea3m gi\u00e1c r\u1ea5t s\u00e2u s\u1eafc v\u00e0 th\u1ea5m th\u00eda, m\u00e0 kh\u00f4ng h\u1ec1 t\u1ea1o ra s\u1ef1 hoa m\u1ef9, m\u00e0u m\u00e8 hay c\u1ea3m gi\u00e1c nh\u00e0m ch\u00e1n khi \u0111\u1ecdc.<\/p>\n<p>B\u1ea3n ch\u1ec9nh s\u1eeda m\u1edbi nh\u1ea5t.<br \/>\nS\u00e1ch in kh\u1ed5 20x13cm<br \/>\nN\u1eb7ng 240g<\/p>\n","protected":false},"excerpt":{"rendered":"<p>Cu\u1ed1n s\u00e1ch\u00a0\u0110\u1eddi ng\u1eafn \u0111\u1eebng ng\u1ee7 d\u00e0i\u00a0c\u1ee7a t\u00e1c gi\u1ea3 Robin Sharma t\u1eebng l\u1ecdt v\u00e0o top c\u00e1c cu\u1ed1n s\u00e1ch b\u00e1n ch\u1ea1y nh\u1ea5t tr\u00ean c\u00e1c trang b\u00e1n s\u00e1ch online. S\u00e1ch bao g\u1ed3m 101 c\u00e2u chuy\u1ec7n \u0111\u01b0\u1ee3c t\u00e1c gi\u1ea3 t\u1ef1 tr\u1ea3i nghi\u1ec7m v\u00e0 t\u1ed5ng h\u1ee3p r\u1ea5t nhi\u1ec1u v\u1ec1 c\u00e1c v\u1ea5n \u0111\u1ec1 t\u1eeb cu\u1ed9c s\u1ed1ng, c\u00f4ng vi\u1ec7c, h\u1ecdc t\u1eadp cho [&hellip;]<\/p>\n","protected":false},"featured_media":59,"comment_status":"open","ping_status":"closed","template":"","meta":[],"product_cat":[16],"product_tag":[],"class_list":["post-11","product","type-product","status-publish","has-post-thumbnail","hentry","product_cat-sach-phat-trien-tu-duy"],"_links":{"self":[{"href":"https:\/\/sachgiakho.com\/index.php\/wp-json\/wp\/v2\/product\/11","targetHints":{"allow":["GET"]}}],"collection":[{"href":"https:\/\/sachgiakho.com\/index.php\/wp-json\/wp\/v2\/product"}],"about":[{"href":"https:\/\/sachgiakho.com\/index.php\/wp-json\/wp\/v2\/types\/product"}],"replies":[{"embeddable":true,"href":"https:\/\/sachgiakho.com\/index.php\/wp-json\/wp\/v2\/comments?post=11"}],"wp:featuredmedia":[{"embeddable":true,"href":"https:\/\/sachgiakho.com\/index.php\/wp-json\/wp\/v2\/media\/59"}],"wp:attachment":[{"href":"https:\/\/sachgiakho.com\/index.php\/wp-json\/wp\/v2\/media?parent=11"}],"wp:term":[{"taxonomy":"product_cat","embeddable":true,"href":"https:\/\/sachgiakho.com\/index.php\/wp-json\/wp\/v2\/product_cat?post=11"},{"taxonomy":"product_tag","embeddable":true,"href":"https:\/\/sachgiakho.com\/index.php\/wp-json\/wp\/v2\/product_tag?post=11"}],"curies":[{"name":"wp","href":"https:\/\/api.w.org\/{rel}","templated":true}]}}