{"id":108,"date":"2023-03-02T17:29:48","date_gmt":"2023-03-02T10:29:48","guid":{"rendered":"https:\/\/sachgiakho.com\/?post_type=product&#038;p=108"},"modified":"2023-03-04T20:02:03","modified_gmt":"2023-03-04T13:02:03","slug":"108","status":"publish","type":"product","link":"https:\/\/sachgiakho.com\/index.php\/product\/108\/","title":{"rendered":"Homo Deus: L\u01b0\u1ee3c s\u1eed t\u01b0\u01a1ng lai"},"content":{"rendered":"<p><em><strong>L\u01b0\u1ee3c S\u1eed T\u01b0\u01a1ng Lai c\u1ee7a t\u00e1c gi\u1ea3 Yuval Noah Harari &#8211; sachgiakho.com<\/strong><\/em><br \/>\nM\u1ed9t cu\u1ed1n s\u00e1ch \u0111\u1ea7y t\u00e1o b\u1ea1o v\u00e0 \u0111\u1ea7y t\u1ea7m nh\u00ecn v\u1ec1 t\u01b0\u01a1ng lai c\u1ee7a lo\u00e0i ng\u01b0\u1eddi. Nh\u1eefng c\u00e2u h\u1ecfi c\u01a1 b\u1ea3n v\u1ec1 s\u1ef1 t\u1ed3n t\u1ea1i c\u1ee7a Homo sapiens tr\u00ean h\u00e0nh tinh n\u00e0y \u0111\u01b0\u1ee3c \u0111\u01b0a ra v\u1edbi c\u00e1ch ti\u1ebfp c\u1eadn m\u1edbi l\u1ea1, \u0111\u1ea7y g\u1ee3i m\u1edf v\u00e0 ch\u1ea5t x\u00e1m.<br \/>\n<img loading=\"lazy\" decoding=\"async\" class=\"alignnone size-full wp-image-109\" src=\"https:\/\/sachgiakho.com\/wp-content\/uploads\/2023\/03\/luoc-su-tuong-lai.jpg\" alt=\"sachgiakho.com\" width=\"191\" height=\"300\" \/><\/p>\n<p>Harari \u0111\u1eb7t ra c\u00e2u h\u1ecfi li\u1ec7u con ng\u01b0\u1eddi c\u00f3 ph\u1ea3i l\u00e0 m\u1ed9t d\u1ea1ng s\u1ed1ng si\u00eau \u0111\u1eb3ng, hay ch\u1ec9 l\u00e0 m\u1ed9t tay \u0111\u1ea7u g\u1ea5u \u0111\u1ecba ph\u01b0\u01a1ng? L\u00e0m th\u1ebf n\u00e0o con ng\u01b0\u1eddi l\u1ea1i tin r\u1eb1ng h\u1ecd kh\u00f4ng ch\u1ec9 \u0111\u00e3 ki\u1ec3m so\u00e1t th\u1ebf gi\u1edbi, m\u00e0 c\u00f2n mang l\u1ea1i \u00fd ngh\u0129a cho n\u00f3? V\u00e0 \u0111\u1eb7c bi\u1ec7t, v\u1edbi s\u1ef1 ph\u00e1t tri\u1ec3n m\u1ea1nh m\u1ebd c\u1ee7a c\u00f4ng ngh\u1ec7 sinh h\u1ecdc v\u00e0 tr\u00ed th\u00f4ng minh nh\u00e2n t\u1ea1o, lo\u00e0i ng\u01b0\u1eddi s\u1ebd ph\u1ea3i \u0111\u1ed1i m\u1eb7t v\u1edbi nh\u1eefng th\u00e1ch th\u1ee9c n\u00e0o v\u00e0 li\u1ec7u c\u00f3 th\u1ec3 t\u1ed3n t\u1ea1i trong t\u01b0\u01a1ng lai?<\/p>\n<p>V\u1edbi gi\u1ecdng k\u1ec3 cu\u1ed1n h\u00fat v\u00e0 m\u1edbi l\u1ea1, Harari g\u1ee3i m\u1edf v\u00e0 tr\u1ea3 l\u1eddi nh\u1eefng c\u00e2u h\u1ecfi tr\u00ean, b\u1eb1ng c\u00e1ch ph\u00e2n t\u00edch chi ti\u1ebft nh\u1eefng lu\u1eadn \u0111i\u1ec3m g\u00e2y nhi\u1ec1u tranh c\u00e3i. \u00d4ng cho r\u1eb1ng ch\u1ee7 ngh\u0129a nh\u00e2n \u0111\u1ea1o l\u00e0 m\u1ed9t d\u1ea1ng t\u00f4n gi\u00e1o, th\u1ee9 t\u00f4n gi\u00e1o t\u00f4n th\u1edd con ng\u01b0\u1eddi thay v\u00ec th\u1ea7n th\u00e1nh. \u00d4ng c\u0169ng \u0111\u01b0a ra quan \u0111i\u1ec3m r\u1eb1ng sinh v\u1eadt l\u00e0 thu\u1eadt to\u00e1n v\u00e0 d\u1ef1 \u0111o\u00e1n m\u1ed9t vi\u1ec5n c\u1ea3nh t\u01b0\u01a1ng lai khi Sapiens th\u1ea5t th\u1ebf v\u00e0 D\u1eef li\u1ec7u gi\u00e1o tr\u1edf th\u00e0nh m\u1ed9t h\u00ecnh m\u1eabu.<\/p>\n<p>Ngo\u00e0i ra, HOMO DEUS c\u00f2n b\u00e0n s\u00e2u h\u01a1n v\u1ec1 c\u00e1c n\u0103ng l\u1ef1c m\u00e0 con ng\u01b0\u1eddi \u0111\u00e3 t\u1ef1 trang b\u1ecb \u0111\u1ec3 sinh t\u1ed3n v\u00e0 ti\u1ebfn ho\u00e1 th\u00e0nh m\u1ed9t gi\u1ed1ng lo\u00e0i ng\u1ef1 tr\u1ecb tr\u00ean tr\u00e1i \u0111\u1ea5t. Tuy nhi\u00ean, trong qu\u00e1 tr\u00ecnh ho\u00e0n thi\u1ec7n v\u00e0 n\u00e2ng c\u1ea5p c\u00e1c n\u0103ng l\u1ef1c \u1ea5y, ch\u00fang ta c\u0169ng \u0111ang m\u1ea1o hi\u1ec3m m\u1ea5t quy\u1ec1n ki\u1ec3m so\u00e1t b\u1edfi m\u1ed9t sinh v\u1eadt m\u1edbi, mang t\u00ean Homo Deus.<\/p>\n<p>Cu\u1ed1n s\u00e1ch L\u01b0\u1ee3c S\u1eed T\u01b0\u01a1ng Lai l\u00e0 m\u1ed9t t\u00e1c ph\u1ea9m \u0111\u1ea7y c\u1ea3m h\u1ee9ng v\u00e0 c\u1ef1c k\u1ef3 th\u00fa v\u1ecb. N\u00f3 \u0111\u01b0a ra nh\u1eefng quan \u0111i\u1ec3m m\u1edbi v\u00e0 g\u00e2y tranh c\u00e3i v\u1ec1 t\u01b0\u01a1ng lai c\u1ee7a con ng\u01b0\u1eddi v\u00e0 h\u00e0nh tinh n\u00e0y. \u0110\u00e2y l\u00e0 m\u1ed9t cu\u1ed1n s\u00e1ch tuy\u1ec7t v\u1eddi cho nh\u1eefng ai quan t\u00e2m \u0111\u1ebfn t\u01b0\u01a1ng lai c\u1ee7a h\u00e0nh tinh ch\u00fang ta<\/p>\n","protected":false},"excerpt":{"rendered":"<p>Harari \u0111\u1eb7t ra c\u00e2u h\u1ecfi li\u1ec7u con ng\u01b0\u1eddi c\u00f3 ph\u1ea3i l\u00e0 m\u1ed9t d\u1ea1ng s\u1ed1ng si\u00eau \u0111\u1eb3ng, hay ch\u1ec9 l\u00e0 m\u1ed9t tay \u0111\u1ea7u g\u1ea5u \u0111\u1ecba ph\u01b0\u01a1ng? L\u00e0m th\u1ebf n\u00e0o con ng\u01b0\u1eddi l\u1ea1i tin r\u1eb1ng h\u1ecd kh\u00f4ng ch\u1ec9 \u0111\u00e3 ki\u1ec3m so\u00e1t th\u1ebf gi\u1edbi, m\u00e0 c\u00f2n mang l\u1ea1i \u00fd ngh\u0129a cho n\u00f3? V\u00e0 \u0111\u1eb7c bi\u1ec7t, v\u1edbi s\u1ef1 ph\u00e1t tri\u1ec3n m\u1ea1nh m\u1ebd c\u1ee7a c\u00f4ng ngh\u1ec7 sinh h\u1ecdc v\u00e0 tr\u00ed th\u00f4ng minh nh\u00e2n t\u1ea1o, lo\u00e0i ng\u01b0\u1eddi s\u1ebd ph\u1ea3i \u0111\u1ed1i m\u1eb7t v\u1edbi nh\u1eefng th\u00e1ch th\u1ee9c n\u00e0o v\u00e0 li\u1ec7u c\u00f3 th\u1ec3 t\u1ed3n t\u1ea1i trong t\u01b0\u01a1ng lai?<\/p>\n","protected":false},"featured_media":109,"comment_status":"open","ping_status":"closed","template":"","meta":[],"product_cat":[24],"product_tag":[],"class_list":["post-108","product","type-product","status-publish","has-post-thumbnail","hentry","product_cat-sach-kham-pha"],"_links":{"self":[{"href":"https:\/\/sachgiakho.com\/index.php\/wp-json\/wp\/v2\/product\/108","targetHints":{"allow":["GET"]}}],"collection":[{"href":"https:\/\/sachgiakho.com\/index.php\/wp-json\/wp\/v2\/product"}],"about":[{"href":"https:\/\/sachgiakho.com\/index.php\/wp-json\/wp\/v2\/types\/product"}],"replies":[{"embeddable":true,"href":"https:\/\/sachgiakho.com\/index.php\/wp-json\/wp\/v2\/comments?post=108"}],"wp:featuredmedia":[{"embeddable":true,"href":"https:\/\/sachgiakho.com\/index.php\/wp-json\/wp\/v2\/media\/109"}],"wp:attachment":[{"href":"https:\/\/sachgiakho.com\/index.php\/wp-json\/wp\/v2\/media?parent=108"}],"wp:term":[{"taxonomy":"product_cat","embeddable":true,"href":"https:\/\/sachgiakho.com\/index.php\/wp-json\/wp\/v2\/product_cat?post=108"},{"taxonomy":"product_tag","embeddable":true,"href":"https:\/\/sachgiakho.com\/index.php\/wp-json\/wp\/v2\/product_tag?post=108"}],"curies":[{"name":"wp","href":"https:\/\/api.w.org\/{rel}","templated":true}]}}