{"id":106,"date":"2023-03-02T17:18:20","date_gmt":"2023-03-02T10:18:20","guid":{"rendered":"https:\/\/sachgiakho.com\/?post_type=product&#038;p=106"},"modified":"2023-03-02T17:32:15","modified_gmt":"2023-03-02T10:32:15","slug":"vu-tru-trong-vo-hat-de-stephen-hawking","status":"publish","type":"product","link":"https:\/\/sachgiakho.com\/index.php\/product\/vu-tru-trong-vo-hat-de-stephen-hawking\/","title":{"rendered":"V\u0169 tr\u1ee5 trong v\u1ecf h\u1ea1t d\u1ebb &#8211;  Stephen Hawking"},"content":{"rendered":"<div><em><strong>V\u0169 tr\u1ee5 trong v\u1ecf h\u1ea1t d\u1ebb &#8211; sachgiakho.com<br \/>\n<\/strong><\/em><br \/>\nV\u1edbi nh\u1eefng ai ch\u01b0a bao gi\u1edd ti\u1ebfp x\u00fac qua ch\u1ee7 \u0111\u1ec1 v\u1ec1 v\u1eadt l\u00fd l\u00fd thuy\u1ebft th\u00ec \u0111\u00e2y qu\u1ea3 l\u00e0 m\u1ed9t quy\u1ec3n s\u00e1ch l\u00fd t\u01b0\u1edfng \u0111\u1ec3 b\u1eaft \u0111\u1ea7u. C\u00f3 th\u1ec3 n\u00f3i nguy\u00ean do khi\u1ebfn &#8220;V\u0169 tr\u1ee5 trong v\u1ecf h\u1ea1t d\u1ebb&#8221; d\u1ec5 th\u1ea5m v\u00e0o ng\u01b0\u1eddi \u0111\u1ecdc ngay c\u1ea3 khi h\u1ecd ch\u01b0a h\u1ec1 c\u00f3 m\u1ed9t t\u00ed ki\u1ebfn th\u1ee9c chuy\u00ean m\u00f4n n\u00e0o l\u00e0 v\u00ec Stephen \u0111\u00e3 r\u1ea5t t\u00e0i t\u00ecnh trong vi\u1ec7c s\u1eafp x\u1ebfp tr\u00ecnh t\u1ef1 n\u1ed9i dung, ch\u1ecdn l\u1ecdc t\u1eeb ng\u1eef, d\u00f9ng l\u1ed1i vi\u1ebft g\u1ea7n g\u0169i \u0111\u1ec3 gi\u1edbi thi\u1ec7u, ph\u00e2n t\u00edch v\u00e0 nh\u1ea5t l\u00e0 \u0111i k\u00e8m v\u1edbi r\u1ea5t nhi\u1ec1u h\u00ecnh \u1ea3nh m\u00ecnh h\u1ecda. \u00d4ng chia nh\u1ecf cu\u1ed9c h\u00e0nh tr\u00ecnh kh\u00e1m ph\u00e1 v\u0169 tr\u1ee5 th\u00e0nh 7 ch\u01b0\u01a1ng: Ch\u01b0\u01a1ng 1: Gi\u1edbi thi\u1ec7u s\u01a1 l\u01b0\u1ee3c hai l thuy\u1ebft c\u1ee7a Einstein bao g\u1ed3m l\u00fd thuy\u1ebft t\u01b0\u01a1ng \u0111\u1ed1i t\u1ed5ng qu\u00e1t v\u00e0 thuy\u1ebft l\u01b0\u1ee3ng t\u1eed. Ch\u01b0\u01a1ng 2: N\u00eau ra c\u00e1c gi\u1ea3 thuy\u1ebft v\u00e0 ph\u00e2n t\u00edch h\u00ecnh d\u00e1ng c\u1ee7a th\u1eddi gian d\u1ef1a v\u00e0o hai l\u00fd thuy\u1ebft \u1ea5y. Ch\u01b0\u01a1ng 3: \u0110\u1eb7t c\u00e2u h\u1ecfi v\u00e0 d\u1eabn m\u1ecdi ng\u01b0\u1eddi \u0111i t\u00ecm l\u1eddi gi\u1ea3i v\u1ec1 l\u1ecbch s\u1eed c\u1ee7a v\u0169 tr\u1ee5.Ch\u01b0\u01a1ng 4: \u0110\u1ecbnh ngh\u0129a v\u1ec1 h\u1ed1 \u0111en v\u00e0 \u1ea3nh h\u01b0\u1edfng c\u1ee7a h\u1ed1 \u0111en \u0111\u1ebfn vi\u1ec7c ch\u00fang ta c\u00f3 th\u1ec3 ti\u00ean \u0111o\u00e1n t\u01b0\u01a1ng lai. Ch\u01b0\u01a1ng 5: C\u00e1 c\u01b0\u1ee3c v\u1ec1 vi\u1ec7c du h\u00e0nh th\u1eddi gian. Ch\u01b0\u01a1ng 6: Suy lu\u1eadn nh\u1eefng g\u00ec s\u1ebd x\u1ea3y \u0111\u1ebfn v\u1edbi ng\u00e0nh y h\u1ecdc c\u0169ng nh\u01b0 \u0111i\u1ec7n t\u1eed trong t\u01b0\u01a1ng lai. Ch\u01b0\u01a1ng 7: M\u1edf ra m\u1ed9t kh\u00e1i ni\u1ec7m m\u1edbi v\u1ec1 s\u1ef1 v\u00f4 t\u1eadn b\u00ean ngo\u00e0i v\u0169 tr\u1ee5. C\u00e1 nh\u00e2n m\u00ecnh th\u1ea5y c\u00e1c ch\u01b0\u01a1ng 4, 5, 6 d\u1ec5 hi\u1ec3u h\u01a1n h\u1eb3n v\u00ec \u0111\u00e3 \u0111\u01b0\u1ee3c ti\u1ebfp x\u00fac v\u00e0i l\u1ea7n th\u00f4ng qua c\u00e1c b\u1ed9 phim khoa h\u1ecdc vi\u1ec5n t\u01b0\u1edfng. C\u00f2n l\u1ea1i c\u00e1c ch\u01b0\u01a1ng 2, 3, 7 \u0111i k\u00e8m v\u1edbi r\u1ea5t nhi\u1ec1u l\u00fd thuy\u1ebft, c\u00f4ng th\u1ee9c to\u00e1n h\u1ecdc, v\u1eadt l\u00fd \u0111\u01b0a \u0111\u1ebfn m\u1ed9t l\u01b0\u1ee3ng th\u00f4ng tin ho\u00e0n to\u00e0n m\u1edbi, \u0111\u00e1ng suy ng\u1eabm v\u00e0 c\u0169ng kh\u00f3 l\u00f2ng m\u00e0 hi\u1ec3u h\u1ebft. D\u00f9 v\u1eady \u0111\u00e2y l\u00e0 m\u1ed9t quy\u1ec3n s\u00e1ch v\u1edbi l\u01b0\u1ee3ng ki\u1ebfn th\u1ee9c kh\u00e1 nhi\u1ec1u, kh\u00f4ng th\u1ec3 ch\u1ec9 \u0111\u1ecdc qua m\u1ed9t l\u1ea7n \u0111\u01b0\u1ee3c. &#8220;Ch\u00fang ta th\u01b0\u1eddng quen v\u1edbi \u00fd ngh\u0129 r\u1eb1ng c\u00e1c s\u1ef1 ki\u1ec7n \u0111\u01b0\u1ee3c g\u00e2y ra b\u1edfi c\u00e1c s\u1ef1 ki\u1ec7n tr\u01b0\u1edbc \u0111\u00f3, v\u00e0 c\u00e1c s\u1ef1 ki\u1ec7n n\u00e0y l\u1ea1i ph\u00e1t sinh t\u1eeb nh\u1eefng s\u1ef1 ki\u1ec7n tr\u01b0\u1edbc \u0111\u00f3 n\u1eefa, t\u1ee9c l\u00e0 c\u00f3 m\u1ed9t chu\u1ed7i nh\u00e2n qu\u1ea3 tr\u1ea3i ng\u01b0\u1ee3c v\u1ec1 qu\u00e1 kh\u1ee9. Nh\u01b0ng gi\u1ea3 s\u1eed r\u1eb1ng chu\u1ed7i n\u00e0y c\u00f3 m\u1ed9t s\u1ef1 kh\u1edfi \u0111\u1ea7u t\u1ee9c l\u00e0 gi\u1ea3 s\u1eed c\u00f3 m\u1ed9t s\u1ef1 ki\u1ec7n \u0111\u1ea7u ti\u00ean th\u00ec c\u00e1i g\u00ec g\u00e2y ra n\u00f3?&#8221; &#8220;M\u1ed9t \u0111\u1ecbnh lu\u1eadt s\u1ebd kh\u00f4ng ph\u1ea3i l\u00e0 \u0111\u1ecbnh lu\u1eadt n\u1ebfu n\u00f3 ch\u1ec9 \u0111\u00fang \u1edf m\u1ed9t v\u00e0i th\u1eddi \u0111i\u1ec3m.&#8221;<\/div>\n","protected":false},"excerpt":{"rendered":"<p>V\u0169 Tr\u1ee5 Trong V\u1ecf H\u1ea1t D\u1ebb (T\u00e1i B\u1ea3n 2017)<\/p>\n<p>L\u00f2ng kh\u00e1t khao kh\u00e1m ph\u00e1 lu\u00f4n l\u00e0 \u0111\u1ed9ng l\u1ef1c cho tr\u00ed s\u00e1ng t\u1ea1o c\u1ee7a con ng\u01b0\u1eddi trong m\u1ecdi l\u0129nh v\u1ef1c kh\u00f4ng ch\u1ec9 trong khoa h\u1ecdc. \u0110i\u1ec1u \u0111\u00f3 \u0111\u01b0\u1ee3c ki\u1ec3m ch\u1ee9ng trong quy\u1ec3n &#8220;V\u0169 tr\u1ee5 trong v\u1ecf h\u1ea1t d\u1ebb&#8221;.<\/p>\n","protected":false},"featured_media":107,"comment_status":"open","ping_status":"closed","template":"","meta":[],"product_cat":[24],"product_tag":[],"class_list":["post-106","product","type-product","status-publish","has-post-thumbnail","hentry","product_cat-sach-kham-pha"],"_links":{"self":[{"href":"https:\/\/sachgiakho.com\/index.php\/wp-json\/wp\/v2\/product\/106","targetHints":{"allow":["GET"]}}],"collection":[{"href":"https:\/\/sachgiakho.com\/index.php\/wp-json\/wp\/v2\/product"}],"about":[{"href":"https:\/\/sachgiakho.com\/index.php\/wp-json\/wp\/v2\/types\/product"}],"replies":[{"embeddable":true,"href":"https:\/\/sachgiakho.com\/index.php\/wp-json\/wp\/v2\/comments?post=106"}],"wp:featuredmedia":[{"embeddable":true,"href":"https:\/\/sachgiakho.com\/index.php\/wp-json\/wp\/v2\/media\/107"}],"wp:attachment":[{"href":"https:\/\/sachgiakho.com\/index.php\/wp-json\/wp\/v2\/media?parent=106"}],"wp:term":[{"taxonomy":"product_cat","embeddable":true,"href":"https:\/\/sachgiakho.com\/index.php\/wp-json\/wp\/v2\/product_cat?post=106"},{"taxonomy":"product_tag","embeddable":true,"href":"https:\/\/sachgiakho.com\/index.php\/wp-json\/wp\/v2\/product_tag?post=106"}],"curies":[{"name":"wp","href":"https:\/\/api.w.org\/{rel}","templated":true}]}}