{"id":100,"date":"2023-03-02T16:48:03","date_gmt":"2023-03-02T09:48:03","guid":{"rendered":"https:\/\/sachgiakho.com\/?post_type=product&#038;p=100"},"modified":"2023-03-02T17:06:36","modified_gmt":"2023-03-02T10:06:36","slug":"luoc-su-thoi-gian","status":"publish","type":"product","link":"https:\/\/sachgiakho.com\/index.php\/product\/luoc-su-thoi-gian\/","title":{"rendered":"L\u01b0\u1ee3c s\u1eed th\u1eddi gian"},"content":{"rendered":"<p><strong>L\u01b0\u1ee3c S\u1eed Th\u1eddi Gian &#8211; Sachgiakho.com<\/strong><\/p>\n<p><em>**N\u1ed9i dung kh\u00f4ng thay \u0111\u1ed5i. B\u00eca s\u1ea3n ph\u1ea9m thay \u0111\u1ed5i theo t\u1eebng \u0111\u1ee3t nh\u1eadp h\u00e0ng **\u00a0<\/em><\/p>\n<p>&#8220;L\u01b0\u1ee3c S\u1eed Th\u1eddi Gian&#8221; l\u00e0 m\u1ed9t trong nh\u1eefng cu\u1ed1n s\u00e1ch n\u1ed5i ti\u1ebfng nh\u1ea5t v\u1ec1 v\u0169 tr\u1ee5 h\u1ecdc c\u1ee7a Stephen Hawking. Cu\u1ed1n s\u00e1ch n\u00e0y mang l\u1ea1i cho \u0111\u1ed9c gi\u1ea3 m\u1ed9t c\u00e1i nh\u00ecn t\u1ed5ng qu\u00e1t v\u1ec1 s\u1ef1 ra \u0111\u1eddi, s\u1ef1 h\u00ecnh th\u00e0nh v\u00e0 ph\u00e1t tri\u1ec3n c\u1ee7a v\u0169 tr\u1ee5, t\u1eeb nh\u1eefng ti\u1ebfn b\u1ed9 trong tri\u1ebft h\u1ecdc, v\u1eadt l\u00fd v\u00e0 thi\u00ean v\u0103n h\u1ecdc. Cu\u1ed1n s\u00e1ch \u0111\u01b0a ra nh\u1eefng c\u00e2u h\u1ecfi quan tr\u1ecdng nh\u01b0 t\u1ea1i sao t\u1ef1 nhi\u00ean l\u1ea1i nh\u01b0 th\u1ebf n\u00e0y m\u00e0 kh\u00f4ng nh\u01b0 th\u1ebf kh\u00e1c, v\u0169 tr\u1ee5 ra \u0111\u1eddi t\u1eeb \u0111\u00e2u, ho\u1eb7c n\u00f3 c\u00f3 m\u00e3i m\u00e3i nh\u01b0 th\u1ebf n\u00e0y kh\u00f4ng. Cu\u1ed1n s\u00e1ch c\u0169ng gi\u1ea3i th\u00edch c\u00e1c kh\u00e1i ni\u1ec7m ph\u1ee9c t\u1ea1p nh\u01b0 l\u1ed7 \u0111en v\u00e0 nguy\u00ean t\u1eed, \u0111\u1ed3ng th\u1eddi gi\u1ea3i \u0111\u00e1p c\u00e1c c\u00e2u h\u1ecfi v\u1ec1 th\u1eddi gian v\u00e0 s\u1ef1 hi\u1ec3u bi\u1ebft c\u1ee7a con ng\u01b0\u1eddi. Nh\u01b0 m\u1ed9t ph\u1ea7n th\u01b0\u1edfng cho c\u00f4ng ch\u00fang kh\u00f4ng chuy\u00ean, cu\u1ed1n s\u00e1ch n\u00e0y \u0111\u01b0\u1ee3c vi\u1ebft d\u1ec5 hi\u1ec3u v\u00e0 h\u1ea5p d\u1eabn, gi\u00fap \u0111\u1ed9c gi\u1ea3 c\u00f3 th\u1ec3 th\u01b0\u1edfng th\u1ee9c v\u00e0 t\u00ecm hi\u1ec3u th\u00eam v\u1ec1 v\u0169 tr\u1ee5. V\u1edbi t\u00e1c gi\u1ea3 l\u00e0 gi\u00e1o s\u01b0 to\u00e1n h\u1ecdc c\u1ee7a tr\u01b0\u1eddng \u0110\u1ea1i h\u1ecdc Cambridge, cu\u1ed1n s\u00e1ch n\u00e0y l\u00e0 m\u1ed9t ph\u1ea7n quan tr\u1ecdng trong h\u1ec7 th\u1ed1ng c\u00e1c t\u00e1c ph\u1ea9m c\u1ee7a Hawking, \u0111\u01b0\u1ee3c xem l\u00e0 m\u1ed9t ng\u01b0\u1eddi k\u1ebf t\u1ee5c x\u1ee9ng \u0111\u00e1ng cho nh\u1eefng nh\u00e0 nghi\u00ean c\u1ee9u n\u1ed5i ti\u1ebfng tr\u01b0\u1edbc \u0111\u00f3 nh\u01b0 Newton v\u00e0 P.A.M Dirac.<\/p>\n","protected":false},"excerpt":{"rendered":"<p>Nh\u01b0 m\u1ed9t ph\u1ea7n th\u01b0\u1edfng cho c\u00f4ng ch\u00fang kh\u00f4ng chuy\u00ean, cu\u1ed1n s\u00e1ch n\u00e0y \u0111\u01b0\u1ee3c vi\u1ebft d\u1ec5 hi\u1ec3u v\u00e0 h\u1ea5p d\u1eabn, gi\u00fap \u0111\u1ed9c gi\u1ea3 c\u00f3 th\u1ec3 th\u01b0\u1edfng th\u1ee9c v\u00e0 t\u00ecm hi\u1ec3u th\u00eam v\u1ec1 v\u0169 tr\u1ee5.<\/p>\n","protected":false},"featured_media":105,"comment_status":"open","ping_status":"closed","template":"","meta":[],"product_cat":[24],"product_tag":[],"class_list":["post-100","product","type-product","status-publish","has-post-thumbnail","hentry","product_cat-sach-kham-pha"],"_links":{"self":[{"href":"https:\/\/sachgiakho.com\/index.php\/wp-json\/wp\/v2\/product\/100","targetHints":{"allow":["GET"]}}],"collection":[{"href":"https:\/\/sachgiakho.com\/index.php\/wp-json\/wp\/v2\/product"}],"about":[{"href":"https:\/\/sachgiakho.com\/index.php\/wp-json\/wp\/v2\/types\/product"}],"replies":[{"embeddable":true,"href":"https:\/\/sachgiakho.com\/index.php\/wp-json\/wp\/v2\/comments?post=100"}],"wp:featuredmedia":[{"embeddable":true,"href":"https:\/\/sachgiakho.com\/index.php\/wp-json\/wp\/v2\/media\/105"}],"wp:attachment":[{"href":"https:\/\/sachgiakho.com\/index.php\/wp-json\/wp\/v2\/media?parent=100"}],"wp:term":[{"taxonomy":"product_cat","embeddable":true,"href":"https:\/\/sachgiakho.com\/index.php\/wp-json\/wp\/v2\/product_cat?post=100"},{"taxonomy":"product_tag","embeddable":true,"href":"https:\/\/sachgiakho.com\/index.php\/wp-json\/wp\/v2\/product_tag?post=100"}],"curies":[{"name":"wp","href":"https:\/\/api.w.org\/{rel}","templated":true}]}}