{"id":2,"date":"2023-02-11T04:51:45","date_gmt":"2023-02-10T21:51:45","guid":{"rendered":"https:\/\/sachgiakho.com\/?page_id=2"},"modified":"2023-02-25T17:13:57","modified_gmt":"2023-02-25T10:13:57","slug":"sample-page","status":"publish","type":"page","link":"https:\/\/sachgiakho.com\/index.php\/sample-page\/","title":{"rendered":"Gi\u1edbi Thi\u1ec7u"},"content":{"rendered":"\n<p>S\u00e1ch Gi\u00e1 Kho cung c\u1ea5p cho \u0111\u1ed9c gi\u1ea3 nh\u1eefng cu\u1ed1n s\u00e1ch ch\u1ea5t l\u01b0\u1ee3ng v\u1edbi gi\u00e1 c\u1ea3 ph\u1ea3i ch\u0103ng nh\u1ea5t.<br>Ch\u00ednh s\u00e1ch \u0111\u1ed5i tr\u1ea3 v\u00e0 ho\u00e0n h\u00e0ng linh ho\u1ea1t.<br>H\u1ed7 tr\u1ee3 chi ph\u00ed v\u1eadn chuy\u1ec3n v\u1edbi gi\u00e1 r\u1ebb.<br><\/p>\n","protected":false},"excerpt":{"rendered":"<p>S\u00e1ch Gi\u00e1 Kho cung c\u1ea5p cho \u0111\u1ed9c gi\u1ea3 nh\u1eefng cu\u1ed1n s\u00e1ch ch\u1ea5t l\u01b0\u1ee3ng v\u1edbi gi\u00e1 c\u1ea3 ph\u1ea3i ch\u0103ng nh\u1ea5t.Ch\u00ednh s\u00e1ch \u0111\u1ed5i tr\u1ea3 v\u00e0 ho\u00e0n h\u00e0ng linh ho\u1ea1t.H\u1ed7 tr\u1ee3 chi ph\u00ed v\u1eadn chuy\u1ec3n v\u1edbi gi\u00e1 r\u1ebb.<\/p>\n","protected":false},"author":1,"featured_media":0,"parent":0,"menu_order":0,"comment_status":"closed","ping_status":"closed","template":"","meta":{"footnotes":""},"class_list":["post-2","page","type-page","status-publish","hentry"],"_links":{"self":[{"href":"https:\/\/sachgiakho.com\/index.php\/wp-json\/wp\/v2\/pages\/2","targetHints":{"allow":["GET"]}}],"collection":[{"href":"https:\/\/sachgiakho.com\/index.php\/wp-json\/wp\/v2\/pages"}],"about":[{"href":"https:\/\/sachgiakho.com\/index.php\/wp-json\/wp\/v2\/types\/page"}],"author":[{"embeddable":true,"href":"https:\/\/sachgiakho.com\/index.php\/wp-json\/wp\/v2\/users\/1"}],"replies":[{"embeddable":true,"href":"https:\/\/sachgiakho.com\/index.php\/wp-json\/wp\/v2\/comments?post=2"}],"version-history":[{"count":4,"href":"https:\/\/sachgiakho.com\/index.php\/wp-json\/wp\/v2\/pages\/2\/revisions"}],"predecessor-version":[{"id":87,"href":"https:\/\/sachgiakho.com\/index.php\/wp-json\/wp\/v2\/pages\/2\/revisions\/87"}],"wp:attachment":[{"href":"https:\/\/sachgiakho.com\/index.php\/wp-json\/wp\/v2\/media?parent=2"}],"curies":[{"name":"wp","href":"https:\/\/api.w.org\/{rel}","templated":true}]}}